{"id":8528,"date":"2024-10-24T01:41:27","date_gmt":"2024-10-23T23:41:27","guid":{"rendered":"http:\/\/billigtrikots.com\/?post_type=product&#038;p=8528"},"modified":"2024-10-24T01:43:41","modified_gmt":"2024-10-23T23:43:41","slug":"england-auswaertstrikots-fuer-die-fussball-weltmeisterschaft-2022-rot-fussballtrikots-guenstig","status":"publish","type":"product","link":"https:\/\/www.billigtrikotde.com\/es\/england-auswaertstrikots-fuer-die-fussball-weltmeisterschaft-2022-rot-fussballtrikots-guenstig\/","title":{"rendered":"Inglaterra fuera de kits para la Copa Mundial de 2022 camisetas de f\u00fatbol rojo barato"},"content":{"rendered":"<p>Este es el Nike England 2022 World Cup Away Jersey.El Nike England National Football Team 2022 Away Jersey es de color rojo, combinado con azul marino y azul claro logotipos y elementos de dise\u00f1o. Es la primera equipaci\u00f3n visitante de Inglaterra predominantemente roja desde el Mundial 2018, con pantalones cortos y medias rojas que completan la equipaci\u00f3n visitante del Mundial Inglaterra 2022 de Nike.<\/p>\n<p>Consejos para la impresi\u00f3n: Si el nombre y el n\u00famero que aparecen en la imagen son exactamente los que desea, no es necesario que los vuelva a introducir. En caso contrario, deber\u00e1 introducir el nombre y el n\u00famero que desee.<\/p>\n<p>Consejos de lavado: Se recomienda lavar las camisetas de f\u00fatbol a mano. Si desea utilizar la lavadora, recuerde poner las camisetas de f\u00fatbol del rev\u00e9s y luego lavarlas. Llena la lavadora con agua fr\u00eda y utiliza un ciclo delicado para proteger mejor los colores.<\/p>","protected":false},"excerpt":{"rendered":"<p>Este es la camiseta visitante de la Copa del Mundo de 2022 de Nike para Inglaterra. La camiseta visitante del equipo nacional de f\u00fatbol de Inglaterra de 2022 de Nike es roja, combinada con logotipos y elementos de dise\u00f1o en azul marino y azul claro. Es la primera camiseta visitante de Inglaterra principalmente roja desde la Copa del Mundo de 2018. Pantalones rojos y medias completan la camiseta visitante de Inglaterra de la Copa del Mundo 2022 de Nike. Consejos para imprimir: Si el nombre [\u2026]<\/p>","protected":false},"featured_media":8569,"comment_status":"open","ping_status":"closed","template":"","meta":[],"product_brand":[],"product_cat":[115],"product_tag":[20,379,21,22,23,24],"class_list":{"0":"post-8528","1":"product","2":"type-product","3":"status-publish","4":"has-post-thumbnail","6":"product_cat-england-trikots","7":"product_tag-coole-fussballtrikots","8":"product_tag-england-wm-2022-auswaertstrikot","9":"product_tag-fussballtrikot-fuer-herren","10":"product_tag-fussballtrikot-guenstig-kaufen","11":"product_tag-fussballtrikot-kurzarm","12":"product_tag-guenstiges-fussballtrikot","14":"first","15":"instock","16":"shipping-taxable","17":"purchasable","18":"product-type-variable"},"_links":{"self":[{"href":"https:\/\/www.billigtrikotde.com\/es\/wp-json\/wp\/v2\/product\/8528","targetHints":{"allow":["GET"]}}],"collection":[{"href":"https:\/\/www.billigtrikotde.com\/es\/wp-json\/wp\/v2\/product"}],"about":[{"href":"https:\/\/www.billigtrikotde.com\/es\/wp-json\/wp\/v2\/types\/product"}],"replies":[{"embeddable":true,"href":"https:\/\/www.billigtrikotde.com\/es\/wp-json\/wp\/v2\/comments?post=8528"}],"wp:featuredmedia":[{"embeddable":true,"href":"https:\/\/www.billigtrikotde.com\/es\/wp-json\/wp\/v2\/media\/8569"}],"wp:attachment":[{"href":"https:\/\/www.billigtrikotde.com\/es\/wp-json\/wp\/v2\/media?parent=8528"}],"wp:term":[{"taxonomy":"product_brand","embeddable":true,"href":"https:\/\/www.billigtrikotde.com\/es\/wp-json\/wp\/v2\/product_brand?post=8528"},{"taxonomy":"product_cat","embeddable":true,"href":"https:\/\/www.billigtrikotde.com\/es\/wp-json\/wp\/v2\/product_cat?post=8528"},{"taxonomy":"product_tag","embeddable":true,"href":"https:\/\/www.billigtrikotde.com\/es\/wp-json\/wp\/v2\/product_tag?post=8528"}],"curies":[{"name":"wp","href":"https:\/\/api.w.org\/{rel}","templated":true}]}}