{"id":8516,"date":"2024-10-24T01:40:52","date_gmt":"2024-10-23T23:40:52","guid":{"rendered":"http:\/\/billigtrikots.com\/?post_type=product&#038;p=8516"},"modified":"2024-10-24T01:43:07","modified_gmt":"2024-10-23T23:43:07","slug":"spanien-wm-2022-heimtrikot-teampower-rot-kurzarm-herren-fussball-trikot","status":"publish","type":"product","link":"https:\/\/www.billigtrikotde.com\/es\/spanien-wm-2022-heimtrikot-teampower-rot-kurzarm-herren-fussball-trikot\/","title":{"rendered":"Espa\u00f1a 2022 Copa del Mundo Home Shirt Team Power Rojo Camiseta de F\u00fatbol de Manga Corta Hombre"},"content":{"rendered":"<p>Un pa\u00eds, un equipo, un objetivo com\u00fan: el pr\u00f3ximo t\u00edtulo. Esta intemporal camiseta local rebosa el inconfundible ADN futbol\u00edstico de Espa\u00f1a y se presenta con los t\u00edpicos colores rojos del equipo. El logotipo tejido de la Federaci\u00f3n Espa\u00f1ola de F\u00fatbol y el logotipo de las 3 bandas en el pecho completan el dise\u00f1o. Adem\u00e1s, la tecnolog\u00eda AEROREADY que absorbe la humedad garantiza un ajuste c\u00f3modo cuando los aficionados est\u00e1n animando el mayor acontecimiento futbol\u00edstico del mundo.<br \/>\nAmpl\u00eda tu colecci\u00f3n de Espa\u00f1a con la camiseta local que lucieron los jugadores en el Mundial. Te recomendamos este modelo transpirable, s\u00faper c\u00f3modo y agradable al tacto. Esta camiseta es ideal para preparar a tu pr\u00f3ximo rival. Destaca visualmente con el logotipo de la asociaci\u00f3n en el pecho.<\/p>\n<p>Consejos para la impresi\u00f3n: Si el nombre y el n\u00famero que aparecen en la imagen son exactamente los que desea, no es necesario que los vuelva a introducir. En caso contrario, deber\u00e1 introducir el nombre y el n\u00famero que desee.<\/p>\n<p>Consejos de lavado: Se recomienda lavar las camisetas de f\u00fatbol a mano. Si desea utilizar la lavadora, recuerde poner las camisetas de f\u00fatbol del rev\u00e9s y luego lavarlas. Llena la lavadora con agua fr\u00eda y utiliza un ciclo delicado para proteger mejor los colores.<\/p>","protected":false},"excerpt":{"rendered":"<p>Ein Land, eine Mannschaft, ein gemeinsames Ziel: der n\u00e4chste Titel. Dieses zeitlose Heimtrikot strotzt nur so vor Spaniens unverwechselbarer Fu\u00dfball-DNA und kommt in den typischen roten Teamfarben. Das gewebte Logo des spanischen Fu\u00dfballverbands und das 3-Streifen Logo auf der Brust machen das Design perfekt. Au\u00dferdem sorgt die feuchtigkeitsabsorbierende AEROREADY Technologie f\u00fcr ein angenehmes Tragegef\u00fchl, wenn [&hellip;]<\/p>","protected":false},"featured_media":8557,"comment_status":"open","ping_status":"closed","template":"","meta":[],"product_brand":[],"product_cat":[131],"product_tag":[20,21,22,23,24,385,386],"class_list":{"0":"post-8516","1":"product","2":"type-product","3":"status-publish","4":"has-post-thumbnail","6":"product_cat-spanien-trikots","7":"product_tag-coole-fussballtrikots","8":"product_tag-fussballtrikot-fuer-herren","9":"product_tag-fussballtrikot-guenstig-kaufen","10":"product_tag-fussballtrikot-kurzarm","11":"product_tag-guenstiges-fussballtrikot","12":"product_tag-herren-spanien-trikot","13":"product_tag-spanien-wm-2022-heimtrikot","15":"first","16":"instock","17":"shipping-taxable","18":"purchasable","19":"product-type-variable"},"_links":{"self":[{"href":"https:\/\/www.billigtrikotde.com\/es\/wp-json\/wp\/v2\/product\/8516","targetHints":{"allow":["GET"]}}],"collection":[{"href":"https:\/\/www.billigtrikotde.com\/es\/wp-json\/wp\/v2\/product"}],"about":[{"href":"https:\/\/www.billigtrikotde.com\/es\/wp-json\/wp\/v2\/types\/product"}],"replies":[{"embeddable":true,"href":"https:\/\/www.billigtrikotde.com\/es\/wp-json\/wp\/v2\/comments?post=8516"}],"wp:featuredmedia":[{"embeddable":true,"href":"https:\/\/www.billigtrikotde.com\/es\/wp-json\/wp\/v2\/media\/8557"}],"wp:attachment":[{"href":"https:\/\/www.billigtrikotde.com\/es\/wp-json\/wp\/v2\/media?parent=8516"}],"wp:term":[{"taxonomy":"product_brand","embeddable":true,"href":"https:\/\/www.billigtrikotde.com\/es\/wp-json\/wp\/v2\/product_brand?post=8516"},{"taxonomy":"product_cat","embeddable":true,"href":"https:\/\/www.billigtrikotde.com\/es\/wp-json\/wp\/v2\/product_cat?post=8516"},{"taxonomy":"product_tag","embeddable":true,"href":"https:\/\/www.billigtrikotde.com\/es\/wp-json\/wp\/v2\/product_tag?post=8516"}],"curies":[{"name":"wp","href":"https:\/\/api.w.org\/{rel}","templated":true}]}}