{"id":8504,"date":"2024-10-24T01:40:17","date_gmt":"2024-10-23T23:40:17","guid":{"rendered":"http:\/\/billigtrikots.com\/?post_type=product&#038;p=8504"},"modified":"2024-10-24T01:42:30","modified_gmt":"2024-10-23T23:42:30","slug":"herren-kroatien-2022-world-cup-heimtrikot-rot-weiss-blaue-fussballtrikots","status":"publish","type":"product","link":"https:\/\/www.billigtrikotde.com\/es\/herren-kroatien-2022-world-cup-heimtrikot-rot-weiss-blaue-fussballtrikots\/","title":{"rendered":"Hombres Croacia 2022 Copa del Mundo Home Shirt rojo blanco azul camisetas de f\u00fatbol"},"content":{"rendered":"<p>Tiene cuadrados rojos desde la parte superior derecha hasta el centro, pero ninguno en la parte inferior, lo que crea la ilusi\u00f3n de una bandera ondeante. El swoosh y el logotipo de Croacia no est\u00e1n en el centro, sino a la derecha\/izquierda.MTN tambi\u00e9n ha a\u00f1adido algunos detalles rojos, blancos y azules en el cuello y los pu\u00f1os, que tambi\u00e9n se inspiran en la camiseta de 1998.<\/p>\n<p>Consejos para la impresi\u00f3n: Si el nombre y el n\u00famero que aparecen en la imagen son exactamente los que desea, no es necesario que los vuelva a introducir. En caso contrario, deber\u00e1 introducir el nombre y el n\u00famero que desee.<\/p>\n<p>Consejos de lavado: Se recomienda lavar las camisetas de f\u00fatbol a mano. Si desea utilizar la lavadora, recuerde poner las camisetas de f\u00fatbol del rev\u00e9s y luego lavarlas. Llena la lavadora con agua fr\u00eda y utiliza un ciclo delicado para proteger mejor los colores.<\/p>","protected":false},"excerpt":{"rendered":"<p>Tiene cuadrados rojos desde la parte superior derecha hasta el centro, pero ninguno en la parte inferior, lo que crea la ilusi\u00f3n de una bandera ondeante. El swoosh y el logotipo de Croacia no est\u00e1n en el centro, sino a la derecha\/izquierda.MTN tambi\u00e9n ha a\u00f1adido algunos detalles rojos, blancos y azules en el cuello y los pu\u00f1os, que tambi\u00e9n se inspiran en la camiseta de 1998.<\/p>","protected":false},"featured_media":8545,"comment_status":"open","ping_status":"closed","template":"","meta":[],"product_brand":[],"product_cat":[261],"product_tag":[20,35,21,22,23,24,381,263,264],"class_list":{"0":"post-8504","1":"product","2":"type-product","3":"status-publish","4":"has-post-thumbnail","6":"product_cat-kroatien-trikots","7":"product_tag-coole-fussballtrikots","8":"product_tag-fussball-torwarttrikots","9":"product_tag-fussballtrikot-fuer-herren","10":"product_tag-fussballtrikot-guenstig-kaufen","11":"product_tag-fussballtrikot-kurzarm","12":"product_tag-guenstiges-fussballtrikot","13":"product_tag-kroatien-2022-world-cup-heimtrikot","14":"product_tag-kroatien-trikot-herren","15":"product_tag-kroatien-trikots","17":"first","18":"instock","19":"shipping-taxable","20":"purchasable","21":"product-type-variable"},"_links":{"self":[{"href":"https:\/\/www.billigtrikotde.com\/es\/wp-json\/wp\/v2\/product\/8504","targetHints":{"allow":["GET"]}}],"collection":[{"href":"https:\/\/www.billigtrikotde.com\/es\/wp-json\/wp\/v2\/product"}],"about":[{"href":"https:\/\/www.billigtrikotde.com\/es\/wp-json\/wp\/v2\/types\/product"}],"replies":[{"embeddable":true,"href":"https:\/\/www.billigtrikotde.com\/es\/wp-json\/wp\/v2\/comments?post=8504"}],"wp:featuredmedia":[{"embeddable":true,"href":"https:\/\/www.billigtrikotde.com\/es\/wp-json\/wp\/v2\/media\/8545"}],"wp:attachment":[{"href":"https:\/\/www.billigtrikotde.com\/es\/wp-json\/wp\/v2\/media?parent=8504"}],"wp:term":[{"taxonomy":"product_brand","embeddable":true,"href":"https:\/\/www.billigtrikotde.com\/es\/wp-json\/wp\/v2\/product_brand?post=8504"},{"taxonomy":"product_cat","embeddable":true,"href":"https:\/\/www.billigtrikotde.com\/es\/wp-json\/wp\/v2\/product_cat?post=8504"},{"taxonomy":"product_tag","embeddable":true,"href":"https:\/\/www.billigtrikotde.com\/es\/wp-json\/wp\/v2\/product_tag?post=8504"}],"curies":[{"name":"wp","href":"https:\/\/api.w.org\/{rel}","templated":true}]}}