{"id":8469,"date":"2024-10-24T01:38:36","date_gmt":"2024-10-23T23:38:36","guid":{"rendered":"http:\/\/billigtrikots.com\/?post_type=product&#038;p=8469"},"modified":"2024-10-24T01:40:44","modified_gmt":"2024-10-23T23:40:44","slug":"herren-fussballtrikot-der-saison-2022-23-chelsea-fc-ausweichtrikot-orange","status":"publish","type":"product","link":"https:\/\/www.billigtrikotde.com\/es\/herren-fussballtrikot-der-saison-2022-23-chelsea-fc-ausweichtrikot-orange\/","title":{"rendered":"Camiseta de f\u00fatbol de la temporada 2022\/23 Chelsea FC Camiseta visitante naranja"},"content":{"rendered":"<p>La tercera camiseta del Chelsea 2022-2023 combina una base en \u00abS\u00e9samo\u00bb (dorado) con negro y naranja. Es un dise\u00f1o muy sencillo sin gr\u00e1ficos o patrones llamativos. Los \u00fanicos detalles aparecen en forma del panel trasero del cuello y los pu\u00f1os de las mangas, que son negros con naranja. Pantalones dorados y calcetines blancos con una franja transversal negra-naranja-negra completan el Nike Chelsea 22-23 [...]<\/p>\n<p>Consejos para la impresi\u00f3n: Si el nombre y el n\u00famero que aparecen en la imagen son exactamente los que desea, no es necesario que los vuelva a introducir. En caso contrario, deber\u00e1 introducir el nombre y el n\u00famero que desee.<\/p>\n<p>Consejos de lavado: Se recomienda lavar las camisetas de f\u00fatbol a mano. Si desea utilizar la lavadora, recuerde poner las camisetas de f\u00fatbol del rev\u00e9s y luego lavarlas. Llena la lavadora con agua fr\u00eda y utiliza un ciclo delicado para proteger mejor los colores.<\/p>","protected":false},"excerpt":{"rendered":"<p>La tercera camiseta del Chelsea 2022-2023 combina una base en \u00abS\u00e9samo\u00bb (dorado) con negro y naranja. Es un dise\u00f1o muy sencillo sin gr\u00e1ficos o patrones llamativos. Los \u00fanicos detalles aparecen en forma del panel trasero del cuello y los pu\u00f1os de las mangas, que son negros con naranja. Pantalones dorados y calcetines blancos con una franja transversal negra-naranja-negra completan el Nike Chelsea 22-23 [...]<\/p>","protected":false},"featured_media":8509,"comment_status":"open","ping_status":"closed","template":"","meta":[],"product_brand":[],"product_cat":[72],"product_tag":[20,375,308,309,310,73,21,24],"class_list":{"0":"post-8469","1":"product","2":"type-product","3":"status-publish","4":"has-post-thumbnail","6":"product_cat-chelsea","7":"product_tag-coole-fussballtrikots","8":"product_tag-chelsea-2022-2023-third-jersey","9":"product_tag-chelsea-fc-22-23-trikot-deutschland","10":"product_tag-chelsea-fc-22-23-trikot-guenstig","11":"product_tag-chelsea-fc-22-23-trikot-kaufen","12":"product_tag-chelsea-trikots","13":"product_tag-fussballtrikot-fuer-herren","14":"product_tag-guenstiges-fussballtrikot","16":"first","17":"instock","18":"shipping-taxable","19":"purchasable","20":"product-type-variable"},"_links":{"self":[{"href":"https:\/\/www.billigtrikotde.com\/es\/wp-json\/wp\/v2\/product\/8469","targetHints":{"allow":["GET"]}}],"collection":[{"href":"https:\/\/www.billigtrikotde.com\/es\/wp-json\/wp\/v2\/product"}],"about":[{"href":"https:\/\/www.billigtrikotde.com\/es\/wp-json\/wp\/v2\/types\/product"}],"replies":[{"embeddable":true,"href":"https:\/\/www.billigtrikotde.com\/es\/wp-json\/wp\/v2\/comments?post=8469"}],"wp:featuredmedia":[{"embeddable":true,"href":"https:\/\/www.billigtrikotde.com\/es\/wp-json\/wp\/v2\/media\/8509"}],"wp:attachment":[{"href":"https:\/\/www.billigtrikotde.com\/es\/wp-json\/wp\/v2\/media?parent=8469"}],"wp:term":[{"taxonomy":"product_brand","embeddable":true,"href":"https:\/\/www.billigtrikotde.com\/es\/wp-json\/wp\/v2\/product_brand?post=8469"},{"taxonomy":"product_cat","embeddable":true,"href":"https:\/\/www.billigtrikotde.com\/es\/wp-json\/wp\/v2\/product_cat?post=8469"},{"taxonomy":"product_tag","embeddable":true,"href":"https:\/\/www.billigtrikotde.com\/es\/wp-json\/wp\/v2\/product_tag?post=8469"}],"curies":[{"name":"wp","href":"https:\/\/api.w.org\/{rel}","templated":true}]}}