{"id":8447,"date":"2024-10-24T01:37:26","date_gmt":"2024-10-23T23:37:26","guid":{"rendered":"http:\/\/billigtrikots.com\/?post_type=product&#038;p=8447"},"modified":"2024-11-18T15:39:36","modified_gmt":"2024-11-18T14:39:36","slug":"fussballtrikots-guenstig-ajax-bob-marley-trikot-2022-23-fuer-herren","status":"publish","type":"product","link":"https:\/\/www.billigtrikotde.com\/es\/fussballtrikots-guenstig-ajax-bob-marley-trikot-2022-23-fuer-herren\/","title":{"rendered":"Camisetas F\u00fatbol Ajax Baratas BOB Marley Camisa 2022-23 Para Hombre"},"content":{"rendered":"<p>Descubre la camiseta visitante del Ajax de \u00c1msterdam para la temporada 2022\/2023. Luce con orgullo los colores de tu equipo favorito en el campo o fuera de \u00e9l.<\/p>\n<p>Un maillot flexible y ligero con tecnolog\u00eda Adidas Aeroready, una prenda que evita que el sudor penetre en tu juego o entrenamiento. Mantente seco despu\u00e9s de tus aceleraciones.<\/p>\n<p>Imag\u00ednese al p\u00fablico del Amsterdam Arena anim\u00e1ndole tras un gran gol.<\/p>\n<p>Consejos para la impresi\u00f3n: Si el nombre y el n\u00famero que aparecen en la imagen son exactamente los que desea, no es necesario que los vuelva a introducir. En caso contrario, deber\u00e1 introducir el nombre y el n\u00famero que desee.<\/p>\n<p>Consejos de lavado: Se recomienda lavar las camisetas de f\u00fatbol a mano. Si desea utilizar la lavadora, recuerde poner las camisetas de f\u00fatbol del rev\u00e9s y luego lavarlas. Llena la lavadora con agua fr\u00eda y utiliza un ciclo delicado para proteger mejor los colores.<\/p>","protected":false},"excerpt":{"rendered":"<p>Entdecke das Ajax-Amsterdam-Ausweichtrikot f\u00fcr die Saison 2022\/2023. Tragen Sie stolz die Farben Ihres Lieblingsteams auf dem Platz oder drau\u00dfen. Ein flexibles und leichtes Trikot mit Adidas Aeroready-Technologie, ein Kleidungsst\u00fcck, das verhindert, dass Schwei\u00df in Ihr Spiel oder Training eindringt. Bleiben Sie nach Ihren Beschleunigungen trocken. Stellen Sie sich vor, das Publikum in der Amsterdam Arena [&hellip;]<\/p>","protected":false},"featured_media":8488,"comment_status":"open","ping_status":"closed","template":"","meta":[],"product_brand":[],"product_cat":[299],"product_tag":[1372,371,372,301,20,21,22,23,24],"class_list":{"0":"post-8447","1":"product","2":"type-product","3":"status-publish","4":"has-post-thumbnail","6":"product_cat-afc-ajax","7":"product_tag-ajax-amsterdam-trikot","8":"product_tag-ajax-ausweichtrikot","9":"product_tag-ajax-ausweichtrikot-2022-23","10":"product_tag-ajax-trikots","11":"product_tag-coole-fussballtrikots","12":"product_tag-fussballtrikot-fuer-herren","13":"product_tag-fussballtrikot-guenstig-kaufen","14":"product_tag-fussballtrikot-kurzarm","15":"product_tag-guenstiges-fussballtrikot","17":"first","18":"instock","19":"shipping-taxable","20":"purchasable","21":"product-type-variable"},"_links":{"self":[{"href":"https:\/\/www.billigtrikotde.com\/es\/wp-json\/wp\/v2\/product\/8447","targetHints":{"allow":["GET"]}}],"collection":[{"href":"https:\/\/www.billigtrikotde.com\/es\/wp-json\/wp\/v2\/product"}],"about":[{"href":"https:\/\/www.billigtrikotde.com\/es\/wp-json\/wp\/v2\/types\/product"}],"replies":[{"embeddable":true,"href":"https:\/\/www.billigtrikotde.com\/es\/wp-json\/wp\/v2\/comments?post=8447"}],"wp:featuredmedia":[{"embeddable":true,"href":"https:\/\/www.billigtrikotde.com\/es\/wp-json\/wp\/v2\/media\/8488"}],"wp:attachment":[{"href":"https:\/\/www.billigtrikotde.com\/es\/wp-json\/wp\/v2\/media?parent=8447"}],"wp:term":[{"taxonomy":"product_brand","embeddable":true,"href":"https:\/\/www.billigtrikotde.com\/es\/wp-json\/wp\/v2\/product_brand?post=8447"},{"taxonomy":"product_cat","embeddable":true,"href":"https:\/\/www.billigtrikotde.com\/es\/wp-json\/wp\/v2\/product_cat?post=8447"},{"taxonomy":"product_tag","embeddable":true,"href":"https:\/\/www.billigtrikotde.com\/es\/wp-json\/wp\/v2\/product_tag?post=8447"}],"curies":[{"name":"wp","href":"https:\/\/api.w.org\/{rel}","templated":true}]}}