{"id":8415,"date":"2024-10-24T01:35:43","date_gmt":"2024-10-23T23:35:43","guid":{"rendered":"http:\/\/billigtrikots.com\/?post_type=product&#038;p=8415"},"modified":"2024-10-24T01:37:56","modified_gmt":"2024-10-23T23:37:56","slug":"kaufe-neue-fussballtrikots-fc-liverpool-2022-23-auswaertstrikot-kurzarm-kurze-hosen-gerrard-8","status":"publish","type":"product","link":"https:\/\/www.billigtrikotde.com\/es\/kaufe-neue-fussballtrikots-fc-liverpool-2022-23-auswaertstrikot-kurzarm-kurze-hosen-gerrard-8\/","title":{"rendered":"Comprar Nuevo Liverpool FC 2022-23 Away Shirt Short Sleeve + Shorts GERRARD 8"},"content":{"rendered":"<p>La camiseta de visitante del Nike Liverpool 2022-23 es mayormente blanca, combinada con negro para logotipos y aplicaciones.<\/p>\n<p>Lo que hace que destaque la camiseta de visitante del Liverpool 22-23 es un dise\u00f1o de m\u00e1rmol en remolino en azul claro y violeta claro.<\/p>\n<p>Consejos para la impresi\u00f3n: Si el nombre y el n\u00famero que aparecen en la imagen son exactamente los que desea, no es necesario que los vuelva a introducir. En caso contrario, deber\u00e1 introducir el nombre y el n\u00famero que desee.<\/p>\n<p>Consejos de lavado: Se recomienda lavar las camisetas de f\u00fatbol a mano. Si desea utilizar la lavadora, recuerde poner las camisetas de f\u00fatbol del rev\u00e9s y luego lavarlas. Llena la lavadora con agua fr\u00eda y utiliza un ciclo delicado para proteger mejor los colores.<\/p>","protected":false},"excerpt":{"rendered":"<p>La camiseta visitante Nike de Liverpool 2022-23 es mayormente blanca, combinada con negro para logotipos y apliques. Lo que hace que la camiseta visitante Liverpool 22-23 destaque es un dise\u00f1o marm\u00f3reo en azul claro y lavanda claro. Consejos de impresi\u00f3n: si el nombre y el n\u00famero en la imagen se ajustan exactamente a sus deseos, no es necesario volver a introducirlos. Si no, deber\u00edan [\u2026]<\/p>","protected":false},"featured_media":8454,"comment_status":"open","ping_status":"closed","template":"","meta":[],"product_brand":[],"product_cat":[176],"product_tag":[20,21,22,23,24,156,153,370],"class_list":{"0":"post-8415","1":"product","2":"type-product","3":"status-publish","4":"has-post-thumbnail","6":"product_cat-liverpool-fc","7":"product_tag-coole-fussballtrikots","8":"product_tag-fussballtrikot-fuer-herren","9":"product_tag-fussballtrikot-guenstig-kaufen","10":"product_tag-fussballtrikot-kurzarm","11":"product_tag-guenstiges-fussballtrikot","12":"product_tag-liverpool-auswaertstrikot","13":"product_tag-liverpool-trikots","14":"product_tag-liverpool-trikots-22-23","16":"first","17":"instock","18":"shipping-taxable","19":"purchasable","20":"product-type-variable"},"_links":{"self":[{"href":"https:\/\/www.billigtrikotde.com\/es\/wp-json\/wp\/v2\/product\/8415","targetHints":{"allow":["GET"]}}],"collection":[{"href":"https:\/\/www.billigtrikotde.com\/es\/wp-json\/wp\/v2\/product"}],"about":[{"href":"https:\/\/www.billigtrikotde.com\/es\/wp-json\/wp\/v2\/types\/product"}],"replies":[{"embeddable":true,"href":"https:\/\/www.billigtrikotde.com\/es\/wp-json\/wp\/v2\/comments?post=8415"}],"wp:featuredmedia":[{"embeddable":true,"href":"https:\/\/www.billigtrikotde.com\/es\/wp-json\/wp\/v2\/media\/8454"}],"wp:attachment":[{"href":"https:\/\/www.billigtrikotde.com\/es\/wp-json\/wp\/v2\/media?parent=8415"}],"wp:term":[{"taxonomy":"product_brand","embeddable":true,"href":"https:\/\/www.billigtrikotde.com\/es\/wp-json\/wp\/v2\/product_brand?post=8415"},{"taxonomy":"product_cat","embeddable":true,"href":"https:\/\/www.billigtrikotde.com\/es\/wp-json\/wp\/v2\/product_cat?post=8415"},{"taxonomy":"product_tag","embeddable":true,"href":"https:\/\/www.billigtrikotde.com\/es\/wp-json\/wp\/v2\/product_tag?post=8415"}],"curies":[{"name":"wp","href":"https:\/\/api.w.org\/{rel}","templated":true}]}}