{"id":8377,"date":"2024-10-24T01:33:56","date_gmt":"2024-10-23T23:33:56","guid":{"rendered":"http:\/\/billigtrikots.com\/?post_type=product&#038;p=8377"},"modified":"2024-10-24T01:36:08","modified_gmt":"2024-10-23T23:36:08","slug":"herren-fussballtrikots-kanada-wm-2022-world-cup-trikots-rot-auswaertstrikot-kurzarm","status":"publish","type":"product","link":"https:\/\/www.billigtrikotde.com\/es\/herren-fussballtrikots-kanada-wm-2022-world-cup-trikots-rot-auswaertstrikot-kurzarm\/","title":{"rendered":"Herren Camisetas de f\u00fatbol Canad\u00e1 Copa Mundial 2022 Camisetas roja Camiseta visitante manga corta"},"content":{"rendered":"<p>Basado en la misma plantilla, la camiseta visitante blanca de Canad\u00e1 2022 del Mundial es blanca con un swoosh negro.<br \/>\nConsejos para la impresi\u00f3n: Si el nombre y el n\u00famero que aparecen en la imagen son exactamente los que desea, no es necesario que los vuelva a introducir. En caso contrario, deber\u00e1 introducir el nombre y el n\u00famero que desee.<\/p>\n<p>Consejos de lavado: Se recomienda lavar las camisetas de f\u00fatbol a mano. Si desea utilizar la lavadora, recuerde poner las camisetas de f\u00fatbol del rev\u00e9s y luego lavarlas. Llena la lavadora con agua fr\u00eda y utiliza un ciclo delicado para proteger mejor los colores.<\/p>","protected":false},"excerpt":{"rendered":"<p>Basado en la misma plantilla, la camiseta de visitante blanca del Mundial 2022 de Canad\u00e1 con un Swoosh negro. Consejos para imprimir: si el nombre y el n\u00famero en la imagen coinciden exactamente con tus deseos, no es necesario que los vuelvas a ingresar. Si no, debes ingresar el nombre y el n\u00famero que deseas. Consejos para lavar: se recomienda [\u2026]<\/p>","protected":false},"featured_media":8417,"comment_status":"open","ping_status":"closed","template":"","meta":[],"product_brand":[],"product_cat":[111],"product_tag":[20,366,21,22,23,24,367,368],"class_list":{"0":"post-8377","1":"product","2":"type-product","3":"status-publish","4":"has-post-thumbnail","6":"product_cat-nationaltrikot","7":"product_tag-coole-fussballtrikots","8":"product_tag-canada-jersey-2022","9":"product_tag-fussballtrikot-fuer-herren","10":"product_tag-fussballtrikot-guenstig-kaufen","11":"product_tag-fussballtrikot-kurzarm","12":"product_tag-guenstiges-fussballtrikot","13":"product_tag-kanada-wm-2022-world-cup-trikots","14":"product_tag-top-best-football-jersey","16":"first","17":"instock","18":"shipping-taxable","19":"purchasable","20":"product-type-variable"},"_links":{"self":[{"href":"https:\/\/www.billigtrikotde.com\/es\/wp-json\/wp\/v2\/product\/8377","targetHints":{"allow":["GET"]}}],"collection":[{"href":"https:\/\/www.billigtrikotde.com\/es\/wp-json\/wp\/v2\/product"}],"about":[{"href":"https:\/\/www.billigtrikotde.com\/es\/wp-json\/wp\/v2\/types\/product"}],"replies":[{"embeddable":true,"href":"https:\/\/www.billigtrikotde.com\/es\/wp-json\/wp\/v2\/comments?post=8377"}],"wp:featuredmedia":[{"embeddable":true,"href":"https:\/\/www.billigtrikotde.com\/es\/wp-json\/wp\/v2\/media\/8417"}],"wp:attachment":[{"href":"https:\/\/www.billigtrikotde.com\/es\/wp-json\/wp\/v2\/media?parent=8377"}],"wp:term":[{"taxonomy":"product_brand","embeddable":true,"href":"https:\/\/www.billigtrikotde.com\/es\/wp-json\/wp\/v2\/product_brand?post=8377"},{"taxonomy":"product_cat","embeddable":true,"href":"https:\/\/www.billigtrikotde.com\/es\/wp-json\/wp\/v2\/product_cat?post=8377"},{"taxonomy":"product_tag","embeddable":true,"href":"https:\/\/www.billigtrikotde.com\/es\/wp-json\/wp\/v2\/product_tag?post=8377"}],"curies":[{"name":"wp","href":"https:\/\/api.w.org\/{rel}","templated":true}]}}