{"id":8373,"date":"2024-10-24T01:33:53","date_gmt":"2024-10-23T23:33:53","guid":{"rendered":"http:\/\/billigtrikots.com\/?post_type=product&#038;p=8373"},"modified":"2024-10-24T01:36:07","modified_gmt":"2024-10-23T23:36:07","slug":"manchester-united-22-23-drittes-trikot-gruen-fussballtrikot-fuer-herren","status":"publish","type":"product","link":"https:\/\/www.billigtrikotde.com\/es\/manchester-united-22-23-drittes-trikot-gruen-fussballtrikot-fuer-herren\/","title":{"rendered":"Manchester United 22-23 Tercera Camisa verde Camiseta de f\u00fatbol para hombre"},"content":{"rendered":"<p>La tercera camiseta de f\u00fatbol Adidas Manchester United 22-23 combina un color base morado brillante con llamativos apliques y logotipos amarillos. Es una combinaci\u00f3n de colores muy moderna - \"Semi Solar Slime\" &amp; \"Legend Ink\" En cuanto al dise\u00f1o, la tercera camiseta Adidas Manchester United 2022-23 es moderna. Tiene un estampado en zigzag en el cuello. Hay un estampado tonal en la parte delantera y en las mangas de la tercera camiseta del Man United 22-23.<br \/>\nEl Manchester United nunca ha llevado una camiseta amarilla de jugador. Sin embargo, Adidas lo ha utilizado en los \u00faltimos a\u00f1os para las camisetas de los porteros del club. El Man Utd utiliz\u00f3 el amarillo como color alternativo (tercero) en la d\u00e9cada de 1970.<\/p>\n<p>Consejos para la impresi\u00f3n: Si el nombre y el n\u00famero que aparecen en la imagen son exactamente los que desea, no es necesario que los vuelva a introducir. En caso contrario, deber\u00e1 introducir el nombre y el n\u00famero que desee.<\/p>\n<p>Consejos de lavado: Se recomienda lavar las camisetas de f\u00fatbol a mano. Si desea utilizar la lavadora, recuerde poner las camisetas de f\u00fatbol del rev\u00e9s y luego lavarlas. Llena la lavadora con agua fr\u00eda y utiliza un ciclo delicado para proteger mejor los colores.<\/p>","protected":false},"excerpt":{"rendered":"<p>Das dritte Fu\u00dfballtrikot von Adidas Manchester United 22-23 kombiniert eine hochviolette gelbe Grundfarbe mit auff\u00e4lligen gelben Applikationen und Logos. Es ist eine sehr moderne Farbkombination &#8211; &#8222;Semi Solar Slime&#8220; &amp; &#8222;Legend Ink&#8220;.Was das Design angeht, ist das dritte Trikot von Adidas Manchester United 2022-23 modern. Es hat ein Zickzack-Muster am Kragen. Auf der Vorderseite und [&hellip;]<\/p>","protected":false},"featured_media":8407,"comment_status":"open","ping_status":"closed","template":"","meta":[],"product_brand":[],"product_cat":[50],"product_tag":[20,21,22,23,24,365,217,223,52],"class_list":{"0":"post-8373","1":"product","2":"type-product","3":"status-publish","4":"has-post-thumbnail","6":"product_cat-manchester-united","7":"product_tag-coole-fussballtrikots","8":"product_tag-fussballtrikot-fuer-herren","9":"product_tag-fussballtrikot-guenstig-kaufen","10":"product_tag-fussballtrikot-kurzarm","11":"product_tag-guenstiges-fussballtrikot","12":"product_tag-manchester-united-22-23-drittes-trikot","13":"product_tag-manchester-united-trikot-bestellen","14":"product_tag-manchester-united-trikot-shop","15":"product_tag-manchester-united-trikots","17":"first","18":"instock","19":"shipping-taxable","20":"purchasable","21":"product-type-variable"},"_links":{"self":[{"href":"https:\/\/www.billigtrikotde.com\/es\/wp-json\/wp\/v2\/product\/8373","targetHints":{"allow":["GET"]}}],"collection":[{"href":"https:\/\/www.billigtrikotde.com\/es\/wp-json\/wp\/v2\/product"}],"about":[{"href":"https:\/\/www.billigtrikotde.com\/es\/wp-json\/wp\/v2\/types\/product"}],"replies":[{"embeddable":true,"href":"https:\/\/www.billigtrikotde.com\/es\/wp-json\/wp\/v2\/comments?post=8373"}],"wp:featuredmedia":[{"embeddable":true,"href":"https:\/\/www.billigtrikotde.com\/es\/wp-json\/wp\/v2\/media\/8407"}],"wp:attachment":[{"href":"https:\/\/www.billigtrikotde.com\/es\/wp-json\/wp\/v2\/media?parent=8373"}],"wp:term":[{"taxonomy":"product_brand","embeddable":true,"href":"https:\/\/www.billigtrikotde.com\/es\/wp-json\/wp\/v2\/product_brand?post=8373"},{"taxonomy":"product_cat","embeddable":true,"href":"https:\/\/www.billigtrikotde.com\/es\/wp-json\/wp\/v2\/product_cat?post=8373"},{"taxonomy":"product_tag","embeddable":true,"href":"https:\/\/www.billigtrikotde.com\/es\/wp-json\/wp\/v2\/product_tag?post=8373"}],"curies":[{"name":"wp","href":"https:\/\/api.w.org\/{rel}","templated":true}]}}