{"id":8363,"date":"2024-10-24T01:33:20","date_gmt":"2024-10-23T23:33:20","guid":{"rendered":"http:\/\/billigtrikots.com\/?post_type=product&#038;p=8363"},"modified":"2024-10-24T01:35:32","modified_gmt":"2024-10-23T23:35:32","slug":"neuen-fussballtrikots-england-2022-world-cup-weiss-blau-herren-heimtrikot","status":"publish","type":"product","link":"https:\/\/www.billigtrikotde.com\/es\/neuen-fussballtrikots-england-2022-world-cup-weiss-blau-herren-heimtrikot\/","title":{"rendered":"Nuevas camisetas de f\u00fatbol Inglaterra 2022 Copa Mundial blanca azul Camiseta de casa para caballero"},"content":{"rendered":"<p>La Inglaterra 2022 Copa del Mundo Nike Home Stadium, que tiene una base blanca limpia, dibuja gran parte de su venta desde el gradiente de color en las mangas ragl\u00e1n en su lugar. Empezando por detr\u00e1s de los hombros, la base blanca inicia una transici\u00f3n gradual y difuminada hacia el azul, comenzando con un tono claro antes de descender a un tono muy intenso alrededor del escote redondo. Los tonos azul claro y azul oscuro se aplican en un claro dise\u00f1o de mitad y mitad en los pu\u00f1os, que recuerda a los colores de la equipaci\u00f3n visitante croata de ese a\u00f1o. Hist\u00f3ricamente, el azul oscuro utilizado evoca de alg\u00fan modo el ambiente de las equipaciones de los a\u00f1os 90.<\/p>","protected":false},"excerpt":{"rendered":"<p>La camiseta de casa de Nike para la Copa del Mundo 2022 de Inglaterra, que tiene una base blanca limpia, obtiene gran parte de sus ventas de los degradados de color en las mangas ragl\u00e1n. Comenzando detr\u00e1s de los hombros, la base blanca comienza una transici\u00f3n gradual y desvanecida hacia el azul, comenzando con un tono claro antes de convertirse en un tono muy profundo en el [\u2026]<\/p>","protected":false},"featured_media":8404,"comment_status":"open","ping_status":"closed","template":"","meta":[],"product_brand":[],"product_cat":[115],"product_tag":[20,363,116,21,22,23,24],"class_list":{"0":"post-8363","1":"product","2":"type-product","3":"status-publish","4":"has-post-thumbnail","6":"product_cat-england-trikots","7":"product_tag-coole-fussballtrikots","8":"product_tag-england-2022-world-cup-trikot","9":"product_tag-england-heimtrikot","10":"product_tag-fussballtrikot-fuer-herren","11":"product_tag-fussballtrikot-guenstig-kaufen","12":"product_tag-fussballtrikot-kurzarm","13":"product_tag-guenstiges-fussballtrikot","15":"first","16":"instock","17":"shipping-taxable","18":"purchasable","19":"product-type-variable"},"_links":{"self":[{"href":"https:\/\/www.billigtrikotde.com\/es\/wp-json\/wp\/v2\/product\/8363","targetHints":{"allow":["GET"]}}],"collection":[{"href":"https:\/\/www.billigtrikotde.com\/es\/wp-json\/wp\/v2\/product"}],"about":[{"href":"https:\/\/www.billigtrikotde.com\/es\/wp-json\/wp\/v2\/types\/product"}],"replies":[{"embeddable":true,"href":"https:\/\/www.billigtrikotde.com\/es\/wp-json\/wp\/v2\/comments?post=8363"}],"wp:featuredmedia":[{"embeddable":true,"href":"https:\/\/www.billigtrikotde.com\/es\/wp-json\/wp\/v2\/media\/8404"}],"wp:attachment":[{"href":"https:\/\/www.billigtrikotde.com\/es\/wp-json\/wp\/v2\/media?parent=8363"}],"wp:term":[{"taxonomy":"product_brand","embeddable":true,"href":"https:\/\/www.billigtrikotde.com\/es\/wp-json\/wp\/v2\/product_brand?post=8363"},{"taxonomy":"product_cat","embeddable":true,"href":"https:\/\/www.billigtrikotde.com\/es\/wp-json\/wp\/v2\/product_cat?post=8363"},{"taxonomy":"product_tag","embeddable":true,"href":"https:\/\/www.billigtrikotde.com\/es\/wp-json\/wp\/v2\/product_tag?post=8363"}],"curies":[{"name":"wp","href":"https:\/\/api.w.org\/{rel}","templated":true}]}}