{"id":8355,"date":"2024-10-24T01:32:48","date_gmt":"2024-10-23T23:32:48","guid":{"rendered":"http:\/\/billigtrikots.com\/?post_type=product&#038;p=8355"},"modified":"2024-10-24T01:34:59","modified_gmt":"2024-10-23T23:34:59","slug":"kinder-japan-heim-trikot-wm-2022-blau-kurzarm-weiss-kurze-hosen","status":"publish","type":"product","link":"https:\/\/www.billigtrikotde.com\/es\/kinder-japan-heim-trikot-wm-2022-blau-kurzarm-weiss-kurze-hosen\/","title":{"rendered":"Camiseta de casa de ni\u00f1o de Jap\u00f3n Copa del Mundo 2022 manga corta azul + pantal\u00f3n blanco"},"content":{"rendered":"<p>Con la camiseta infantil de color azul de adidas, se lanza un producto con el que puedes apoyar a tu equipo en los buenos y en los malos momentos con pasi\u00f3n y entrega. Demuestra tu apoyo: con esta camiseta de casa de Jap\u00f3n ampl\u00edas tu colecci\u00f3n de aficionados con una prenda en el dise\u00f1o original, como la que llevan los jugadores en el campeonato mundial. Es transpirable, c\u00f3moda y que absorbe el sudor. Adem\u00e1s, se ofrece una gran durabilidad. Destaca visualmente con un logotipo de la federaci\u00f3n en el pecho. Con esta camiseta puedes volverte a\u00fan m\u00e1s capaz y prepararte para el pr\u00f3ximo partido.<\/p>\n<p>Consejos para la impresi\u00f3n: Si el nombre y el n\u00famero que aparecen en la imagen son exactamente los que desea, no es necesario que los vuelva a introducir. En caso contrario, deber\u00e1 introducir el nombre y el n\u00famero que desee.<\/p>\n<p>Consejos de lavado: Se recomienda lavar las camisetas de f\u00fatbol a mano. Si desea utilizar la lavadora, recuerde poner las camisetas de f\u00fatbol del rev\u00e9s y luego lavarlas. Llena la lavadora con agua fr\u00eda y utiliza un ciclo delicado para proteger mejor los colores.<\/p>","protected":false},"excerpt":{"rendered":"<p>Mit dem Kinder-Trikot in Blau bringt adidas ein Produkt an den Start, mit dem du dein Team in guten wie in schlechten Zeiten mit Herzblut und Hingabe unterst\u00fctzen kannst. Zeige deine Unterst\u00fctzung \u2013 mit diesem Japan-Heim-Trikot erweiterst du deine Fan-Sammlung um ein Kleidungsst\u00fcck im Original-Design, wie es die Spieler bei der Weltmeisterschaft tragen. Es ist [&hellip;]<\/p>","protected":false},"featured_media":8394,"comment_status":"open","ping_status":"closed","template":"","meta":[],"product_brand":[],"product_cat":[111],"product_tag":[20,222,21,22,23,24,361,362,94],"class_list":{"0":"post-8355","1":"product","2":"type-product","3":"status-publish","4":"has-post-thumbnail","6":"product_cat-nationaltrikot","7":"product_tag-coole-fussballtrikots","8":"product_tag-fussball-wm-2022-trikots","9":"product_tag-fussballtrikot-fuer-herren","10":"product_tag-fussballtrikot-guenstig-kaufen","11":"product_tag-fussballtrikot-kurzarm","12":"product_tag-guenstiges-fussballtrikot","13":"product_tag-japan-heimtrikot","14":"product_tag-japan-trikots","15":"product_tag-kinder-fussball-trikotsatz","17":"first","18":"instock","19":"shipping-taxable","20":"purchasable","21":"product-type-variable"},"_links":{"self":[{"href":"https:\/\/www.billigtrikotde.com\/es\/wp-json\/wp\/v2\/product\/8355","targetHints":{"allow":["GET"]}}],"collection":[{"href":"https:\/\/www.billigtrikotde.com\/es\/wp-json\/wp\/v2\/product"}],"about":[{"href":"https:\/\/www.billigtrikotde.com\/es\/wp-json\/wp\/v2\/types\/product"}],"replies":[{"embeddable":true,"href":"https:\/\/www.billigtrikotde.com\/es\/wp-json\/wp\/v2\/comments?post=8355"}],"wp:featuredmedia":[{"embeddable":true,"href":"https:\/\/www.billigtrikotde.com\/es\/wp-json\/wp\/v2\/media\/8394"}],"wp:attachment":[{"href":"https:\/\/www.billigtrikotde.com\/es\/wp-json\/wp\/v2\/media?parent=8355"}],"wp:term":[{"taxonomy":"product_brand","embeddable":true,"href":"https:\/\/www.billigtrikotde.com\/es\/wp-json\/wp\/v2\/product_brand?post=8355"},{"taxonomy":"product_cat","embeddable":true,"href":"https:\/\/www.billigtrikotde.com\/es\/wp-json\/wp\/v2\/product_cat?post=8355"},{"taxonomy":"product_tag","embeddable":true,"href":"https:\/\/www.billigtrikotde.com\/es\/wp-json\/wp\/v2\/product_tag?post=8355"}],"curies":[{"name":"wp","href":"https:\/\/api.w.org\/{rel}","templated":true}]}}