{"id":8351,"date":"2024-10-24T01:32:44","date_gmt":"2024-10-23T23:32:44","guid":{"rendered":"http:\/\/billigtrikots.com\/?post_type=product&#038;p=8351"},"modified":"2024-10-24T01:34:58","modified_gmt":"2024-10-23T23:34:58","slug":"kinder-fussball-trikot-spanien-wm-2022-auswaertstrikot-hellblaue-kurzarm-kurze-hosen","status":"publish","type":"product","link":"https:\/\/www.billigtrikotde.com\/es\/kinder-fussball-trikot-spanien-wm-2022-auswaertstrikot-hellblaue-kurzarm-kurze-hosen\/","title":{"rendered":"Camiseta F\u00fatbol Ni\u00f1o Espa\u00f1a Mundial 2022 Fuera Camiseta Azul Claro Manga Corta + Pantal\u00f3n Corto"},"content":{"rendered":"<p>Mejorar la camiseta visitante de la selecci\u00f3n espa\u00f1ola para la Copa del Mundo 2022 y utilizar los elementos existentes. La camiseta es azul claro y tiene un patr\u00f3n de ondas y un patr\u00f3n de l\u00edneas, que ambos utilizan degradados de color para dar la impresi\u00f3n de movimiento. en el que el color base se volvi\u00f3 notablemente m\u00e1s oscuro, se eliminaron por completo las ondas y se prolong\u00f3 el degradado de las rayas de Nadel. La bandera espa\u00f1ola se encuentra en la franja del escote en V y en los pu\u00f1os.<\/p>\n<p>Consejos para la impresi\u00f3n: Si el nombre y el n\u00famero que aparecen en la imagen son exactamente los que desea, no es necesario que los vuelva a introducir. En caso contrario, deber\u00e1 introducir el nombre y el n\u00famero que desee.<\/p>\n<p>Consejos de lavado: Se recomienda lavar las camisetas de f\u00fatbol a mano. Si desea utilizar la lavadora, recuerde poner las camisetas de f\u00fatbol del rev\u00e9s y luego lavarlas. Llena la lavadora con agua fr\u00eda y utiliza un ciclo delicado para proteger mejor los colores.<\/p>","protected":false},"excerpt":{"rendered":"<p>Das Ausw\u00e4rtstrikot der spanischen Nationalmannschaft f\u00fcr die WM 2022 zu verbessern und dabei die vorhandenen Elemente zu verwenden. Das Trikot ist hellblau und hat ein Wellen- und ein Linienmuster, die beide Farbverl\u00e4ufe nutzen, um den Eindruck von Bewegung zu erzeugen.bei dem die Grundfarbe deutlich dunkler wurde, die Wellen ganz entfernt wurden und der Nadelstreifenverlauf verl\u00e4ngert [&hellip;]<\/p>","protected":false},"featured_media":8392,"comment_status":"open","ping_status":"closed","template":"","meta":[],"product_brand":[],"product_cat":[131],"product_tag":[20,21,22,23,24,359],"class_list":{"0":"post-8351","1":"product","2":"type-product","3":"status-publish","4":"has-post-thumbnail","6":"product_cat-spanien-trikots","7":"product_tag-coole-fussballtrikots","8":"product_tag-fussballtrikot-fuer-herren","9":"product_tag-fussballtrikot-guenstig-kaufen","10":"product_tag-fussballtrikot-kurzarm","11":"product_tag-guenstiges-fussballtrikot","12":"product_tag-spanien-wm-2022-auswaertstrikot","14":"first","15":"instock","16":"shipping-taxable","17":"purchasable","18":"product-type-variable"},"_links":{"self":[{"href":"https:\/\/www.billigtrikotde.com\/es\/wp-json\/wp\/v2\/product\/8351","targetHints":{"allow":["GET"]}}],"collection":[{"href":"https:\/\/www.billigtrikotde.com\/es\/wp-json\/wp\/v2\/product"}],"about":[{"href":"https:\/\/www.billigtrikotde.com\/es\/wp-json\/wp\/v2\/types\/product"}],"replies":[{"embeddable":true,"href":"https:\/\/www.billigtrikotde.com\/es\/wp-json\/wp\/v2\/comments?post=8351"}],"wp:featuredmedia":[{"embeddable":true,"href":"https:\/\/www.billigtrikotde.com\/es\/wp-json\/wp\/v2\/media\/8392"}],"wp:attachment":[{"href":"https:\/\/www.billigtrikotde.com\/es\/wp-json\/wp\/v2\/media?parent=8351"}],"wp:term":[{"taxonomy":"product_brand","embeddable":true,"href":"https:\/\/www.billigtrikotde.com\/es\/wp-json\/wp\/v2\/product_brand?post=8351"},{"taxonomy":"product_cat","embeddable":true,"href":"https:\/\/www.billigtrikotde.com\/es\/wp-json\/wp\/v2\/product_cat?post=8351"},{"taxonomy":"product_tag","embeddable":true,"href":"https:\/\/www.billigtrikotde.com\/es\/wp-json\/wp\/v2\/product_tag?post=8351"}],"curies":[{"name":"wp","href":"https:\/\/api.w.org\/{rel}","templated":true}]}}