{"id":8315,"date":"2024-10-24T01:31:03","date_gmt":"2024-10-23T23:31:03","guid":{"rendered":"http:\/\/billigtrikots.com\/?post_type=product&#038;p=8315"},"modified":"2024-10-24T01:33:11","modified_gmt":"2024-10-23T23:33:11","slug":"neues-fussballtrikots-argentinien-heimtrikot-wm-2022-weiss-blau-kurzarm-martinez-16","status":"publish","type":"product","link":"https:\/\/www.billigtrikotde.com\/es\/neues-fussballtrikots-argentinien-heimtrikot-wm-2022-weiss-blau-kurzarm-martinez-16\/","title":{"rendered":"Nuevos camisetas de f\u00fatbol Argentina camiseta local Mundial 2022 Blanco Azul Manga corta MARTINEZ 16"},"content":{"rendered":"<p>En su lugar, la camiseta constar\u00e1 de dos franjas celestes m\u00e1s finas en el centro y otras dos m\u00e1s anchas en el exterior de la camiseta. \u00c9stas ser\u00e1n aproximadamente tres veces m\u00e1s anchas que las franjas centrales, que representar\u00e1n la bandera argentina.<br \/>\nLas rayas de la nueva camiseta de Argentina para el Mundial 2022 son cl\u00e1sicas, pero s\u00f3lo en la parte delantera. Las rayas de la espalda son realmente inusuales: en lugar de ser del mismo ancho, hay dos rayas celestes m\u00e1s finas en el centro y dos m\u00e1s anchas en el exterior de la camiseta. Estas rayas m\u00e1s anchas son aproximadamente tres veces m\u00e1s anchas que las rayas del centro.<\/p>\n<p>Consejos para la impresi\u00f3n: Si el nombre y el n\u00famero que aparecen en la imagen son exactamente los que desea, no es necesario que los vuelva a introducir. En caso contrario, deber\u00e1 introducir el nombre y el n\u00famero que desee.<\/p>\n<p>Consejos de lavado: Se recomienda lavar las camisetas de f\u00fatbol a mano. Si desea utilizar la lavadora, recuerde poner las camisetas de f\u00fatbol del rev\u00e9s y luego lavarlas. Llena la lavadora con agua fr\u00eda y utiliza un ciclo delicado para proteger mejor los colores.<\/p>","protected":false},"excerpt":{"rendered":"<p>En su lugar, la camiseta debe consistir en dos rayas delgadas de color azul celeste en el centro y dos m\u00e1s anchas en los lados exteriores de la camiseta. Estas deben ser aproximadamente tres veces m\u00e1s anchas que las rayas del centro, que representan la bandera argentina. Las rayas en la nueva camiseta del Mundial 2022 de Argentina son cl\u00e1sicas, pero solo en la [\u2026]<\/p>","protected":false},"featured_media":8356,"comment_status":"open","ping_status":"closed","template":"","meta":[],"product_brand":[],"product_cat":[325],"product_tag":[356,20,21,22,23,24],"class_list":{"0":"post-8315","1":"product","2":"type-product","3":"status-publish","4":"has-post-thumbnail","6":"product_cat-argentinien-trikots","7":"product_tag-argentinien-trikots","8":"product_tag-coole-fussballtrikots","9":"product_tag-fussballtrikot-fuer-herren","10":"product_tag-fussballtrikot-guenstig-kaufen","11":"product_tag-fussballtrikot-kurzarm","12":"product_tag-guenstiges-fussballtrikot","14":"first","15":"instock","16":"shipping-taxable","17":"purchasable","18":"product-type-variable"},"_links":{"self":[{"href":"https:\/\/www.billigtrikotde.com\/es\/wp-json\/wp\/v2\/product\/8315","targetHints":{"allow":["GET"]}}],"collection":[{"href":"https:\/\/www.billigtrikotde.com\/es\/wp-json\/wp\/v2\/product"}],"about":[{"href":"https:\/\/www.billigtrikotde.com\/es\/wp-json\/wp\/v2\/types\/product"}],"replies":[{"embeddable":true,"href":"https:\/\/www.billigtrikotde.com\/es\/wp-json\/wp\/v2\/comments?post=8315"}],"wp:featuredmedia":[{"embeddable":true,"href":"https:\/\/www.billigtrikotde.com\/es\/wp-json\/wp\/v2\/media\/8356"}],"wp:attachment":[{"href":"https:\/\/www.billigtrikotde.com\/es\/wp-json\/wp\/v2\/media?parent=8315"}],"wp:term":[{"taxonomy":"product_brand","embeddable":true,"href":"https:\/\/www.billigtrikotde.com\/es\/wp-json\/wp\/v2\/product_brand?post=8315"},{"taxonomy":"product_cat","embeddable":true,"href":"https:\/\/www.billigtrikotde.com\/es\/wp-json\/wp\/v2\/product_cat?post=8315"},{"taxonomy":"product_tag","embeddable":true,"href":"https:\/\/www.billigtrikotde.com\/es\/wp-json\/wp\/v2\/product_tag?post=8315"}],"curies":[{"name":"wp","href":"https:\/\/api.w.org\/{rel}","templated":true}]}}