{"id":8223,"date":"2024-10-24T01:26:03","date_gmt":"2024-10-23T23:26:03","guid":{"rendered":"http:\/\/billigtrikots.com\/?post_type=product&#038;p=8223"},"modified":"2024-10-24T01:28:44","modified_gmt":"2024-10-23T23:28:44","slug":"herren-paris-saint-germain-psg-auswaertstrikot-2022-23-grau-mit-aufdruck-bernat-14","status":"publish","type":"product","link":"https:\/\/www.billigtrikotde.com\/es\/herren-paris-saint-germain-psg-auswaertstrikot-2022-23-grau-mit-aufdruck-bernat-14\/","title":{"rendered":"Camiseta de visitante de hombre del Paris Saint Germain PSG 2022\/23 Gris con estampado BERNAT 14"},"content":{"rendered":"<p>La camiseta exterior Jordan PSG 2022-23 presenta un nuevo look en gris con una franja central negra que se difumina en el centro para dejar sitio al patrocinador Qatar Airways. Hay una etiqueta especial en el interior del cuello.<\/p>\n<p>La combinaci\u00f3n de colores de la nueva equipaci\u00f3n exterior del PSG 22-23 se inspira en el estadio Parc des Princes, que este a\u00f1o celebra su 50 aniversario.Pantalones cortos grises con un dise\u00f1o inspirado en los Chicago Bills y medias completan el look de la nueva equipaci\u00f3n exterior del PSG 2022-23 de Jordan.<\/p>\n<p>Consejos para la impresi\u00f3n: Si el nombre y el n\u00famero que aparecen en la imagen son exactamente los que desea, no es necesario que los vuelva a introducir. En caso contrario, deber\u00e1 introducir el nombre y el n\u00famero que desee.<\/p>\n<p>Consejos de lavado: Se recomienda lavar las camisetas de f\u00fatbol a mano. Si desea utilizar la lavadora, recuerde poner las camisetas de f\u00fatbol del rev\u00e9s y luego lavarlas. Llena la lavadora con agua fr\u00eda y utiliza un ciclo delicado para proteger mejor los colores.<\/p>","protected":false},"excerpt":{"rendered":"<p>La camiseta de visitante del Jordan PSG 2022-23 se presenta con un nuevo aspecto en gris con una franja central negra que se desvanece en el centro para dejar espacio al patrocinador Qatar Airways. En el interior del cuello hay una etiqueta especial. La coloraci\u00f3n de la nueva camiseta visitante del PSG 22-23 est\u00e1 inspirada en el estadio Parc des Princes, [...]<\/p>","protected":false},"featured_media":8267,"comment_status":"open","ping_status":"closed","template":"","meta":[],"product_brand":[],"product_cat":[39],"product_tag":[286,20,43,21,22,23,24,44,41,244,290],"class_list":{"0":"post-8223","1":"product","2":"type-product","3":"status-publish","4":"has-post-thumbnail","6":"product_cat-paris-saint-germain","7":"product_tag-alle-neuen-psg-trikots","8":"product_tag-coole-fussballtrikots","9":"product_tag-fussballkleidung","10":"product_tag-fussballtrikot-fuer-herren","11":"product_tag-fussballtrikot-guenstig-kaufen","12":"product_tag-fussballtrikot-kurzarm","13":"product_tag-guenstiges-fussballtrikot","14":"product_tag-paris-saint-germain-auswaertstrikot","15":"product_tag-paris-saint-germain-trikots","16":"product_tag-psg-trikot-2022-23","17":"product_tag-psg-trikot-2022-23-fussballtrikots","19":"first","20":"instock","21":"shipping-taxable","22":"purchasable","23":"product-type-variable"},"_links":{"self":[{"href":"https:\/\/www.billigtrikotde.com\/es\/wp-json\/wp\/v2\/product\/8223","targetHints":{"allow":["GET"]}}],"collection":[{"href":"https:\/\/www.billigtrikotde.com\/es\/wp-json\/wp\/v2\/product"}],"about":[{"href":"https:\/\/www.billigtrikotde.com\/es\/wp-json\/wp\/v2\/types\/product"}],"replies":[{"embeddable":true,"href":"https:\/\/www.billigtrikotde.com\/es\/wp-json\/wp\/v2\/comments?post=8223"}],"wp:featuredmedia":[{"embeddable":true,"href":"https:\/\/www.billigtrikotde.com\/es\/wp-json\/wp\/v2\/media\/8267"}],"wp:attachment":[{"href":"https:\/\/www.billigtrikotde.com\/es\/wp-json\/wp\/v2\/media?parent=8223"}],"wp:term":[{"taxonomy":"product_brand","embeddable":true,"href":"https:\/\/www.billigtrikotde.com\/es\/wp-json\/wp\/v2\/product_brand?post=8223"},{"taxonomy":"product_cat","embeddable":true,"href":"https:\/\/www.billigtrikotde.com\/es\/wp-json\/wp\/v2\/product_cat?post=8223"},{"taxonomy":"product_tag","embeddable":true,"href":"https:\/\/www.billigtrikotde.com\/es\/wp-json\/wp\/v2\/product_tag?post=8223"}],"curies":[{"name":"wp","href":"https:\/\/api.w.org\/{rel}","templated":true}]}}