{"id":812,"date":"2024-10-23T13:05:05","date_gmt":"2024-10-23T11:05:05","guid":{"rendered":"http:\/\/billigtrikots.com\/?post_type=product&#038;p=812"},"modified":"2024-10-23T13:07:08","modified_gmt":"2024-10-23T11:07:08","slug":"real-madrid-heimtrikot-2022-weiss-blau-mit-aufdruck-valverde-15","status":"publish","type":"product","link":"https:\/\/www.billigtrikotde.com\/es\/real-madrid-heimtrikot-2022-weiss-blau-mit-aufdruck-valverde-15\/","title":{"rendered":"Real Madrid camiseta local 2022 blanco azul con impresi\u00f3n Valverde 15"},"content":{"rendered":"<p>El equipo gana y alcanza el \u00e9xito en el terreno de juego. Se celebran en la Plaza de Cibeles ante la algarab\u00eda de los aficionados. No es de extra\u00f1ar que esta camiseta adidas del Real Madrid con estampado de c\u00edrculos y espirales est\u00e9 inspirada en este lugar y sus fuentes. El dise\u00f1o para los aficionados est\u00e1 confeccionado en un material suave con tecnolog\u00eda AEROREADY que absorbe la humedad y garantiza una sensaci\u00f3n agradablemente seca y c\u00f3moda.<\/p>\n<p>Consejos para la impresi\u00f3n: Si el nombre y el n\u00famero que aparecen en la imagen son exactamente los que desea, no es necesario que los vuelva a introducir. En caso contrario, deber\u00e1 introducir el nombre y el n\u00famero que desee.<\/p>\n<p>Consejos de lavado: Se recomienda lavar las camisetas de f\u00fatbol a mano. Si desea utilizar la lavadora, recuerde poner las camisetas de f\u00fatbol del rev\u00e9s y luego lavarlas. Llena la lavadora con agua fr\u00eda y utiliza un ciclo delicado para proteger mejor los colores.<\/p>","protected":false},"excerpt":{"rendered":"<p>Die Siege und Erfolge f\u00e4hrt die Mannschaft auf dem Spielfeld ein. Gefeiert werden sie auf dem Plaza de Cibeles vor den jubelnden Fans. Kein Wunder, dass dieses adidas Real Madrid Trikot mit seinem Kreis- und Spiralmuster von diesem Ort und seinen Brunnenfont\u00e4nen inspiriert ist. Das Design f\u00fcr Fans ist aus weichem Material mit feuchtigkeitsabsorbierender AEROREADY [&hellip;]<\/p>","protected":false},"featured_media":852,"comment_status":"open","ping_status":"closed","template":"","meta":[],"product_brand":[],"product_cat":[45],"product_tag":[20,21,22,23,24,46,47],"class_list":{"0":"post-812","1":"product","2":"type-product","3":"status-publish","4":"has-post-thumbnail","6":"product_cat-real-madrid","7":"product_tag-coole-fussballtrikots","8":"product_tag-fussballtrikot-fuer-herren","9":"product_tag-fussballtrikot-guenstig-kaufen","10":"product_tag-fussballtrikot-kurzarm","11":"product_tag-guenstiges-fussballtrikot","12":"product_tag-real-madrid-heimtrikot","13":"product_tag-real-madrid-trikots","15":"first","16":"instock","17":"shipping-taxable","18":"purchasable","19":"product-type-variable"},"_links":{"self":[{"href":"https:\/\/www.billigtrikotde.com\/es\/wp-json\/wp\/v2\/product\/812","targetHints":{"allow":["GET"]}}],"collection":[{"href":"https:\/\/www.billigtrikotde.com\/es\/wp-json\/wp\/v2\/product"}],"about":[{"href":"https:\/\/www.billigtrikotde.com\/es\/wp-json\/wp\/v2\/types\/product"}],"replies":[{"embeddable":true,"href":"https:\/\/www.billigtrikotde.com\/es\/wp-json\/wp\/v2\/comments?post=812"}],"wp:featuredmedia":[{"embeddable":true,"href":"https:\/\/www.billigtrikotde.com\/es\/wp-json\/wp\/v2\/media\/852"}],"wp:attachment":[{"href":"https:\/\/www.billigtrikotde.com\/es\/wp-json\/wp\/v2\/media?parent=812"}],"wp:term":[{"taxonomy":"product_brand","embeddable":true,"href":"https:\/\/www.billigtrikotde.com\/es\/wp-json\/wp\/v2\/product_brand?post=812"},{"taxonomy":"product_cat","embeddable":true,"href":"https:\/\/www.billigtrikotde.com\/es\/wp-json\/wp\/v2\/product_cat?post=812"},{"taxonomy":"product_tag","embeddable":true,"href":"https:\/\/www.billigtrikotde.com\/es\/wp-json\/wp\/v2\/product_tag?post=812"}],"curies":[{"name":"wp","href":"https:\/\/api.w.org\/{rel}","templated":true}]}}