{"id":8038,"date":"2024-10-24T01:16:47","date_gmt":"2024-10-23T23:16:47","guid":{"rendered":"http:\/\/billigtrikots.com\/?post_type=product&#038;p=8038"},"modified":"2024-10-24T01:18:56","modified_gmt":"2024-10-23T23:18:56","slug":"neuen-niederlande-auswaertstrikot-euro-2022-weiss-trikotsatz-fuer-herren-de-ligt-3","status":"publish","type":"product","link":"https:\/\/www.billigtrikotde.com\/es\/neuen-niederlande-auswaertstrikot-euro-2022-weiss-trikotsatz-fuer-herren-de-ligt-3\/","title":{"rendered":"Nueva camiseta visitante de Pa\u00edses Bajos Euro 2022 blanca juego de camisetas para hombres DE LIGT 3"},"content":{"rendered":"<p>La camiseta de visitante de los Pa\u00edses Bajos Euro 2022 de Nike es principalmente blanca y presenta un dise\u00f1o a medida, inspirado en la bandera de los Pa\u00edses Bajos. Los rect\u00e1ngulos azules y rojos est\u00e1n distribuidos de manera asim\u00e9trica en toda la camiseta.<\/p>\n<p>El logotipo en el lado izquierdo del pecho de la camiseta de visitante de Nike de los Pa\u00edses Bajos 2022 tambi\u00e9n es \u00fanico: es rojo y muestra un le\u00f3n de color naranja.<\/p>\n<p>Consejos para la impresi\u00f3n: Si el nombre y el n\u00famero que aparecen en la imagen son exactamente los que desea, no es necesario que los vuelva a introducir. En caso contrario, deber\u00e1 introducir el nombre y el n\u00famero que desee.<\/p>\n<p>Consejos de lavado: Se recomienda lavar las camisetas de f\u00fatbol a mano. Si desea utilizar la lavadora, recuerde poner las camisetas de f\u00fatbol del rev\u00e9s y luego lavarlas. Llena la lavadora con agua fr\u00eda y utiliza un ciclo delicado para proteger mejor los colores.<\/p>","protected":false},"excerpt":{"rendered":"<p>La camiseta de visitante de los Pa\u00edses Bajos de Nike para Euro 2022 es principalmente blanca y presenta un dise\u00f1o a medida, inspirado en la bandera de los Pa\u00edses Bajos. Los rect\u00e1ngulos azules y rojos est\u00e1n distribuidos de manera asim\u00e9trica por toda la camiseta. El logotipo en el lado izquierdo del pecho de la camiseta de visitante de Nike para los Pa\u00edses Bajos 2022 tambi\u00e9n es \u00fanico: es rojo y muestra un naranja [\u2026]<\/p>","protected":false},"featured_media":8078,"comment_status":"open","ping_status":"closed","template":"","meta":[],"product_brand":[],"product_cat":[219],"product_tag":[20,21,22,23,24,355,221],"class_list":{"0":"post-8038","1":"product","2":"type-product","3":"status-publish","4":"has-post-thumbnail","6":"product_cat-niederlande-trikots","7":"product_tag-coole-fussballtrikots","8":"product_tag-fussballtrikot-fuer-herren","9":"product_tag-fussballtrikot-guenstig-kaufen","10":"product_tag-fussballtrikot-kurzarm","11":"product_tag-guenstiges-fussballtrikot","12":"product_tag-niederlande-auswaertstrikot","13":"product_tag-niederlande-trikots","15":"first","16":"instock","17":"shipping-taxable","18":"purchasable","19":"product-type-variable"},"_links":{"self":[{"href":"https:\/\/www.billigtrikotde.com\/es\/wp-json\/wp\/v2\/product\/8038","targetHints":{"allow":["GET"]}}],"collection":[{"href":"https:\/\/www.billigtrikotde.com\/es\/wp-json\/wp\/v2\/product"}],"about":[{"href":"https:\/\/www.billigtrikotde.com\/es\/wp-json\/wp\/v2\/types\/product"}],"replies":[{"embeddable":true,"href":"https:\/\/www.billigtrikotde.com\/es\/wp-json\/wp\/v2\/comments?post=8038"}],"wp:featuredmedia":[{"embeddable":true,"href":"https:\/\/www.billigtrikotde.com\/es\/wp-json\/wp\/v2\/media\/8078"}],"wp:attachment":[{"href":"https:\/\/www.billigtrikotde.com\/es\/wp-json\/wp\/v2\/media?parent=8038"}],"wp:term":[{"taxonomy":"product_brand","embeddable":true,"href":"https:\/\/www.billigtrikotde.com\/es\/wp-json\/wp\/v2\/product_brand?post=8038"},{"taxonomy":"product_cat","embeddable":true,"href":"https:\/\/www.billigtrikotde.com\/es\/wp-json\/wp\/v2\/product_cat?post=8038"},{"taxonomy":"product_tag","embeddable":true,"href":"https:\/\/www.billigtrikotde.com\/es\/wp-json\/wp\/v2\/product_tag?post=8038"}],"curies":[{"name":"wp","href":"https:\/\/api.w.org\/{rel}","templated":true}]}}