{"id":7998,"date":"2024-10-24T01:15:04","date_gmt":"2024-10-23T23:15:04","guid":{"rendered":"http:\/\/billigtrikots.com\/?post_type=product&#038;p=7998"},"modified":"2024-10-24T01:17:12","modified_gmt":"2024-10-23T23:17:12","slug":"england-trikot-away-frauen-em-2022-orange-trikotsatz-kurzarm-kurze-hosen-mount-19","status":"publish","type":"product","link":"https:\/\/www.billigtrikotde.com\/es\/england-trikot-away-frauen-em-2022-orange-trikotsatz-kurzarm-kurze-hosen-mount-19\/","title":{"rendered":"Camiseta de Inglaterra de visitante para mujeres Euro 2022 conjunto de camiseta naranja de manga corta + pantalones cortos cortos MOUNT 19"},"content":{"rendered":"<p>La camiseta Nike para ni\u00f1os en rojo muestra tu amor incondicional y tu compromiso con tu equipo. \u00a1M\u00e1s apoyo es dif\u00edcilmente posible! A\u00f1ade esta camiseta de Inglaterra a tu colecci\u00f3n de fans. Te recomendamos este modelo transpirable, ligero y que absorbe el sudor. Destaca visualmente con el logotipo de la asociaci\u00f3n en el pecho. Esta camiseta deportiva te ayudar\u00e1 a rendir a\u00fan mejor y a prepararte para el pr\u00f3ximo partido.<\/p>\n<p>Consejos para la impresi\u00f3n: Si el nombre y el n\u00famero que aparecen en la imagen son exactamente los que desea, no es necesario que los vuelva a introducir. En caso contrario, deber\u00e1 introducir el nombre y el n\u00famero que desee.<\/p>\n<p>Consejos de lavado: Se recomienda lavar las camisetas de f\u00fatbol a mano. Si desea utilizar la lavadora, recuerde poner las camisetas de f\u00fatbol del rev\u00e9s y luego lavarlas. Llena la lavadora con agua fr\u00eda y utiliza un ciclo delicado para proteger mejor los colores.<\/p>","protected":false},"excerpt":{"rendered":"<p>La camiseta infantil de Nike en rojo muestra tu amor incondicional y conexi\u00f3n con tu equipo. \u00a1Es dif\u00edcil apoyar m\u00e1s! Con esta camiseta de Inglaterra ampl\u00edas tu colecci\u00f3n de fan\u00e1ticos. Recomendamos este modelo transpirable, que absorbe el sudor y ligero, con una sensaci\u00f3n de comodidad al llevarlo. Destaca visualmente con un logo de la selecci\u00f3n en el pecho. Con esta camiseta deportiva puedes ser a\u00fan m\u00e1s eficiente y [\u2026]<\/p>","protected":false},"featured_media":8032,"comment_status":"open","ping_status":"closed","template":"","meta":[],"product_brand":[],"product_cat":[115],"product_tag":[20,116,218,21,22,23,24],"class_list":{"0":"post-7998","1":"product","2":"type-product","3":"status-publish","4":"has-post-thumbnail","6":"product_cat-england-trikots","7":"product_tag-coole-fussballtrikots","8":"product_tag-england-heimtrikot","9":"product_tag-england-heimtrikot-euro-2022-damen","10":"product_tag-fussballtrikot-fuer-herren","11":"product_tag-fussballtrikot-guenstig-kaufen","12":"product_tag-fussballtrikot-kurzarm","13":"product_tag-guenstiges-fussballtrikot","15":"first","16":"instock","17":"shipping-taxable","18":"purchasable","19":"product-type-variable"},"_links":{"self":[{"href":"https:\/\/www.billigtrikotde.com\/es\/wp-json\/wp\/v2\/product\/7998","targetHints":{"allow":["GET"]}}],"collection":[{"href":"https:\/\/www.billigtrikotde.com\/es\/wp-json\/wp\/v2\/product"}],"about":[{"href":"https:\/\/www.billigtrikotde.com\/es\/wp-json\/wp\/v2\/types\/product"}],"replies":[{"embeddable":true,"href":"https:\/\/www.billigtrikotde.com\/es\/wp-json\/wp\/v2\/comments?post=7998"}],"wp:featuredmedia":[{"embeddable":true,"href":"https:\/\/www.billigtrikotde.com\/es\/wp-json\/wp\/v2\/media\/8032"}],"wp:attachment":[{"href":"https:\/\/www.billigtrikotde.com\/es\/wp-json\/wp\/v2\/media?parent=7998"}],"wp:term":[{"taxonomy":"product_brand","embeddable":true,"href":"https:\/\/www.billigtrikotde.com\/es\/wp-json\/wp\/v2\/product_brand?post=7998"},{"taxonomy":"product_cat","embeddable":true,"href":"https:\/\/www.billigtrikotde.com\/es\/wp-json\/wp\/v2\/product_cat?post=7998"},{"taxonomy":"product_tag","embeddable":true,"href":"https:\/\/www.billigtrikotde.com\/es\/wp-json\/wp\/v2\/product_tag?post=7998"}],"curies":[{"name":"wp","href":"https:\/\/api.w.org\/{rel}","templated":true}]}}