{"id":7884,"date":"2024-10-24T01:09:31","date_gmt":"2024-10-23T23:09:31","guid":{"rendered":"http:\/\/billigtrikots.com\/?post_type=product&#038;p=7884"},"modified":"2024-10-24T01:11:41","modified_gmt":"2024-10-23T23:11:41","slug":"deutschland-heimtrikot-dfb-wm-2022-herren-trikot-weiss-schwarz","status":"publish","type":"product","link":"https:\/\/www.billigtrikotde.com\/es\/deutschland-heimtrikot-dfb-wm-2022-herren-trikot-weiss-schwarz\/","title":{"rendered":"Camiseta Alemania DFB Copa del Mundo 2022 hombre blanco negro"},"content":{"rendered":"<p>Este look har\u00e1 que tu coraz\u00f3n lata m\u00e1s r\u00e1pido: el logotipo de la banda tejido en acabado dorado ocupa un lugar especial en el pecho de esta camiseta de la selecci\u00f3n de adidas. Esta camiseta de local se presenta de manera muy moderna con una llamativa franja vertical y mucho esp\u00edritu de equipo en negro, rojo y dorado. La tecnolog\u00eda de absorci\u00f3n de humedad AEROREADY y las inserciones de malla te ofrecen una sensaci\u00f3n de comodidad seca mientras animas y sigues la emoci\u00f3n.<\/p>\n<p>Simplicidad ic\u00f3nica en su mejor forma, combinando modernidad y credibilidad al mismo tiempo. La nueva camiseta de local de Espa\u00f1a 2022 llega con un dise\u00f1o reducido, inspirado en llamativos rayas de carreras para captar la atenci\u00f3n a altas velocidades. Un dise\u00f1o potente que se fortalece en la uni\u00f3n del equipo y la naci\u00f3n, creando una verdadera 'cuesti\u00f3n de coraz\u00f3n'.<\/p>\n<p>Consejos para la impresi\u00f3n: Si el nombre y el n\u00famero que aparecen en la imagen son exactamente los que desea, no es necesario que los vuelva a introducir. En caso contrario, deber\u00e1 introducir el nombre y el n\u00famero que desee.<\/p>\n<p>Consejos de lavado: Se recomienda lavar las camisetas de f\u00fatbol a mano. Si desea utilizar la lavadora, recuerde poner las camisetas de f\u00fatbol del rev\u00e9s y luego lavarlas. Llena la lavadora con agua fr\u00eda y utiliza un ciclo delicado para proteger mejor los colores.<\/p>","protected":false},"excerpt":{"rendered":"<p>Este look har\u00e1 que tu coraz\u00f3n lata m\u00e1s r\u00e1pido: el logotipo de la banda tejido en acabado dorado ocupa un lugar especial en el pecho de esta camiseta de la selecci\u00f3n de adidas. Esta camiseta de local se presenta de manera muy moderna con una llamativa franja vertical y mucho esp\u00edritu de equipo en negro, rojo y dorado. La tecnolog\u00eda de absorci\u00f3n de humedad AEROREADY y las inserciones de malla te ofrecen una sensaci\u00f3n de comodidad seca mientras animas y sigues la emoci\u00f3n.<\/p>","protected":false},"featured_media":7923,"comment_status":"open","ping_status":"closed","template":"","meta":[],"product_brand":[],"product_cat":[170],"product_tag":[20,212,172,222,21,22,23,24],"class_list":{"0":"post-7884","1":"product","2":"type-product","3":"status-publish","4":"has-post-thumbnail","6":"product_cat-deutschland-trikots","7":"product_tag-coole-fussballtrikots","8":"product_tag-deutschland-heimtrikot","9":"product_tag-deutschland-trikots","10":"product_tag-fussball-wm-2022-trikots","11":"product_tag-fussballtrikot-fuer-herren","12":"product_tag-fussballtrikot-guenstig-kaufen","13":"product_tag-fussballtrikot-kurzarm","14":"product_tag-guenstiges-fussballtrikot","16":"first","17":"instock","18":"shipping-taxable","19":"purchasable","20":"product-type-variable"},"_links":{"self":[{"href":"https:\/\/www.billigtrikotde.com\/es\/wp-json\/wp\/v2\/product\/7884","targetHints":{"allow":["GET"]}}],"collection":[{"href":"https:\/\/www.billigtrikotde.com\/es\/wp-json\/wp\/v2\/product"}],"about":[{"href":"https:\/\/www.billigtrikotde.com\/es\/wp-json\/wp\/v2\/types\/product"}],"replies":[{"embeddable":true,"href":"https:\/\/www.billigtrikotde.com\/es\/wp-json\/wp\/v2\/comments?post=7884"}],"wp:featuredmedia":[{"embeddable":true,"href":"https:\/\/www.billigtrikotde.com\/es\/wp-json\/wp\/v2\/media\/7923"}],"wp:attachment":[{"href":"https:\/\/www.billigtrikotde.com\/es\/wp-json\/wp\/v2\/media?parent=7884"}],"wp:term":[{"taxonomy":"product_brand","embeddable":true,"href":"https:\/\/www.billigtrikotde.com\/es\/wp-json\/wp\/v2\/product_brand?post=7884"},{"taxonomy":"product_cat","embeddable":true,"href":"https:\/\/www.billigtrikotde.com\/es\/wp-json\/wp\/v2\/product_cat?post=7884"},{"taxonomy":"product_tag","embeddable":true,"href":"https:\/\/www.billigtrikotde.com\/es\/wp-json\/wp\/v2\/product_tag?post=7884"}],"curies":[{"name":"wp","href":"https:\/\/api.w.org\/{rel}","templated":true}]}}