{"id":7872,"date":"2024-10-24T01:08:55","date_gmt":"2024-10-23T23:08:55","guid":{"rendered":"http:\/\/billigtrikots.com\/?post_type=product&#038;p=7872"},"modified":"2024-10-24T01:11:07","modified_gmt":"2024-10-23T23:11:07","slug":"kinder-manchester-city-ausweichtrikot-2022-23-hellgruen-schwarz-trikotsatz","status":"publish","type":"product","link":"https:\/\/www.billigtrikotde.com\/es\/kinder-manchester-city-ausweichtrikot-2022-23-hellgruen-schwarz-trikotsatz\/","title":{"rendered":"Camiseta de reserva infantil del Manchester City 2022-23 verde claro\/negro juego de camisetas"},"content":{"rendered":"<p>Cityzens schwirren aus. Das Manchester City F.C. 2022\/23 Alternativtrikot feiert die Kreativit\u00e4t von Manchester mit leuchtenden Farben und kr\u00e4ftigen Details, die von der Street Art inspiriert sind. Das Ringeldesign ist eine Hommage an die Biene, das Symbol von Manchester, das ihren Weg vom Stadtwappen zu den Fassaden, Mosaiken und zuletzt atemberaubenden Stra\u00dfenkunstwerken in den Stra\u00dfen von Manchester fand. Der Airbrush-Effekt an den Streifen rundet das Statement ab. Die Welt ist deine Leinwand. Lebe deine Kreativit\u00e4t aus.<\/p>\n<p>Consejos para la impresi\u00f3n: Si el nombre y el n\u00famero que aparecen en la imagen son exactamente los que desea, no es necesario que los vuelva a introducir. En caso contrario, deber\u00e1 introducir el nombre y el n\u00famero que desee.<\/p>\n<p>Consejos de lavado: Se recomienda lavar las camisetas de f\u00fatbol a mano. Si desea utilizar la lavadora, recuerde poner las camisetas de f\u00fatbol del rev\u00e9s y luego lavarlas. Llena la lavadora con agua fr\u00eda y utiliza un ciclo delicado para proteger mejor los colores.<\/p>","protected":false},"excerpt":{"rendered":"<p>Las Cityzens est\u00e1n en movimiento. La camiseta alternativa del Manchester City F.C. 2022\/23 celebra la creatividad de Manchester con colores vibrantes y detalles llamativos, inspirados en el arte callejero. El dise\u00f1o de c\u00edrculos es un homenaje a la abeja, s\u00edmbolo de Manchester, que pasa de estar en el escudo de la ciudad a adornar fachadas, mosaicos y, finalmente, impresionantes obras de arte callejero en las calles [...]<\/p>","protected":false},"featured_media":7911,"comment_status":"open","ping_status":"closed","template":"","meta":[],"product_brand":[],"product_cat":[144],"product_tag":[20,94,275,203,84,145],"class_list":{"0":"post-7872","1":"product","2":"type-product","3":"status-publish","4":"has-post-thumbnail","6":"product_cat-manchester-city-kindertrikot","7":"product_tag-coole-fussballtrikots","8":"product_tag-kinder-fussball-trikotsatz","9":"product_tag-kinder-trikot-manchester-city","10":"product_tag-manchester-city-ausweichtrikot","11":"product_tag-manchester-city-trikots","12":"product_tag-manchester-city-trikotsatz-fuer-kinder","14":"first","15":"instock","16":"shipping-taxable","17":"purchasable","18":"product-type-variable"},"_links":{"self":[{"href":"https:\/\/www.billigtrikotde.com\/es\/wp-json\/wp\/v2\/product\/7872","targetHints":{"allow":["GET"]}}],"collection":[{"href":"https:\/\/www.billigtrikotde.com\/es\/wp-json\/wp\/v2\/product"}],"about":[{"href":"https:\/\/www.billigtrikotde.com\/es\/wp-json\/wp\/v2\/types\/product"}],"replies":[{"embeddable":true,"href":"https:\/\/www.billigtrikotde.com\/es\/wp-json\/wp\/v2\/comments?post=7872"}],"wp:featuredmedia":[{"embeddable":true,"href":"https:\/\/www.billigtrikotde.com\/es\/wp-json\/wp\/v2\/media\/7911"}],"wp:attachment":[{"href":"https:\/\/www.billigtrikotde.com\/es\/wp-json\/wp\/v2\/media?parent=7872"}],"wp:term":[{"taxonomy":"product_brand","embeddable":true,"href":"https:\/\/www.billigtrikotde.com\/es\/wp-json\/wp\/v2\/product_brand?post=7872"},{"taxonomy":"product_cat","embeddable":true,"href":"https:\/\/www.billigtrikotde.com\/es\/wp-json\/wp\/v2\/product_cat?post=7872"},{"taxonomy":"product_tag","embeddable":true,"href":"https:\/\/www.billigtrikotde.com\/es\/wp-json\/wp\/v2\/product_tag?post=7872"}],"curies":[{"name":"wp","href":"https:\/\/api.w.org\/{rel}","templated":true}]}}