{"id":7870,"date":"2024-10-24T01:08:54","date_gmt":"2024-10-23T23:08:54","guid":{"rendered":"http:\/\/billigtrikots.com\/?post_type=product&#038;p=7870"},"modified":"2024-10-24T01:11:07","modified_gmt":"2024-10-23T23:11:07","slug":"kinder-portugal-heimtrikot-wm-2022-home-trikot-rot-gruen-kurzarm-kurze-hosen","status":"publish","type":"product","link":"https:\/\/www.billigtrikotde.com\/es\/kinder-portugal-heimtrikot-wm-2022-home-trikot-rot-gruen-kurzarm-kurze-hosen\/","title":{"rendered":"Ni\u00f1os Portugal Copa del Mundo 2022 Home Jersey rojo verde manga corta + pantalones cortos"},"content":{"rendered":"<p>La camiseta Nike de Portugal 2022 es predominantemente roja (\"Pepper Red\"), combinada con verde en un dise\u00f1o diagonal a la M\u00f3naco y logotipos amarillo-oro (\"Gold Dart\").<\/p>\n<p>Un aspecto inusual y una primicia en la historia del equipo: la camiseta para el Mundial de 2022 en Portugal tiene un gr\u00e1fico verde diagonal en la parte delantera y trasera. Incluso contin\u00faa en la manga derecha. Este look pretende imitar la bandera que se enrolla alrededor del cuerpo, seg\u00fan el comunicado de prensa oficial.<\/p>\n<p>Al igual que en la Eurocopa 2020, Nike combina la camiseta Nike de Portugal 2022 con pantalones cortos verdes. Las medias de la camiseta local de Portugal para el Mundial 2022 son rojas, con pu\u00f1o verde y logotipos dorados.<\/p>\n<p>Consejos para la impresi\u00f3n: Si el nombre y el n\u00famero que aparecen en la imagen son exactamente los que desea, no es necesario que los vuelva a introducir. En caso contrario, deber\u00e1 introducir el nombre y el n\u00famero que desee.<\/p>\n<p>Consejos de lavado: Se recomienda lavar las camisetas de f\u00fatbol a mano. Si desea utilizar la lavadora, recuerde poner las camisetas de f\u00fatbol del rev\u00e9s y luego lavarlas. Llena la lavadora con agua fr\u00eda y utiliza un ciclo delicado para proteger mejor los colores.<\/p>","protected":false},"excerpt":{"rendered":"<p>La camiseta de Portugal 2022 de Nike es predominantemente roja (\u00abPepper Red\u00bb), combinada con verde en un dise\u00f1o diagonal al estilo M\u00f3naco y logotipos en amarillo dorado (\u00abGold Dart\u00bb). Un aspecto excepcional y una novedad en la historia del equipo: la camiseta para la Copa del Mundo de 2022 en Portugal tiene un gr\u00e1fico diagonal en verde en la parte delantera y trasera. Ella [\u2026]<\/p>","protected":false},"featured_media":7910,"comment_status":"open","ping_status":"closed","template":"","meta":[],"product_brand":[],"product_cat":[239],"product_tag":[20,222,21,23,24,94,240,347,348],"class_list":{"0":"post-7870","1":"product","2":"type-product","3":"status-publish","4":"has-post-thumbnail","6":"product_cat-portugal-trikots","7":"product_tag-coole-fussballtrikots","8":"product_tag-fussball-wm-2022-trikots","9":"product_tag-fussballtrikot-fuer-herren","10":"product_tag-fussballtrikot-kurzarm","11":"product_tag-guenstiges-fussballtrikot","12":"product_tag-kinder-fussball-trikotsatz","13":"product_tag-portugal-heimtrikot","14":"product_tag-portugal-trikots","15":"product_tag-portugal-trikotsatz-fuer-kinder","17":"first","18":"instock","19":"shipping-taxable","20":"purchasable","21":"product-type-variable"},"_links":{"self":[{"href":"https:\/\/www.billigtrikotde.com\/es\/wp-json\/wp\/v2\/product\/7870","targetHints":{"allow":["GET"]}}],"collection":[{"href":"https:\/\/www.billigtrikotde.com\/es\/wp-json\/wp\/v2\/product"}],"about":[{"href":"https:\/\/www.billigtrikotde.com\/es\/wp-json\/wp\/v2\/types\/product"}],"replies":[{"embeddable":true,"href":"https:\/\/www.billigtrikotde.com\/es\/wp-json\/wp\/v2\/comments?post=7870"}],"wp:featuredmedia":[{"embeddable":true,"href":"https:\/\/www.billigtrikotde.com\/es\/wp-json\/wp\/v2\/media\/7910"}],"wp:attachment":[{"href":"https:\/\/www.billigtrikotde.com\/es\/wp-json\/wp\/v2\/media?parent=7870"}],"wp:term":[{"taxonomy":"product_brand","embeddable":true,"href":"https:\/\/www.billigtrikotde.com\/es\/wp-json\/wp\/v2\/product_brand?post=7870"},{"taxonomy":"product_cat","embeddable":true,"href":"https:\/\/www.billigtrikotde.com\/es\/wp-json\/wp\/v2\/product_cat?post=7870"},{"taxonomy":"product_tag","embeddable":true,"href":"https:\/\/www.billigtrikotde.com\/es\/wp-json\/wp\/v2\/product_tag?post=7870"}],"curies":[{"name":"wp","href":"https:\/\/api.w.org\/{rel}","templated":true}]}}