{"id":7868,"date":"2024-10-24T01:08:52","date_gmt":"2024-10-23T23:08:52","guid":{"rendered":"http:\/\/billigtrikots.com\/?post_type=product&#038;p=7868"},"modified":"2024-10-24T01:11:06","modified_gmt":"2024-10-23T23:11:06","slug":"deutschland-auswaertstrikot-dfb-wm-2022-kinder-away-trikot-violett-schwarz-sale","status":"publish","type":"product","link":"https:\/\/www.billigtrikotde.com\/es\/deutschland-auswaertstrikot-dfb-wm-2022-kinder-away-trikot-violett-schwarz-sale\/","title":{"rendered":"Camiseta de Alemania DFB Copa del Mundo 2022 Ni\u00f1os Away Jersey p\u00farpura negro Venta"},"content":{"rendered":"<p>La camiseta visitante de la Copa Mundial de la FIFA Alemania 2022 es completamente negra, con estampados en marr\u00f3n rojizo y detalles en dorado.<\/p>\n<p>Los estampados del dise\u00f1o de la camiseta visitante de Alemania para la Copa Mundial 2022 son de un tono rojo y cubren toda la camiseta. Los dise\u00f1os de la parte delantera tambi\u00e9n recuerdan a las letras del logotipo de la DFB, ya que est\u00e1n dispuestos en forma triangular, igual que las letras del logotipo de la DFB.<\/p>\n<p>La camiseta visitante de la Copa Mundial de la FIFA Alemania 2022 tambi\u00e9n presenta logotipos y estampados en color dorado. Las 3 bandas de Adidas en los hombros y el logotipo de Adidas en el pecho derecho son dorados. El escudo de la DFB con las cuatro estrellas en el pecho izquierdo tambi\u00e9n es dorado.<\/p>\n<p>Consejos para la impresi\u00f3n: Si el nombre y el n\u00famero que aparecen en la imagen son exactamente los que desea, no es necesario que los vuelva a introducir. En caso contrario, deber\u00e1 introducir el nombre y el n\u00famero que desee.<\/p>\n<p style=\"text-align: center;\">Consejos de lavado: Se recomienda lavar las camisetas de f\u00fatbol a mano. Si desea utilizar la lavadora, recuerde poner las camisetas de f\u00fatbol del rev\u00e9s y luego lavarlas. Llena la lavadora con agua fr\u00eda y utiliza un ciclo delicado para proteger mejor los colores.<\/p>","protected":false},"excerpt":{"rendered":"<p>La camiseta visitante de la Copa del Mundo 2022 de Alemania es completamente negra con impresiones marr\u00f3n rojizo y detalles en dorado. Las impresiones de dise\u00f1o en la camiseta visitante alemana del Mundial 2022 est\u00e1n en tono rojo y cubren toda la camiseta. Adem\u00e1s, los dise\u00f1os en la parte delantera recuerdan a las letras del logotipo DFB, ya que est\u00e1n dispuestas en forma triangular, exactamente como las letras [\u2026]<\/p>","protected":false},"featured_media":7909,"comment_status":"open","ping_status":"closed","template":"","meta":[],"product_brand":[],"product_cat":[170],"product_tag":[20,212,172,213,21,22,23,24],"class_list":{"0":"post-7868","1":"product","2":"type-product","3":"status-publish","4":"has-post-thumbnail","6":"product_cat-deutschland-trikots","7":"product_tag-coole-fussballtrikots","8":"product_tag-deutschland-heimtrikot","9":"product_tag-deutschland-trikots","10":"product_tag-fussball-wm-2022","11":"product_tag-fussballtrikot-fuer-herren","12":"product_tag-fussballtrikot-guenstig-kaufen","13":"product_tag-fussballtrikot-kurzarm","14":"product_tag-guenstiges-fussballtrikot","16":"first","17":"instock","18":"shipping-taxable","19":"purchasable","20":"product-type-variable"},"_links":{"self":[{"href":"https:\/\/www.billigtrikotde.com\/es\/wp-json\/wp\/v2\/product\/7868","targetHints":{"allow":["GET"]}}],"collection":[{"href":"https:\/\/www.billigtrikotde.com\/es\/wp-json\/wp\/v2\/product"}],"about":[{"href":"https:\/\/www.billigtrikotde.com\/es\/wp-json\/wp\/v2\/types\/product"}],"replies":[{"embeddable":true,"href":"https:\/\/www.billigtrikotde.com\/es\/wp-json\/wp\/v2\/comments?post=7868"}],"wp:featuredmedia":[{"embeddable":true,"href":"https:\/\/www.billigtrikotde.com\/es\/wp-json\/wp\/v2\/media\/7909"}],"wp:attachment":[{"href":"https:\/\/www.billigtrikotde.com\/es\/wp-json\/wp\/v2\/media?parent=7868"}],"wp:term":[{"taxonomy":"product_brand","embeddable":true,"href":"https:\/\/www.billigtrikotde.com\/es\/wp-json\/wp\/v2\/product_brand?post=7868"},{"taxonomy":"product_cat","embeddable":true,"href":"https:\/\/www.billigtrikotde.com\/es\/wp-json\/wp\/v2\/product_cat?post=7868"},{"taxonomy":"product_tag","embeddable":true,"href":"https:\/\/www.billigtrikotde.com\/es\/wp-json\/wp\/v2\/product_tag?post=7868"}],"curies":[{"name":"wp","href":"https:\/\/api.w.org\/{rel}","templated":true}]}}