{"id":7866,"date":"2024-10-24T01:08:50","date_gmt":"2024-10-23T23:08:50","guid":{"rendered":"http:\/\/billigtrikots.com\/?post_type=product&#038;p=7866"},"modified":"2024-10-24T01:11:05","modified_gmt":"2024-10-23T23:11:05","slug":"deutschland-heimtrikot-dfb-wm-2022-kinder-trikots-weiss-schwarz-trikotsatz","status":"publish","type":"product","link":"https:\/\/www.billigtrikotde.com\/es\/deutschland-heimtrikot-dfb-wm-2022-kinder-trikots-weiss-schwarz-trikotsatz\/","title":{"rendered":"Camiseta Alemania DFB Copa del Mundo 2022 jerseys ni\u00f1o blanco negro"},"content":{"rendered":"<p>La camiseta de la Copa del Mundo de 2022 de Alemania es, como siempre, blanca. Sin embargo, esta vez se representa una gruesa franja negra vertical en la parte delantera de la camiseta. En la franja negra se encuentra un n\u00famero dorado, el logo de la DFB con las cuatro estrellas y el logo de Adidas.<\/p>\n<p>Adem\u00e1s, la camiseta tiene un dobladillo de manga ancho en negro. El cuello de la camiseta tiene finas franjas en los colores de la bandera de Alemania.<\/p>\n<p>Adem\u00e1s, la camiseta est\u00e1 impresa con un dise\u00f1o-Prinz que cubre toda la camiseta.<br \/>\nLas camisetas recuerdan en apariencia a las camisetas Away de la Eurocopa 2008, que tambi\u00e9n ten\u00edan esa franja negra.<\/p>\n<p>Consejos para la impresi\u00f3n: Si el nombre y el n\u00famero que aparecen en la imagen son exactamente los que desea, no es necesario que los vuelva a introducir. En caso contrario, deber\u00e1 introducir el nombre y el n\u00famero que desee.<\/p>\n<p>Consejos de lavado: Se recomienda lavar las camisetas de f\u00fatbol a mano. Si desea utilizar la lavadora, recuerde poner las camisetas de f\u00fatbol del rev\u00e9s y luego lavarlas. Llena la lavadora con agua fr\u00eda y utiliza un ciclo delicado para proteger mejor los colores.<\/p>","protected":false},"excerpt":{"rendered":"<p>Das Deutschland WM 2022 Trikot ist wie immer in Wei\u00df. Allerdings ist diesmal ein dicker schwarzer Balken vertikal vor auf dem Shirt abgebildet. Auf dem schwarzen Streifen befinden sich eine goldene Nummer, das DFB-Logo mit den vier Sternen und das Adidas-Logo. Au\u00dferdem hat das Trikot einen breiten \u00c4rmelsaum in Schwarz. Der Kragen des Shirts hat [&hellip;]<\/p>","protected":false},"featured_media":7900,"comment_status":"open","ping_status":"closed","template":"","meta":[],"product_brand":[],"product_cat":[170],"product_tag":[20,212,172,213,21,22,23,24],"class_list":{"0":"post-7866","1":"product","2":"type-product","3":"status-publish","4":"has-post-thumbnail","6":"product_cat-deutschland-trikots","7":"product_tag-coole-fussballtrikots","8":"product_tag-deutschland-heimtrikot","9":"product_tag-deutschland-trikots","10":"product_tag-fussball-wm-2022","11":"product_tag-fussballtrikot-fuer-herren","12":"product_tag-fussballtrikot-guenstig-kaufen","13":"product_tag-fussballtrikot-kurzarm","14":"product_tag-guenstiges-fussballtrikot","16":"first","17":"instock","18":"shipping-taxable","19":"purchasable","20":"product-type-variable"},"_links":{"self":[{"href":"https:\/\/www.billigtrikotde.com\/es\/wp-json\/wp\/v2\/product\/7866","targetHints":{"allow":["GET"]}}],"collection":[{"href":"https:\/\/www.billigtrikotde.com\/es\/wp-json\/wp\/v2\/product"}],"about":[{"href":"https:\/\/www.billigtrikotde.com\/es\/wp-json\/wp\/v2\/types\/product"}],"replies":[{"embeddable":true,"href":"https:\/\/www.billigtrikotde.com\/es\/wp-json\/wp\/v2\/comments?post=7866"}],"wp:featuredmedia":[{"embeddable":true,"href":"https:\/\/www.billigtrikotde.com\/es\/wp-json\/wp\/v2\/media\/7900"}],"wp:attachment":[{"href":"https:\/\/www.billigtrikotde.com\/es\/wp-json\/wp\/v2\/media?parent=7866"}],"wp:term":[{"taxonomy":"product_brand","embeddable":true,"href":"https:\/\/www.billigtrikotde.com\/es\/wp-json\/wp\/v2\/product_brand?post=7866"},{"taxonomy":"product_cat","embeddable":true,"href":"https:\/\/www.billigtrikotde.com\/es\/wp-json\/wp\/v2\/product_cat?post=7866"},{"taxonomy":"product_tag","embeddable":true,"href":"https:\/\/www.billigtrikotde.com\/es\/wp-json\/wp\/v2\/product_tag?post=7866"}],"curies":[{"name":"wp","href":"https:\/\/api.w.org\/{rel}","templated":true}]}}