{"id":7812,"date":"2024-10-24T01:05:59","date_gmt":"2024-10-23T23:05:59","guid":{"rendered":"http:\/\/billigtrikots.com\/?post_type=product&#038;p=7812"},"modified":"2024-10-24T01:08:09","modified_gmt":"2024-10-23T23:08:09","slug":"fc-barcelona-2022-23-auswaertstrikot-goldene-away-shirt-fuer-herren-messi-10","status":"publish","type":"product","link":"https:\/\/www.billigtrikotde.com\/es\/fc-barcelona-2022-23-auswaertstrikot-goldene-away-shirt-fuer-herren-messi-10\/","title":{"rendered":"FC Barcelona 2022-23 Camiseta visitante dorada Away Shirt para hombres MESSI 10"},"content":{"rendered":"<p>La camiseta de visitante del FC Barcelona 22-23 tiene un color base dorado que evoca recuerdos de principios de los a\u00f1os 2000. Todos los logotipos est\u00e1n en azul marino oscuro.<\/p>\n<p>El color y el dise\u00f1o de las mangas de la nueva camiseta son una referencia a las medallas de oro que reciben los atletas en los Juegos Ol\u00edmpicos, 30 a\u00f1os despu\u00e9s de que se celebraran los Juegos Ol\u00edmpicos de 1992 en Barcelona. Los Juegos se inauguraron el 25 de julio de 1992. Adem\u00e1s, los colores de los cinco anillos ol\u00edmpicos se pueden ver en los pu\u00f1os de las mangas y en las medias.<\/p>\n<p>Un patr\u00f3n discreto que muestra el mapa de la ciudad de Barcelona completa el look. Se trata de una impresi\u00f3n del plano de la ciudad, en el que se pueden ver, adem\u00e1s de otras calles, varias cuadr\u00edculas de bloques de viviendas en el barrio de L\u2019Eixample y la Avenida Diagonal.<\/p>\n<p>Consejos para la impresi\u00f3n: Si el nombre y el n\u00famero que aparecen en la imagen son exactamente los que desea, no es necesario que los vuelva a introducir. En caso contrario, deber\u00e1 introducir el nombre y el n\u00famero que desee.<\/p>\n<p>Consejos de lavado: Se recomienda lavar las camisetas de f\u00fatbol a mano. Si desea utilizar la lavadora, recuerde poner las camisetas de f\u00fatbol del rev\u00e9s y luego lavarlas. Llena la lavadora con agua fr\u00eda y utiliza un ciclo delicado para proteger mejor los colores.<\/p>","protected":false},"excerpt":{"rendered":"<p>La camiseta de visitante del FC Barcelona 22-23 tiene un color base dorado que evoca recuerdos de principios de los a\u00f1os 2000. Todos los logotipos est\u00e1n en azul marino oscuro. El color y el dise\u00f1o de las mangas de la nueva camiseta son una referencia a las medallas de oro que reciben los atletas en los Juegos Ol\u00edmpicos, 30 a\u00f1os despu\u00e9s de que los Juegos Ol\u00edmpicos de 1992 se celebraran en Barcelona [...]<\/p>","protected":false},"featured_media":7851,"comment_status":"open","ping_status":"closed","template":"","meta":[],"product_brand":[],"product_cat":[31],"product_tag":[20,346,33,21,22,23,24,345],"class_list":{"0":"post-7812","1":"product","2":"type-product","3":"status-publish","4":"has-post-thumbnail","6":"product_cat-fc-barcelona","7":"product_tag-coole-fussballtrikots","8":"product_tag-fc-barcelona-2022-23-trikot","9":"product_tag-fc-barcelona-trikots","10":"product_tag-fussballtrikot-fuer-herren","11":"product_tag-fussballtrikot-guenstig-kaufen","12":"product_tag-fussballtrikot-kurzarm","13":"product_tag-guenstiges-fussballtrikot","14":"product_tag-neuen-fc-barcelona-trikots","16":"first","17":"instock","18":"shipping-taxable","19":"purchasable","20":"product-type-variable"},"_links":{"self":[{"href":"https:\/\/www.billigtrikotde.com\/es\/wp-json\/wp\/v2\/product\/7812","targetHints":{"allow":["GET"]}}],"collection":[{"href":"https:\/\/www.billigtrikotde.com\/es\/wp-json\/wp\/v2\/product"}],"about":[{"href":"https:\/\/www.billigtrikotde.com\/es\/wp-json\/wp\/v2\/types\/product"}],"replies":[{"embeddable":true,"href":"https:\/\/www.billigtrikotde.com\/es\/wp-json\/wp\/v2\/comments?post=7812"}],"wp:featuredmedia":[{"embeddable":true,"href":"https:\/\/www.billigtrikotde.com\/es\/wp-json\/wp\/v2\/media\/7851"}],"wp:attachment":[{"href":"https:\/\/www.billigtrikotde.com\/es\/wp-json\/wp\/v2\/media?parent=7812"}],"wp:term":[{"taxonomy":"product_brand","embeddable":true,"href":"https:\/\/www.billigtrikotde.com\/es\/wp-json\/wp\/v2\/product_brand?post=7812"},{"taxonomy":"product_cat","embeddable":true,"href":"https:\/\/www.billigtrikotde.com\/es\/wp-json\/wp\/v2\/product_cat?post=7812"},{"taxonomy":"product_tag","embeddable":true,"href":"https:\/\/www.billigtrikotde.com\/es\/wp-json\/wp\/v2\/product_tag?post=7812"}],"curies":[{"name":"wp","href":"https:\/\/api.w.org\/{rel}","templated":true}]}}