{"id":7704,"date":"2024-10-24T01:00:48","date_gmt":"2024-10-23T23:00:48","guid":{"rendered":"http:\/\/billigtrikots.com\/?post_type=product&#038;p=7704"},"modified":"2024-10-24T01:02:57","modified_gmt":"2024-10-23T23:02:57","slug":"herren-fc-barcelona-22-23-heimtrikot-dunkelblau-kurzarm-kurze-hosen","status":"publish","type":"product","link":"https:\/\/www.billigtrikotde.com\/es\/herren-fc-barcelona-22-23-heimtrikot-dunkelblau-kurzarm-kurze-hosen\/","title":{"rendered":"Camiseta Home FC Barcelona 22\/23 azul oscuro manga corta + pantal\u00f3n corto"},"content":{"rendered":"<p>Descubre la camiseta local del Bar\u00e7a 2022\/2023 . Luce con orgullo los colores blaugrana en el campo o fuera de \u00e9l.<\/p>\n<p>Un maillot flexible y ligero con tecnolog\u00eda Nike Dri Fit, una prenda que evita que el sudor penetre en tu juego o entrenamiento. Mantente seco despu\u00e9s de tus aceleraciones.<\/p>\n<p>Imagina al p\u00fablico del Camp Nou anim\u00e1ndote tras marcar un golazo. Emocionante, \u00bfverdad?<\/p>\n<p>Consejos para la impresi\u00f3n: Si el nombre y el n\u00famero que aparecen en la imagen son exactamente los que desea, no es necesario que los vuelva a introducir. En caso contrario, deber\u00e1 introducir el nombre y el n\u00famero que desee.<\/p>\n<p>Consejos de lavado: Se recomienda lavar las camisetas de f\u00fatbol a mano. Si desea utilizar la lavadora, recuerde poner las camisetas de f\u00fatbol del rev\u00e9s y luego lavarlas. Llena la lavadora con agua fr\u00eda y utiliza un ciclo delicado para proteger mejor los colores.<\/p>","protected":false},"excerpt":{"rendered":"<p>Descubre la camiseta de local del Bar\u00e7a 2022\/2023. Lleva con orgullo los colores de la Blaugrana en el campo o fuera de \u00e9l. Una camiseta flexible y ligera con tecnolog\u00eda Nike Dri-Fit, una prenda que evita que el sudor penetre en tu juego o entrenamiento. Mantente seco despu\u00e9s de tus aceleraciones. Imagina que los espectadores en el Camp Nou aplaudir\u00edan [\u2026]<\/p>","protected":false},"featured_media":7743,"comment_status":"open","ping_status":"closed","template":"","meta":[],"product_brand":[],"product_cat":[31],"product_tag":[32,20,33,21,22,23,24],"class_list":{"0":"post-7704","1":"product","2":"type-product","3":"status-publish","4":"has-post-thumbnail","6":"product_cat-fc-barcelona","7":"product_tag-barcelona-heimtrikot","8":"product_tag-coole-fussballtrikots","9":"product_tag-fc-barcelona-trikots","10":"product_tag-fussballtrikot-fuer-herren","11":"product_tag-fussballtrikot-guenstig-kaufen","12":"product_tag-fussballtrikot-kurzarm","13":"product_tag-guenstiges-fussballtrikot","15":"first","16":"instock","17":"shipping-taxable","18":"purchasable","19":"product-type-variable"},"_links":{"self":[{"href":"https:\/\/www.billigtrikotde.com\/es\/wp-json\/wp\/v2\/product\/7704","targetHints":{"allow":["GET"]}}],"collection":[{"href":"https:\/\/www.billigtrikotde.com\/es\/wp-json\/wp\/v2\/product"}],"about":[{"href":"https:\/\/www.billigtrikotde.com\/es\/wp-json\/wp\/v2\/types\/product"}],"replies":[{"embeddable":true,"href":"https:\/\/www.billigtrikotde.com\/es\/wp-json\/wp\/v2\/comments?post=7704"}],"wp:featuredmedia":[{"embeddable":true,"href":"https:\/\/www.billigtrikotde.com\/es\/wp-json\/wp\/v2\/media\/7743"}],"wp:attachment":[{"href":"https:\/\/www.billigtrikotde.com\/es\/wp-json\/wp\/v2\/media?parent=7704"}],"wp:term":[{"taxonomy":"product_brand","embeddable":true,"href":"https:\/\/www.billigtrikotde.com\/es\/wp-json\/wp\/v2\/product_brand?post=7704"},{"taxonomy":"product_cat","embeddable":true,"href":"https:\/\/www.billigtrikotde.com\/es\/wp-json\/wp\/v2\/product_cat?post=7704"},{"taxonomy":"product_tag","embeddable":true,"href":"https:\/\/www.billigtrikotde.com\/es\/wp-json\/wp\/v2\/product_tag?post=7704"}],"curies":[{"name":"wp","href":"https:\/\/api.w.org\/{rel}","templated":true}]}}