{"id":762,"date":"2024-10-23T13:03:01","date_gmt":"2024-10-23T11:03:01","guid":{"rendered":"http:\/\/billigtrikots.com\/?post_type=product&#038;p=762"},"modified":"2024-10-23T13:04:59","modified_gmt":"2024-10-23T11:04:59","slug":"herren-trikot-away-blau-real-madrid-auswaertstrikot-2022-mit-aufdruck-gutierrez-35","status":"publish","type":"product","link":"https:\/\/www.billigtrikotde.com\/es\/herren-trikot-away-blau-real-madrid-auswaertstrikot-2022-mit-aufdruck-gutierrez-35\/","title":{"rendered":"Camiseta de visitante de hombre Azul Camiseta de visitante del Real Madrid 2022 con estampado Guti\u00e9rrez 35"},"content":{"rendered":"<p>Muestra tu orgullo por el equipo y apoya al Real Madrid en la temporada 2021\/2022 con la camiseta oficial adidas de visitante. La versi\u00f3n fan de la camiseta visitante para hombre se parece al modelo que llevan los profesionales del Real Madrid sobre el terreno de juego. El material sostenible Primegreen est\u00e1 hecho de poli\u00e9ster reciclado y garantiza una agradable sensaci\u00f3n de sequedad gracias a la tecnolog\u00eda AEROREADY que absorbe la humedad. Los detalles aut\u00e9nticos del equipo, como el escudo del club en el pecho, demuestran tu lealtad a los blancos.<\/p>\n<p>Consejos para la impresi\u00f3n: Si el nombre y el n\u00famero que aparecen en la imagen son exactamente los que desea, no es necesario que los vuelva a introducir. En caso contrario, deber\u00e1 introducir el nombre y el n\u00famero que desee.<\/p>\n<p>Consejos de lavado: Se recomienda lavar las camisetas de f\u00fatbol a mano. Si desea utilizar la lavadora, recuerde poner las camisetas de f\u00fatbol del rev\u00e9s y luego lavarlas. Llena la lavadora con agua fr\u00eda y utiliza un ciclo delicado para proteger mejor los colores.<\/p>","protected":false},"excerpt":{"rendered":"<p>Zeige deinen Teamstolz und unterst\u00fctze Real Madrid in der Saison 2021\/2022 im offiziellen adidas Ausw\u00e4rtstrikot. Die Fan-Version des Away Jerseys f\u00fcr Herren sieht aus wie das Modell, das die Real-Profis auf dem Platz tragen. Das nachhaltige Primegreen-Material besteht aus recyceltem Polyester und sorgt dank der feuchtigkeitsableitenden AEROREADY-Technologie f\u00fcr ein angenehm trockenes Tragegef\u00fchl. Authentische Teamdetails wie [&hellip;]<\/p>","protected":false},"featured_media":796,"comment_status":"open","ping_status":"closed","template":"","meta":[],"product_brand":[],"product_cat":[45],"product_tag":[20,21,22,23,24,49,47],"class_list":{"0":"post-762","1":"product","2":"type-product","3":"status-publish","4":"has-post-thumbnail","6":"product_cat-real-madrid","7":"product_tag-coole-fussballtrikots","8":"product_tag-fussballtrikot-fuer-herren","9":"product_tag-fussballtrikot-guenstig-kaufen","10":"product_tag-fussballtrikot-kurzarm","11":"product_tag-guenstiges-fussballtrikot","12":"product_tag-real-madrid-auswaertstrikot","13":"product_tag-real-madrid-trikots","15":"first","16":"instock","17":"shipping-taxable","18":"purchasable","19":"product-type-variable"},"_links":{"self":[{"href":"https:\/\/www.billigtrikotde.com\/es\/wp-json\/wp\/v2\/product\/762","targetHints":{"allow":["GET"]}}],"collection":[{"href":"https:\/\/www.billigtrikotde.com\/es\/wp-json\/wp\/v2\/product"}],"about":[{"href":"https:\/\/www.billigtrikotde.com\/es\/wp-json\/wp\/v2\/types\/product"}],"replies":[{"embeddable":true,"href":"https:\/\/www.billigtrikotde.com\/es\/wp-json\/wp\/v2\/comments?post=762"}],"wp:featuredmedia":[{"embeddable":true,"href":"https:\/\/www.billigtrikotde.com\/es\/wp-json\/wp\/v2\/media\/796"}],"wp:attachment":[{"href":"https:\/\/www.billigtrikotde.com\/es\/wp-json\/wp\/v2\/media?parent=762"}],"wp:term":[{"taxonomy":"product_brand","embeddable":true,"href":"https:\/\/www.billigtrikotde.com\/es\/wp-json\/wp\/v2\/product_brand?post=762"},{"taxonomy":"product_cat","embeddable":true,"href":"https:\/\/www.billigtrikotde.com\/es\/wp-json\/wp\/v2\/product_cat?post=762"},{"taxonomy":"product_tag","embeddable":true,"href":"https:\/\/www.billigtrikotde.com\/es\/wp-json\/wp\/v2\/product_tag?post=762"}],"curies":[{"name":"wp","href":"https:\/\/api.w.org\/{rel}","templated":true}]}}