{"id":7520,"date":"2024-10-23T18:33:18","date_gmt":"2024-10-23T16:33:18","guid":{"rendered":"http:\/\/billigtrikots.com\/?post_type=product&#038;p=7520"},"modified":"2024-10-23T18:35:27","modified_gmt":"2024-10-23T16:35:27","slug":"herren-fc-barcelona-2022-23-ausweichtrikot-weiss-trikotsatz-kurzarm-kurze-hosen-sergio-5","status":"publish","type":"product","link":"https:\/\/www.billigtrikotde.com\/es\/herren-fc-barcelona-2022-23-ausweichtrikot-weiss-trikotsatz-kurzarm-kurze-hosen-sergio-5\/","title":{"rendered":"Hombres FC Barcelona 2022\/23\u00aa camiseta visitante blanca Set de camisetas de manga corta + pantalones cortos SERGIO 5"},"content":{"rendered":"<p>La tercera camiseta de f\u00fatbol del Nike Barcelona 2022-2023 tiene un dise\u00f1o llamativo. Combina un color gris claro con una cruz blaugrana en la parte frontal.<\/p>\n<p>El color oficial de la tercera equipaci\u00f3n de Nike FC Barcelona para 2022-2023 se describe como \"gris cielo\" y caus\u00f3 cierta preocupaci\u00f3n entre la nueva presidencia por ser demasiado similar al blanco, el color del Real Madrid.<\/p>\n<p>Sin embargo, el Barcelona ya tuvo una equipaci\u00f3n de visitante plateada muy similar entre 1998 y 2001. Sin embargo, la camiseta se combin\u00f3 con pantalones azules hace 20 a\u00f1os.<\/p>\n<p>La cruz del centro representa la cruz de Sant Jordi, que forma parte del escudo del club.<\/p>\n<p>Esta camiseta recuerda que en 2022 se cumplir\u00e1n 30 a\u00f1os desde que la Generalitat otorg\u00f3 al FC Barcelona la Creu de Sant Jordi.<\/p>\n<p>Consejos para la impresi\u00f3n: Si el nombre y el n\u00famero que aparecen en la imagen son exactamente los que desea, no es necesario que los vuelva a introducir. En caso contrario, deber\u00e1 introducir el nombre y el n\u00famero que desee.<\/p>\n<p>Consejos de lavado: Se recomienda lavar las camisetas de f\u00fatbol a mano. Si desea utilizar la lavadora, recuerde poner las camisetas de f\u00fatbol del rev\u00e9s y luego lavarlas. Llena la lavadora con agua fr\u00eda y utiliza un ciclo delicado para proteger mejor los colores.<\/p>","protected":false},"excerpt":{"rendered":"<p>La tercera camiseta de f\u00fatbol del Nike Barcelona 2022-2023 tiene un dise\u00f1o llamativo. Combina un color gris claro de base con una cruz azulgrana en la parte frontal. El color oficial de la tercera camiseta del Nike FC Barcelona 2022-2023 se describe como \u00abgris celeste\u00bb y gener\u00f3 algunas preocupaciones en la nueva junta directiva, porque es demasiado similar al blanco, el color del Real Madrid [...]<\/p>","protected":false},"featured_media":7552,"comment_status":"open","ping_status":"closed","template":"","meta":[],"product_brand":[],"product_cat":[31],"product_tag":[20,37,33,21,22,23,24],"class_list":{"0":"post-7520","1":"product","2":"type-product","3":"status-publish","4":"has-post-thumbnail","6":"product_cat-fc-barcelona","7":"product_tag-coole-fussballtrikots","8":"product_tag-fc-barcelona-ausweichtrikot","9":"product_tag-fc-barcelona-trikots","10":"product_tag-fussballtrikot-fuer-herren","11":"product_tag-fussballtrikot-guenstig-kaufen","12":"product_tag-fussballtrikot-kurzarm","13":"product_tag-guenstiges-fussballtrikot","15":"first","16":"instock","17":"shipping-taxable","18":"purchasable","19":"product-type-variable"},"_links":{"self":[{"href":"https:\/\/www.billigtrikotde.com\/es\/wp-json\/wp\/v2\/product\/7520","targetHints":{"allow":["GET"]}}],"collection":[{"href":"https:\/\/www.billigtrikotde.com\/es\/wp-json\/wp\/v2\/product"}],"about":[{"href":"https:\/\/www.billigtrikotde.com\/es\/wp-json\/wp\/v2\/types\/product"}],"replies":[{"embeddable":true,"href":"https:\/\/www.billigtrikotde.com\/es\/wp-json\/wp\/v2\/comments?post=7520"}],"wp:featuredmedia":[{"embeddable":true,"href":"https:\/\/www.billigtrikotde.com\/es\/wp-json\/wp\/v2\/media\/7552"}],"wp:attachment":[{"href":"https:\/\/www.billigtrikotde.com\/es\/wp-json\/wp\/v2\/media?parent=7520"}],"wp:term":[{"taxonomy":"product_brand","embeddable":true,"href":"https:\/\/www.billigtrikotde.com\/es\/wp-json\/wp\/v2\/product_brand?post=7520"},{"taxonomy":"product_cat","embeddable":true,"href":"https:\/\/www.billigtrikotde.com\/es\/wp-json\/wp\/v2\/product_cat?post=7520"},{"taxonomy":"product_tag","embeddable":true,"href":"https:\/\/www.billigtrikotde.com\/es\/wp-json\/wp\/v2\/product_tag?post=7520"}],"curies":[{"name":"wp","href":"https:\/\/api.w.org\/{rel}","templated":true}]}}