{"id":7476,"date":"2024-10-23T18:31:07","date_gmt":"2024-10-23T16:31:07","guid":{"rendered":"http:\/\/billigtrikots.com\/?post_type=product&#038;p=7476"},"modified":"2024-10-23T18:33:12","modified_gmt":"2024-10-23T16:33:12","slug":"manchester-city-torwarttrikot-fuer-herren-2022-23-langarm-orange-trikotsatz","status":"publish","type":"product","link":"https:\/\/www.billigtrikotde.com\/es\/manchester-city-torwarttrikot-fuer-herren-2022-23-langarm-orange-trikotsatz\/","title":{"rendered":"Camiseta de portero del Manchester City para hombre 2022\/23 Kit naranja de manga larga"},"content":{"rendered":"<p>La camiseta de portero del Manchester City Home para la temporada 22\/23 es imprescindible en el armario de cualquier joven Cityzen. Presenta cuello redondo y el exclusivo \"gr\u00e1fico r\u00e1pido\" de PUMA en la parte delantera de la camiseta. De manga larga y corte recto, esta camiseta para chicos y chicas te dar\u00e1 la misma ventaja que Ederson.<\/p>\n<p>Consejos para la impresi\u00f3n: Si el nombre y el n\u00famero que aparecen en la imagen son exactamente los que desea, no es necesario que los vuelva a introducir. En caso contrario, deber\u00e1 introducir el nombre y el n\u00famero que desee.<\/p>\n<p>Consejos de lavado: Se recomienda lavar las camisetas de f\u00fatbol a mano. Si desea utilizar la lavadora, recuerde poner las camisetas de f\u00fatbol del rev\u00e9s y luego lavarlas. Llena la lavadora con agua fr\u00eda y utiliza un ciclo delicado para proteger mejor los colores.<\/p>","protected":false},"excerpt":{"rendered":"<p>La camiseta de portero del Manchester City Home para la temporada 22\/23 es imprescindible en el armario de cualquier joven Cityzen. Presenta cuello redondo y el exclusivo \"gr\u00e1fico r\u00e1pido\" de PUMA en la parte delantera de la camiseta. De manga larga y corte recto, esta camiseta para chicos y chicas te dar\u00e1 la misma ventaja que Ederson.<\/p>","protected":false},"featured_media":7514,"comment_status":"open","ping_status":"closed","template":"","meta":[],"product_brand":[],"product_cat":[82],"product_tag":[20,21,22,333,24,334,273,84],"class_list":{"0":"post-7476","1":"product","2":"type-product","3":"status-publish","4":"has-post-thumbnail","6":"product_cat-manchester-city","7":"product_tag-coole-fussballtrikots","8":"product_tag-fussballtrikot-fuer-herren","9":"product_tag-fussballtrikot-guenstig-kaufen","10":"product_tag-fussballtrikot-langaermeliges","11":"product_tag-guenstiges-fussballtrikot","12":"product_tag-manchester-city-torwarttrikot","13":"product_tag-manchester-city-trikot-22-23","14":"product_tag-manchester-city-trikots","16":"first","17":"instock","18":"shipping-taxable","19":"purchasable","20":"product-type-variable"},"_links":{"self":[{"href":"https:\/\/www.billigtrikotde.com\/es\/wp-json\/wp\/v2\/product\/7476","targetHints":{"allow":["GET"]}}],"collection":[{"href":"https:\/\/www.billigtrikotde.com\/es\/wp-json\/wp\/v2\/product"}],"about":[{"href":"https:\/\/www.billigtrikotde.com\/es\/wp-json\/wp\/v2\/types\/product"}],"replies":[{"embeddable":true,"href":"https:\/\/www.billigtrikotde.com\/es\/wp-json\/wp\/v2\/comments?post=7476"}],"wp:featuredmedia":[{"embeddable":true,"href":"https:\/\/www.billigtrikotde.com\/es\/wp-json\/wp\/v2\/media\/7514"}],"wp:attachment":[{"href":"https:\/\/www.billigtrikotde.com\/es\/wp-json\/wp\/v2\/media?parent=7476"}],"wp:term":[{"taxonomy":"product_brand","embeddable":true,"href":"https:\/\/www.billigtrikotde.com\/es\/wp-json\/wp\/v2\/product_brand?post=7476"},{"taxonomy":"product_cat","embeddable":true,"href":"https:\/\/www.billigtrikotde.com\/es\/wp-json\/wp\/v2\/product_cat?post=7476"},{"taxonomy":"product_tag","embeddable":true,"href":"https:\/\/www.billigtrikotde.com\/es\/wp-json\/wp\/v2\/product_tag?post=7476"}],"curies":[{"name":"wp","href":"https:\/\/api.w.org\/{rel}","templated":true}]}}