{"id":7428,"date":"2024-10-23T18:28:46","date_gmt":"2024-10-23T16:28:46","guid":{"rendered":"http:\/\/billigtrikots.com\/?post_type=product&#038;p=7428"},"modified":"2024-10-23T18:30:58","modified_gmt":"2024-10-23T16:30:58","slug":"kinder-heimtrikot-argentinien-wm-2022-weiss-blau-bestellen-mit-aufdruck-de-paul-7","status":"publish","type":"product","link":"https:\/\/www.billigtrikotde.com\/es\/kinder-heimtrikot-argentinien-wm-2022-weiss-blau-bestellen-mit-aufdruck-de-paul-7\/","title":{"rendered":"Camiseta Argentina Mundial 2022 blanco azul con estampado DE PAUL 7"},"content":{"rendered":"<p>La nueva camiseta de Argentina para 2022 es predominantemente blanca con logotipos negros, incluido el flamante logotipo de Adidas, que debutar\u00e1 en el f\u00fatbol con las camisetas de la Copa Mundial de 2022.<\/p>\n<p>Las rayas de la nueva camiseta de Argentina para el Mundial 2022 son cl\u00e1sicas, pero s\u00f3lo en la parte delantera. Las rayas de la espalda son realmente inusuales: en lugar de ser del mismo ancho, hay dos rayas celestes m\u00e1s finas en el centro y dos m\u00e1s anchas en el exterior de la camiseta. Estas rayas m\u00e1s anchas son aproximadamente tres veces m\u00e1s anchas que las rayas del centro.<\/p>\n<p>Su dise\u00f1o recuerda a la bandera argentina. Tambi\u00e9n basado en la bandera, el Sol de Mayo, el emblema nacional argentino, se encuentra en la espalda, bajo el cuello.<\/p>\n<p>Pantalones negros y medias blancas completan la equipaci\u00f3n de Argentina 2022.<\/p>\n<p>Consejos para la impresi\u00f3n: Si el nombre y el n\u00famero que aparecen en la imagen son exactamente los que desea, no es necesario que los vuelva a introducir. En caso contrario, deber\u00e1 introducir el nombre y el n\u00famero que desee.<\/p>\n<p>Consejos de lavado: Se recomienda lavar las camisetas de f\u00fatbol a mano. Si desea utilizar la lavadora, recuerde poner las camisetas de f\u00fatbol del rev\u00e9s y luego lavarlas. Llena la lavadora con agua fr\u00eda y utiliza un ciclo delicado para proteger mejor los colores.<\/p>","protected":false},"excerpt":{"rendered":"<p>Argentiniens neues Trikot f\u00fcr 2022 ist \u00fcberwiegend wei\u00df mit schwarzen Logos \u2013 darunter das brandneue Adidas-Logo, das mit den WM-Trikots 2022 sein Fu\u00dfballdeb\u00fct feiert. Die Streifen auf dem neuen Argentinien WM 2022 Trikot sind klassisch, aber nur auf der Vorderseite. Die Streifen auf der R\u00fcckseite sind wirklich ungew\u00f6hnlich: Anstatt gleich breit zu sein, gibt es [&hellip;]<\/p>","protected":false},"featured_media":7466,"comment_status":"open","ping_status":"closed","template":"","meta":[],"product_brand":[],"product_cat":[325,91],"product_tag":[231,326,20,222,21,22,23,24,94],"class_list":{"0":"post-7428","1":"product","2":"type-product","3":"status-publish","4":"has-post-thumbnail","6":"product_cat-argentinien-trikots","7":"product_cat-kindertrikots","8":"product_tag-argentina-trikots","9":"product_tag-argentina-trikotsatz-fuer-kinder","10":"product_tag-coole-fussballtrikots","11":"product_tag-fussball-wm-2022-trikots","12":"product_tag-fussballtrikot-fuer-herren","13":"product_tag-fussballtrikot-guenstig-kaufen","14":"product_tag-fussballtrikot-kurzarm","15":"product_tag-guenstiges-fussballtrikot","16":"product_tag-kinder-fussball-trikotsatz","18":"first","19":"instock","20":"shipping-taxable","21":"purchasable","22":"product-type-variable"},"_links":{"self":[{"href":"https:\/\/www.billigtrikotde.com\/es\/wp-json\/wp\/v2\/product\/7428","targetHints":{"allow":["GET"]}}],"collection":[{"href":"https:\/\/www.billigtrikotde.com\/es\/wp-json\/wp\/v2\/product"}],"about":[{"href":"https:\/\/www.billigtrikotde.com\/es\/wp-json\/wp\/v2\/types\/product"}],"replies":[{"embeddable":true,"href":"https:\/\/www.billigtrikotde.com\/es\/wp-json\/wp\/v2\/comments?post=7428"}],"wp:featuredmedia":[{"embeddable":true,"href":"https:\/\/www.billigtrikotde.com\/es\/wp-json\/wp\/v2\/media\/7466"}],"wp:attachment":[{"href":"https:\/\/www.billigtrikotde.com\/es\/wp-json\/wp\/v2\/media?parent=7428"}],"wp:term":[{"taxonomy":"product_brand","embeddable":true,"href":"https:\/\/www.billigtrikotde.com\/es\/wp-json\/wp\/v2\/product_brand?post=7428"},{"taxonomy":"product_cat","embeddable":true,"href":"https:\/\/www.billigtrikotde.com\/es\/wp-json\/wp\/v2\/product_cat?post=7428"},{"taxonomy":"product_tag","embeddable":true,"href":"https:\/\/www.billigtrikotde.com\/es\/wp-json\/wp\/v2\/product_tag?post=7428"}],"curies":[{"name":"wp","href":"https:\/\/api.w.org\/{rel}","templated":true}]}}