{"id":7374,"date":"2024-10-23T18:26:24","date_gmt":"2024-10-23T16:26:24","guid":{"rendered":"http:\/\/billigtrikots.com\/?post_type=product&#038;p=7374"},"modified":"2024-10-23T18:28:02","modified_gmt":"2024-10-23T16:28:02","slug":"theo-19-ac-mailand-2022-23-heimtrikot-rot-schwarz-fuer-kinder","status":"publish","type":"product","link":"https:\/\/www.billigtrikotde.com\/es\/theo-19-ac-mailand-2022-23-heimtrikot-rot-schwarz-fuer-kinder\/","title":{"rendered":"THEO 19 AC Milan 2022\/23 camiseta de casa rojo negro para ni\u00f1os"},"content":{"rendered":"<p>Descubre la nueva camiseta local del Milan 2022\/2023. Luce con orgullo los colores de tu equipo favorito en el campo o fuera de \u00e9l.<\/p>\n<p>Un maillot flexible y ligero con tecnolog\u00eda Puma DryCELL, una prenda que impide que penetre el sudor durante tu partido o entrenamiento. Mantente seco despu\u00e9s de tus aceleraciones.<\/p>\n<p>Imag\u00ednese al p\u00fablico de San Siro anim\u00e1ndole tras un gran gol.<\/p>\n<p>La camiseta est\u00e1 inspirada en la que lleva el equipo profesional durante los partidos.<\/p>\n<p>MANTENERSE SECO BAJO PRESI\u00d3N<\/p>\n<p>Est\u00e1 confeccionado con la tecnolog\u00eda Puma DryCELL y ayuda a absorber el sudor. Para que te mantengas seco durante tus esfuerzos.<\/p>\n<p>Consejos para la impresi\u00f3n: Si el nombre y el n\u00famero que aparecen en la imagen son exactamente los que desea, no es necesario que los vuelva a introducir. En caso contrario, deber\u00e1 introducir el nombre y el n\u00famero que desee.<\/p>\n<p>Consejos de lavado: Se recomienda lavar las camisetas de f\u00fatbol a mano. Si desea utilizar la lavadora, recuerde poner las camisetas de f\u00fatbol del rev\u00e9s y luego lavarlas. Llena la lavadora con agua fr\u00eda y utiliza un ciclo delicado para proteger mejor los colores.<\/p>","protected":false},"excerpt":{"rendered":"<p>Entdecke das neue Milan 2022\/2023 Heimtrikot . Tragen Sie stolz die Farben Ihres Lieblingsteams auf dem Platz oder drau\u00dfen. Ein flexibles und leichtes Trikot mit Puma DryCELL -Technologie, ein Kleidungsst\u00fcck, das das Eindringen von Schwei\u00df w\u00e4hrend Ihres Spiels oder Trainings verhindert. Bleiben Sie nach Ihren Beschleunigungen trocken. Stellen Sie sich vor, die Zuschauer von San [&hellip;]<\/p>","protected":false},"featured_media":7407,"comment_status":"open","ping_status":"closed","template":"","meta":[],"product_brand":[],"product_cat":[92],"product_tag":[25,93,20,21,23,24,94],"class_list":{"0":"post-7374","1":"product","2":"type-product","3":"status-publish","4":"has-post-thumbnail","6":"product_cat-ac-mailand-kindertrikot","7":"product_tag-ac-milan-heimtrikot","8":"product_tag-ac-milan-trikotsatz-fuer-kinder","9":"product_tag-coole-fussballtrikots","10":"product_tag-fussballtrikot-fuer-herren","11":"product_tag-fussballtrikot-kurzarm","12":"product_tag-guenstiges-fussballtrikot","13":"product_tag-kinder-fussball-trikotsatz","15":"first","16":"instock","17":"shipping-taxable","18":"purchasable","19":"product-type-variable"},"_links":{"self":[{"href":"https:\/\/www.billigtrikotde.com\/es\/wp-json\/wp\/v2\/product\/7374","targetHints":{"allow":["GET"]}}],"collection":[{"href":"https:\/\/www.billigtrikotde.com\/es\/wp-json\/wp\/v2\/product"}],"about":[{"href":"https:\/\/www.billigtrikotde.com\/es\/wp-json\/wp\/v2\/types\/product"}],"replies":[{"embeddable":true,"href":"https:\/\/www.billigtrikotde.com\/es\/wp-json\/wp\/v2\/comments?post=7374"}],"wp:featuredmedia":[{"embeddable":true,"href":"https:\/\/www.billigtrikotde.com\/es\/wp-json\/wp\/v2\/media\/7407"}],"wp:attachment":[{"href":"https:\/\/www.billigtrikotde.com\/es\/wp-json\/wp\/v2\/media?parent=7374"}],"wp:term":[{"taxonomy":"product_brand","embeddable":true,"href":"https:\/\/www.billigtrikotde.com\/es\/wp-json\/wp\/v2\/product_brand?post=7374"},{"taxonomy":"product_cat","embeddable":true,"href":"https:\/\/www.billigtrikotde.com\/es\/wp-json\/wp\/v2\/product_cat?post=7374"},{"taxonomy":"product_tag","embeddable":true,"href":"https:\/\/www.billigtrikotde.com\/es\/wp-json\/wp\/v2\/product_tag?post=7374"}],"curies":[{"name":"wp","href":"https:\/\/api.w.org\/{rel}","templated":true}]}}