{"id":7344,"date":"2024-10-23T18:24:46","date_gmt":"2024-10-23T16:24:46","guid":{"rendered":"http:\/\/billigtrikots.com\/?post_type=product&#038;p=7344"},"modified":"2024-10-23T18:26:53","modified_gmt":"2024-10-23T16:26:53","slug":"fussballtrikot-fuer-herren-leicester-city-2022-23-heimtrikot-blau-weiss-trikotsatz-maddison-10","status":"publish","type":"product","link":"https:\/\/www.billigtrikotde.com\/es\/fussballtrikot-fuer-herren-leicester-city-2022-23-heimtrikot-blau-weiss-trikotsatz-maddison-10\/","title":{"rendered":"Camiseta de f\u00fatbol para hombre Leicester City 2022-23 Home Jersey azul blanco Kit MADDISON 10"},"content":{"rendered":"<p>La camiseta local Adidas Leicester City 2022-23 viene en el color azul habitual del club y tiene un color base liso sin gr\u00e1ficos. Al igual que varios otros equipos Adidas B este a\u00f1o, se utiliza un template est\u00e1ndar con cuello blanco y las rayas Adidas en los hombros aparecen en blanco, al igual que los logotipos de los patrocinadores. Sin embargo, el escudo del Leicester es de color dorado y azul y el logotipo de Adidas tambi\u00e9n es de color dorado, continuando con el uso del dorado por parte de Adidas en todas las equipaciones del Leicester que ha producido hasta ahora.<\/p>\n<p>Consejos para la impresi\u00f3n: Si el nombre y el n\u00famero que aparecen en la imagen son exactamente los que desea, no es necesario que los vuelva a introducir. En caso contrario, deber\u00e1 introducir el nombre y el n\u00famero que desee.<\/p>\n<p>Consejos de lavado: Se recomienda lavar las camisetas de f\u00fatbol a mano. Si desea utilizar la lavadora, recuerde poner las camisetas de f\u00fatbol del rev\u00e9s y luego lavarlas. Llena la lavadora con agua fr\u00eda y utiliza un ciclo delicado para proteger mejor los colores.<\/p>","protected":false},"excerpt":{"rendered":"<p>Das Adidas Leicester City 2022-23 Heim trikot kommt im gewohnten Blauton des Vereins daher und hat einen einfarbigen Grundton ohne Grafik. Wie schon bei einigen anderen B-Mannschaften von Adidas in diesem Jahr wird eine Standardvorlage mit einem wei\u00dfen Kragen verwendet.Die Adidas-Streifen auf den Schultern erscheinen in Wei\u00df, genau wie die Sponsorenlogos. Das Wappen von Leicester [&hellip;]<\/p>","protected":false},"featured_media":7382,"comment_status":"open","ping_status":"closed","template":"","meta":[],"product_brand":[],"product_cat":[80],"product_tag":[20,21,22,23,54,24,323,324],"class_list":{"0":"post-7344","1":"product","2":"type-product","3":"status-publish","4":"has-post-thumbnail","6":"product_cat-leicester-city","7":"product_tag-coole-fussballtrikots","8":"product_tag-fussballtrikot-fuer-herren","9":"product_tag-fussballtrikot-guenstig-kaufen","10":"product_tag-fussballtrikot-kurzarm","11":"product_tag-fussballtrikot-set","12":"product_tag-guenstiges-fussballtrikot","13":"product_tag-leicester-city-2022-23-heimtrikot","14":"product_tag-leicester-city-heimtrikot","16":"first","17":"instock","18":"shipping-taxable","19":"purchasable","20":"product-type-variable"},"_links":{"self":[{"href":"https:\/\/www.billigtrikotde.com\/es\/wp-json\/wp\/v2\/product\/7344","targetHints":{"allow":["GET"]}}],"collection":[{"href":"https:\/\/www.billigtrikotde.com\/es\/wp-json\/wp\/v2\/product"}],"about":[{"href":"https:\/\/www.billigtrikotde.com\/es\/wp-json\/wp\/v2\/types\/product"}],"replies":[{"embeddable":true,"href":"https:\/\/www.billigtrikotde.com\/es\/wp-json\/wp\/v2\/comments?post=7344"}],"wp:featuredmedia":[{"embeddable":true,"href":"https:\/\/www.billigtrikotde.com\/es\/wp-json\/wp\/v2\/media\/7382"}],"wp:attachment":[{"href":"https:\/\/www.billigtrikotde.com\/es\/wp-json\/wp\/v2\/media?parent=7344"}],"wp:term":[{"taxonomy":"product_brand","embeddable":true,"href":"https:\/\/www.billigtrikotde.com\/es\/wp-json\/wp\/v2\/product_brand?post=7344"},{"taxonomy":"product_cat","embeddable":true,"href":"https:\/\/www.billigtrikotde.com\/es\/wp-json\/wp\/v2\/product_cat?post=7344"},{"taxonomy":"product_tag","embeddable":true,"href":"https:\/\/www.billigtrikotde.com\/es\/wp-json\/wp\/v2\/product_tag?post=7344"}],"curies":[{"name":"wp","href":"https:\/\/api.w.org\/{rel}","templated":true}]}}