{"id":7308,"date":"2024-10-23T18:23:04","date_gmt":"2024-10-23T16:23:04","guid":{"rendered":"http:\/\/billigtrikots.com\/?post_type=product&#038;p=7308"},"modified":"2024-10-23T18:25:09","modified_gmt":"2024-10-23T16:25:09","slug":"herren-castore-wolverhampton-wanderers-f-c-2022-23-heimtrikot-gelb-kurzarm-kurze-hosen-vinagre-29","status":"publish","type":"product","link":"https:\/\/www.billigtrikotde.com\/es\/herren-castore-wolverhampton-wanderers-f-c-2022-23-heimtrikot-gelb-kurzarm-kurze-hosen-vinagre-29\/","title":{"rendered":"Castore Wolverhampton Wanderers F.C. 2022-23 Home Shirt Hombre Amarillo Manga Corta + Pantalones Cortos Vinagre 29"},"content":{"rendered":"<p>Esta camiseta de Castore con camisetas en oro viejo, calcetas y pantalones cortos negros ha sido cuidadosamente coordinada una vez m\u00e1s con el color Pantone inconfundible del club. Despu\u00e9s de una detallada coordinaci\u00f3n y te\u00f1ido de colores, se ha logrado una vez m\u00e1s el verdadero Oro de Wolves, mientras que la tela de acabado mate en la parte trasera imita el flujo y el movimiento en el campo de juego y la banda del cuello le da un toque m\u00e1s personal.<\/p>\n<p>Consejos para la impresi\u00f3n: Si el nombre y el n\u00famero que aparecen en la imagen son exactamente los que desea, no es necesario que los vuelva a introducir. En caso contrario, deber\u00e1 introducir el nombre y el n\u00famero que desee.<\/p>\n<p>Consejos de lavado: Se recomienda lavar las camisetas de f\u00fatbol a mano. Si desea utilizar la lavadora, recuerde poner las camisetas de f\u00fatbol del rev\u00e9s y luego lavarlas. Llena la lavadora con agua fr\u00eda y utiliza un ciclo delicado para proteger mejor los colores.<\/p>","protected":false},"excerpt":{"rendered":"<p>Esta camiseta de Castore con camisetas en oro viejo, calcetas y pantalones cortos negros ha sido cuidadosamente coordinada una vez m\u00e1s con el color Pantone inconfundible del club. Despu\u00e9s de una detallada coordinaci\u00f3n y te\u00f1ido de colores, se ha logrado una vez m\u00e1s el verdadero Oro de Wolves, mientras que la tela de acabado mate en la parte trasera imita el flujo y el movimiento en el campo de juego y la banda del cuello le da un toque m\u00e1s personal.<\/p>","protected":false},"featured_media":7346,"comment_status":"open","ping_status":"closed","template":"","meta":[],"product_brand":[],"product_cat":[69],"product_tag":[20,70,21,22,23,24,71],"class_list":{"0":"post-7308","1":"product","2":"type-product","3":"status-publish","4":"has-post-thumbnail","6":"product_cat-wolverhampton-wanderers","7":"product_tag-coole-fussballtrikots","8":"product_tag-castore-wolves-heimtrikot","9":"product_tag-fussballtrikot-fuer-herren","10":"product_tag-fussballtrikot-guenstig-kaufen","11":"product_tag-fussballtrikot-kurzarm","12":"product_tag-guenstiges-fussballtrikot","13":"product_tag-wolverhampton-wanderers-trikots","15":"first","16":"instock","17":"shipping-taxable","18":"purchasable","19":"product-type-variable"},"_links":{"self":[{"href":"https:\/\/www.billigtrikotde.com\/es\/wp-json\/wp\/v2\/product\/7308","targetHints":{"allow":["GET"]}}],"collection":[{"href":"https:\/\/www.billigtrikotde.com\/es\/wp-json\/wp\/v2\/product"}],"about":[{"href":"https:\/\/www.billigtrikotde.com\/es\/wp-json\/wp\/v2\/types\/product"}],"replies":[{"embeddable":true,"href":"https:\/\/www.billigtrikotde.com\/es\/wp-json\/wp\/v2\/comments?post=7308"}],"wp:featuredmedia":[{"embeddable":true,"href":"https:\/\/www.billigtrikotde.com\/es\/wp-json\/wp\/v2\/media\/7346"}],"wp:attachment":[{"href":"https:\/\/www.billigtrikotde.com\/es\/wp-json\/wp\/v2\/media?parent=7308"}],"wp:term":[{"taxonomy":"product_brand","embeddable":true,"href":"https:\/\/www.billigtrikotde.com\/es\/wp-json\/wp\/v2\/product_brand?post=7308"},{"taxonomy":"product_cat","embeddable":true,"href":"https:\/\/www.billigtrikotde.com\/es\/wp-json\/wp\/v2\/product_cat?post=7308"},{"taxonomy":"product_tag","embeddable":true,"href":"https:\/\/www.billigtrikotde.com\/es\/wp-json\/wp\/v2\/product_tag?post=7308"}],"curies":[{"name":"wp","href":"https:\/\/api.w.org\/{rel}","templated":true}]}}