{"id":73,"date":"2024-10-23T12:04:07","date_gmt":"2024-10-23T10:04:07","guid":{"rendered":"http:\/\/billigtrikots.com\/?post_type=product&#038;p=73"},"modified":"2024-10-23T12:05:44","modified_gmt":"2024-10-23T10:05:44","slug":"ac-mailand-2021-22-herren-auswaerts-trikot-beige-rot-guenstig-online-kaufen","status":"publish","type":"product","link":"https:\/\/www.billigtrikotde.com\/es\/ac-mailand-2021-22-herren-auswaerts-trikot-beige-rot-guenstig-online-kaufen\/","title":{"rendered":"AC Milan 2021\/22 Camiseta exterior hombre beige\/rojo comprar barato online"},"content":{"rendered":"<p>La camiseta del AC Milan est\u00e1 hecha de poli\u00e9ster reciclado de alta calidad, que es muy suave para la piel y tambi\u00e9n destaca por su durabilidad y resistencia. Fabricada con materiales completamente reciclados, \u00a1la camiseta puede destacar por su sostenibilidad! Tambi\u00e9n se beneficia del material funcional transpirable DryCELL, que transporta la humedad inmediatamente del cuerpo hacia afuera y, por lo tanto, ofrece una sensaci\u00f3n de frescura y comodidad al llevarla.<\/p>\n<p>Esta versi\u00f3n r\u00e9plica de la camiseta de visitante original es un poco m\u00e1s ajustada y invita a sentirse c\u00f3modo. Las mangas ragl\u00e1n, comprobadas, tambi\u00e9n contribuyen a una libertad de movimiento sin restricciones.<\/p>\n<p>Consejos para la impresi\u00f3n: Si el nombre y el n\u00famero que aparecen en la imagen son exactamente los que desea, no es necesario que los vuelva a introducir. En caso contrario, deber\u00e1 introducir el nombre y el n\u00famero que desee.<\/p>\n<p>Consejos de lavado: Se recomienda lavar las camisetas de f\u00fatbol a mano. Si desea utilizar la lavadora, recuerde poner las camisetas de f\u00fatbol del rev\u00e9s y luego lavarlas. Llena la lavadora con agua fr\u00eda y utiliza un ciclo delicado para proteger mejor los colores.<\/p>","protected":false},"excerpt":{"rendered":"<p>La camiseta del AC Milan est\u00e1 hecha de poli\u00e9ster reciclado de alta calidad, que es muy suave para la piel y tambi\u00e9n destaca por su durabilidad y resistencia. Fabricada con materiales completamente reciclados, \u00a1la camiseta puede destacar por su sostenibilidad! Tambi\u00e9n se beneficia del material funcional transpirable DryCELL, que transporta la humedad inmediatamente del cuerpo hacia afuera y, por lo tanto, ofrece una sensaci\u00f3n de frescura y comodidad al llevarla.<\/p>","protected":false},"featured_media":104,"comment_status":"open","ping_status":"closed","template":"","meta":[],"product_brand":[],"product_cat":[15],"product_tag":[19,20,21,22,23,24],"class_list":{"0":"post-73","1":"product","2":"type-product","3":"status-publish","4":"has-post-thumbnail","6":"product_cat-unkategorisiert","7":"product_tag-ac-milan-auswaertstrikot","8":"product_tag-coole-fussballtrikots","9":"product_tag-fussballtrikot-fuer-herren","10":"product_tag-fussballtrikot-guenstig-kaufen","11":"product_tag-fussballtrikot-kurzarm","12":"product_tag-guenstiges-fussballtrikot","14":"first","15":"instock","16":"shipping-taxable","17":"purchasable","18":"product-type-variable"},"_links":{"self":[{"href":"https:\/\/www.billigtrikotde.com\/es\/wp-json\/wp\/v2\/product\/73","targetHints":{"allow":["GET"]}}],"collection":[{"href":"https:\/\/www.billigtrikotde.com\/es\/wp-json\/wp\/v2\/product"}],"about":[{"href":"https:\/\/www.billigtrikotde.com\/es\/wp-json\/wp\/v2\/types\/product"}],"replies":[{"embeddable":true,"href":"https:\/\/www.billigtrikotde.com\/es\/wp-json\/wp\/v2\/comments?post=73"}],"wp:featuredmedia":[{"embeddable":true,"href":"https:\/\/www.billigtrikotde.com\/es\/wp-json\/wp\/v2\/media\/104"}],"wp:attachment":[{"href":"https:\/\/www.billigtrikotde.com\/es\/wp-json\/wp\/v2\/media?parent=73"}],"wp:term":[{"taxonomy":"product_brand","embeddable":true,"href":"https:\/\/www.billigtrikotde.com\/es\/wp-json\/wp\/v2\/product_brand?post=73"},{"taxonomy":"product_cat","embeddable":true,"href":"https:\/\/www.billigtrikotde.com\/es\/wp-json\/wp\/v2\/product_cat?post=73"},{"taxonomy":"product_tag","embeddable":true,"href":"https:\/\/www.billigtrikotde.com\/es\/wp-json\/wp\/v2\/product_tag?post=73"}],"curies":[{"name":"wp","href":"https:\/\/api.w.org\/{rel}","templated":true}]}}