{"id":7258,"date":"2024-10-23T18:20:40","date_gmt":"2024-10-23T16:20:40","guid":{"rendered":"http:\/\/billigtrikots.com\/?post_type=product&#038;p=7258"},"modified":"2024-10-23T18:22:54","modified_gmt":"2024-10-23T16:22:54","slug":"neue-rb-leipzig-auswaertstrikot-fuer-2022-23-rot-guenstig-fussballtrikots-set","status":"publish","type":"product","link":"https:\/\/www.billigtrikotde.com\/es\/neue-rb-leipzig-auswaertstrikot-fuer-2022-23-rot-guenstig-fussballtrikots-set\/","title":{"rendered":"Nuevo RB Leipzig Away Kit para 2022-23 Rojo Barato Camisetas de F\u00fatbol Set"},"content":{"rendered":"<p>La Nike RasenBallsport Leipzig 2022-2023 Away Jersey combina dos tonos de rojo y es predominantemente de color rojo brillante con un patr\u00f3n impreso en la parte delantera en un tono m\u00e1s oscuro.El cuello y los pu\u00f1os de la Nike RasenBallsport Leipzig 2022-2023 Away Jersey tienen el mismo rojo m\u00e1s oscuro, mientras que el Nike Swoosh es blanco para que coincida con el escudo del club.<br \/>\nEs la primera vez en la era Nike x Leipzig que Nike produce una camiseta roja personalizada para el club.<\/p>\n<p>Consejos para la impresi\u00f3n: Si el nombre y el n\u00famero que aparecen en la imagen son exactamente los que desea, no es necesario que los vuelva a introducir. En caso contrario, deber\u00e1 introducir el nombre y el n\u00famero que desee.<\/p>\n<p>Consejos de lavado: Se recomienda lavar las camisetas de f\u00fatbol a mano. Si desea utilizar la lavadora, recuerde poner las camisetas de f\u00fatbol del rev\u00e9s y luego lavarlas. Llena la lavadora con agua fr\u00eda y utiliza un ciclo delicado para proteger mejor los colores.<\/p>","protected":false},"excerpt":{"rendered":"<p>La Nike RasenBallsport Leipzig 2022-2023 Away Jersey combina dos tonos de rojo y es predominantemente de color rojo brillante con un patr\u00f3n impreso en la parte delantera en un tono m\u00e1s oscuro.El cuello y los pu\u00f1os de la Nike RasenBallsport Leipzig 2022-2023 Away Jersey tienen el mismo rojo m\u00e1s oscuro, mientras que el Nike Swoosh es blanco para que coincida con el escudo del club.<\/p>","protected":false},"featured_media":7297,"comment_status":"open","ping_status":"closed","template":"","meta":[],"product_brand":[],"product_cat":[185],"product_tag":[20,21,22,23,24,186,312,187],"class_list":{"0":"post-7258","1":"product","2":"type-product","3":"status-publish","4":"has-post-thumbnail","6":"product_cat-rb-leipzig","7":"product_tag-coole-fussballtrikots","8":"product_tag-fussballtrikot-fuer-herren","9":"product_tag-fussballtrikot-guenstig-kaufen","10":"product_tag-fussballtrikot-kurzarm","11":"product_tag-guenstiges-fussballtrikot","12":"product_tag-rb-leipzig-auswaertstrikot","13":"product_tag-rb-leipzig-auswaertstrikot-2022-23","14":"product_tag-rb-leipzig-trikots","16":"first","17":"instock","18":"shipping-taxable","19":"purchasable","20":"product-type-variable"},"_links":{"self":[{"href":"https:\/\/www.billigtrikotde.com\/es\/wp-json\/wp\/v2\/product\/7258","targetHints":{"allow":["GET"]}}],"collection":[{"href":"https:\/\/www.billigtrikotde.com\/es\/wp-json\/wp\/v2\/product"}],"about":[{"href":"https:\/\/www.billigtrikotde.com\/es\/wp-json\/wp\/v2\/types\/product"}],"replies":[{"embeddable":true,"href":"https:\/\/www.billigtrikotde.com\/es\/wp-json\/wp\/v2\/comments?post=7258"}],"wp:featuredmedia":[{"embeddable":true,"href":"https:\/\/www.billigtrikotde.com\/es\/wp-json\/wp\/v2\/media\/7297"}],"wp:attachment":[{"href":"https:\/\/www.billigtrikotde.com\/es\/wp-json\/wp\/v2\/media?parent=7258"}],"wp:term":[{"taxonomy":"product_brand","embeddable":true,"href":"https:\/\/www.billigtrikotde.com\/es\/wp-json\/wp\/v2\/product_brand?post=7258"},{"taxonomy":"product_cat","embeddable":true,"href":"https:\/\/www.billigtrikotde.com\/es\/wp-json\/wp\/v2\/product_cat?post=7258"},{"taxonomy":"product_tag","embeddable":true,"href":"https:\/\/www.billigtrikotde.com\/es\/wp-json\/wp\/v2\/product_tag?post=7258"}],"curies":[{"name":"wp","href":"https:\/\/api.w.org\/{rel}","templated":true}]}}