{"id":7224,"date":"2024-10-23T18:19:01","date_gmt":"2024-10-23T16:19:01","guid":{"rendered":"http:\/\/billigtrikots.com\/?post_type=product&#038;p=7224"},"modified":"2024-10-23T18:21:08","modified_gmt":"2024-10-23T16:21:08","slug":"neues-kinder-chelsea-fc-2022-23-heimtrikot-blau-trikotsatz-mit-aufdruck-werner-11","status":"publish","type":"product","link":"https:\/\/www.billigtrikotde.com\/es\/neues-kinder-chelsea-fc-2022-23-heimtrikot-blau-trikotsatz-mit-aufdruck-werner-11\/","title":{"rendered":"New Kids Chelsea FC 2022\/23 Home Jersey Kit Azul con Estampado WERNER 11"},"content":{"rendered":"<p>Al igual que otras camisetas de nuestra colecci\u00f3n Stadium, esta camiseta combina detalles de dise\u00f1o reproducidos con tecnolog\u00eda que absorbe el sudor para ofrecerle un aspecto listo para jugar, inspirado en su equipo favorito. Este producto est\u00e1 hecho al 100 % de fibras de poli\u00e9ster recicladas.<br \/>\nLa camiseta est\u00e1 en el caracter\u00edstico azul local del ganador de la Premier League inglesa en seis ocasiones y del doble ganador de la UEFA Champions League. Es un homenaje al legendario entrenador del Chelsea FC, Ted Drake. Esto incluye el apodo de CFC, 'The Blues', en el detalle del bot\u00f3n de la camisa. Drake lider\u00f3 la introducci\u00f3n del apodo en lugar del antiguo nombre informal del club, 'The Pensioners'. El equipo masculino del Chelsea debutar\u00e1 con su camiseta local 22\/23 durante su pr\u00f3xima gira por Estados Unidos. Los Blues se enfrentar\u00e1n al Club Am\u00e9rica, Charlotte FC y Arsenal, mientras se preparan para su primera temporada bajo direcci\u00f3n estadounidense.<\/p>\n<p>Consejos para la impresi\u00f3n: Si el nombre y el n\u00famero que aparecen en la imagen son exactamente los que desea, no es necesario que los vuelva a introducir. En caso contrario, deber\u00e1 introducir el nombre y el n\u00famero que desee.<\/p>\n<p>Consejos de lavado: Se recomienda lavar las camisetas de f\u00fatbol a mano. Si desea utilizar la lavadora, recuerde poner las camisetas de f\u00fatbol del rev\u00e9s y luego lavarlas. Llena la lavadora con agua fr\u00eda y utiliza un ciclo delicado para proteger mejor los colores.<\/p>","protected":false},"excerpt":{"rendered":"<p>Al igual que otras camisetas de nuestra colecci\u00f3n Stadium, esta camiseta combina detalles de dise\u00f1o reproducidos con tecnolog\u00eda que absorbe el sudor para darte un aspecto listo para jugar, inspirado en tu equipo favorito. Este producto est\u00e1 compuesto en un 100% por fibras de poli\u00e9ster recicladas. La camiseta est\u00e1 en el caracter\u00edstico azul de local del ganador de la Premier League inglesa en seis ocasiones y del doble ganador de [\u2026]<\/p>","protected":false},"featured_media":7262,"comment_status":"open","ping_status":"closed","template":"","meta":[],"product_brand":[],"product_cat":[162],"product_tag":[20,311,164,73,163,21,22,23,24,94],"class_list":{"0":"post-7224","1":"product","2":"type-product","3":"status-publish","4":"has-post-thumbnail","6":"product_cat-chelsea-kindertrikot","7":"product_tag-coole-fussballtrikots","8":"product_tag-chelsea-fc-2022-23-kinder-trikot","9":"product_tag-chelsea-heimtrikot","10":"product_tag-chelsea-trikots","11":"product_tag-chelsea-trikotsatz-fuer-kinder","12":"product_tag-fussballtrikot-fuer-herren","13":"product_tag-fussballtrikot-guenstig-kaufen","14":"product_tag-fussballtrikot-kurzarm","15":"product_tag-guenstiges-fussballtrikot","16":"product_tag-kinder-fussball-trikotsatz","18":"first","19":"instock","20":"shipping-taxable","21":"purchasable","22":"product-type-variable"},"_links":{"self":[{"href":"https:\/\/www.billigtrikotde.com\/es\/wp-json\/wp\/v2\/product\/7224","targetHints":{"allow":["GET"]}}],"collection":[{"href":"https:\/\/www.billigtrikotde.com\/es\/wp-json\/wp\/v2\/product"}],"about":[{"href":"https:\/\/www.billigtrikotde.com\/es\/wp-json\/wp\/v2\/types\/product"}],"replies":[{"embeddable":true,"href":"https:\/\/www.billigtrikotde.com\/es\/wp-json\/wp\/v2\/comments?post=7224"}],"wp:featuredmedia":[{"embeddable":true,"href":"https:\/\/www.billigtrikotde.com\/es\/wp-json\/wp\/v2\/media\/7262"}],"wp:attachment":[{"href":"https:\/\/www.billigtrikotde.com\/es\/wp-json\/wp\/v2\/media?parent=7224"}],"wp:term":[{"taxonomy":"product_brand","embeddable":true,"href":"https:\/\/www.billigtrikotde.com\/es\/wp-json\/wp\/v2\/product_brand?post=7224"},{"taxonomy":"product_cat","embeddable":true,"href":"https:\/\/www.billigtrikotde.com\/es\/wp-json\/wp\/v2\/product_cat?post=7224"},{"taxonomy":"product_tag","embeddable":true,"href":"https:\/\/www.billigtrikotde.com\/es\/wp-json\/wp\/v2\/product_tag?post=7224"}],"curies":[{"name":"wp","href":"https:\/\/api.w.org\/{rel}","templated":true}]}}