{"id":7172,"date":"2024-10-23T18:16:47","date_gmt":"2024-10-23T16:16:47","guid":{"rendered":"http:\/\/billigtrikots.com\/?post_type=product&#038;p=7172"},"modified":"2024-10-23T18:18:49","modified_gmt":"2024-10-23T16:18:49","slug":"herren-chelsea-fc-22-23-heimtrikot-blau-kurzarm-kurze-hosen-werner-11","status":"publish","type":"product","link":"https:\/\/www.billigtrikotde.com\/es\/herren-chelsea-fc-22-23-heimtrikot-blau-kurzarm-kurze-hosen-werner-11\/","title":{"rendered":"Hombres Chelsea FC 22-23 camiseta de casa azul de manga corta + pantalones cortos WERNER 11"},"content":{"rendered":"<p>La camiseta Nike Chelsea 22-23 ha sido presentada oficialmente esta ma\u00f1ana. La caracter\u00edstica principal de la nueva camiseta local del Chelsea es el cuello blanco con ribetes turquesa.Esta es la nueva camiseta Nike Chelsea para 2022-23.A diferencia de la camiseta Chelsea 21-22, la camiseta Nike Chelsea FC 2022-23 es toda azul con un escote Henley blanco\/turquesa.Hay un patr\u00f3n de le\u00f3n turquesa en el escote blanco. El mismo patr\u00f3n tambi\u00e9n se puede encontrar en la camiseta del Chelsea 22-23 antes del partido y en otros art\u00edculos de la colecci\u00f3n.<\/p>\n<p>Consejos para la impresi\u00f3n: Si el nombre y el n\u00famero que aparecen en la imagen son exactamente los que desea, no es necesario que los vuelva a introducir. En caso contrario, deber\u00e1 introducir el nombre y el n\u00famero que desee.<\/p>\n<p>Consejos de lavado: Se recomienda lavar las camisetas de f\u00fatbol a mano. Si desea utilizar la lavadora, recuerde poner las camisetas de f\u00fatbol del rev\u00e9s y luego lavarlas. Llena la lavadora con agua fr\u00eda y utiliza un ciclo delicado para proteger mejor los colores.<\/p>","protected":false},"excerpt":{"rendered":"<p>La camiseta Nike Chelsea 22-23 fue presentada oficialmente esta ma\u00f1ana. La caracter\u00edstica principal de la nueva camiseta de local del Chelsea es el cuello blanco con una franja decorativa turquesa. Esta es la nueva camiseta Nike Chelsea para 2022-23. A diferencia de la camiseta Chelsea 21-22, la camiseta Nike Chelsea FC 2022-23 es completamente azul con un cuello tipo henley blanco\/turquesa. En el cuello blanco hay un patr\u00f3n de le\u00f3n turquesa [...]<\/p>","protected":false},"featured_media":7204,"comment_status":"open","ping_status":"closed","template":"","meta":[],"product_brand":[],"product_cat":[72],"product_tag":[20,308,309,310,73,21,24],"class_list":{"0":"post-7172","1":"product","2":"type-product","3":"status-publish","4":"has-post-thumbnail","6":"product_cat-chelsea","7":"product_tag-coole-fussballtrikots","8":"product_tag-chelsea-fc-22-23-trikot-deutschland","9":"product_tag-chelsea-fc-22-23-trikot-guenstig","10":"product_tag-chelsea-fc-22-23-trikot-kaufen","11":"product_tag-chelsea-trikots","12":"product_tag-fussballtrikot-fuer-herren","13":"product_tag-guenstiges-fussballtrikot","15":"first","16":"instock","17":"shipping-taxable","18":"purchasable","19":"product-type-variable"},"_links":{"self":[{"href":"https:\/\/www.billigtrikotde.com\/es\/wp-json\/wp\/v2\/product\/7172","targetHints":{"allow":["GET"]}}],"collection":[{"href":"https:\/\/www.billigtrikotde.com\/es\/wp-json\/wp\/v2\/product"}],"about":[{"href":"https:\/\/www.billigtrikotde.com\/es\/wp-json\/wp\/v2\/types\/product"}],"replies":[{"embeddable":true,"href":"https:\/\/www.billigtrikotde.com\/es\/wp-json\/wp\/v2\/comments?post=7172"}],"wp:featuredmedia":[{"embeddable":true,"href":"https:\/\/www.billigtrikotde.com\/es\/wp-json\/wp\/v2\/media\/7204"}],"wp:attachment":[{"href":"https:\/\/www.billigtrikotde.com\/es\/wp-json\/wp\/v2\/media?parent=7172"}],"wp:term":[{"taxonomy":"product_brand","embeddable":true,"href":"https:\/\/www.billigtrikotde.com\/es\/wp-json\/wp\/v2\/product_brand?post=7172"},{"taxonomy":"product_cat","embeddable":true,"href":"https:\/\/www.billigtrikotde.com\/es\/wp-json\/wp\/v2\/product_cat?post=7172"},{"taxonomy":"product_tag","embeddable":true,"href":"https:\/\/www.billigtrikotde.com\/es\/wp-json\/wp\/v2\/product_tag?post=7172"}],"curies":[{"name":"wp","href":"https:\/\/api.w.org\/{rel}","templated":true}]}}