{"id":7152,"date":"2024-10-23T18:15:41","date_gmt":"2024-10-23T16:15:41","guid":{"rendered":"http:\/\/billigtrikots.com\/?post_type=product&#038;p=7152"},"modified":"2024-11-18T15:39:12","modified_gmt":"2024-11-18T14:39:12","slug":"promes-11-ajax-amsterdam-trikot-bob-marley-2020-2021-blau-fussballtrikot-fuer-herren","status":"publish","type":"product","link":"https:\/\/www.billigtrikotde.com\/es\/promes-11-ajax-amsterdam-trikot-bob-marley-2020-2021-blau-fussballtrikot-fuer-herren\/","title":{"rendered":"PROMES 11 Ajax Amsterdam Jersey Bob Marley 2020-2021 azul Camiseta de f\u00fatbol para hombre"},"content":{"rendered":"<p>El nuevo dise\u00f1o de inspiraci\u00f3n retro parece gustar a los aficionados. Los cuadros azules adornan la camiseta, sombreada en un azul m\u00e1s claro.<\/p>\n<p>Consejos para la impresi\u00f3n: Si el nombre y el n\u00famero que aparecen en la imagen son exactamente los que desea, no es necesario que los vuelva a introducir. En caso contrario, deber\u00e1 introducir el nombre y el n\u00famero que desee.<\/p>\n<p>Consejos de lavado: Se recomienda lavar las camisetas de f\u00fatbol a mano. Si desea utilizar la lavadora, recuerde poner las camisetas de f\u00fatbol del rev\u00e9s y luego lavarlas. Llena la lavadora con agua fr\u00eda y utiliza un ciclo delicado para proteger mejor los colores.<\/p>","protected":false},"excerpt":{"rendered":"<p>El nuevo dise\u00f1o con un toque retro parece estar gustando a los aficionados. Patrones de cuadros azules decoran la camiseta, sombreados por un azul m\u00e1s claro. Consejos para imprimir: si el nombre y el n\u00famero en la imagen coinciden exactamente con tus deseos, no necesitas volver a ingresarlos. Si no es as\u00ed, deber\u00edas introducir el nombre y el n\u00famero que deseas [\u2026]<\/p>","protected":false},"featured_media":7190,"comment_status":"open","ping_status":"closed","template":"","meta":[],"product_brand":[],"product_cat":[299],"product_tag":[1372,300,301,20,21,22,23,24],"class_list":{"0":"post-7152","1":"product","2":"type-product","3":"status-publish","4":"has-post-thumbnail","6":"product_cat-afc-ajax","7":"product_tag-ajax-amsterdam-trikot","8":"product_tag-ajax-auswaertstrikot","9":"product_tag-ajax-trikots","10":"product_tag-coole-fussballtrikots","11":"product_tag-fussballtrikot-fuer-herren","12":"product_tag-fussballtrikot-guenstig-kaufen","13":"product_tag-fussballtrikot-kurzarm","14":"product_tag-guenstiges-fussballtrikot","16":"first","17":"instock","18":"shipping-taxable","19":"purchasable","20":"product-type-variable"},"_links":{"self":[{"href":"https:\/\/www.billigtrikotde.com\/es\/wp-json\/wp\/v2\/product\/7152","targetHints":{"allow":["GET"]}}],"collection":[{"href":"https:\/\/www.billigtrikotde.com\/es\/wp-json\/wp\/v2\/product"}],"about":[{"href":"https:\/\/www.billigtrikotde.com\/es\/wp-json\/wp\/v2\/types\/product"}],"replies":[{"embeddable":true,"href":"https:\/\/www.billigtrikotde.com\/es\/wp-json\/wp\/v2\/comments?post=7152"}],"wp:featuredmedia":[{"embeddable":true,"href":"https:\/\/www.billigtrikotde.com\/es\/wp-json\/wp\/v2\/media\/7190"}],"wp:attachment":[{"href":"https:\/\/www.billigtrikotde.com\/es\/wp-json\/wp\/v2\/media?parent=7152"}],"wp:term":[{"taxonomy":"product_brand","embeddable":true,"href":"https:\/\/www.billigtrikotde.com\/es\/wp-json\/wp\/v2\/product_brand?post=7152"},{"taxonomy":"product_cat","embeddable":true,"href":"https:\/\/www.billigtrikotde.com\/es\/wp-json\/wp\/v2\/product_cat?post=7152"},{"taxonomy":"product_tag","embeddable":true,"href":"https:\/\/www.billigtrikotde.com\/es\/wp-json\/wp\/v2\/product_tag?post=7152"}],"curies":[{"name":"wp","href":"https:\/\/api.w.org\/{rel}","templated":true}]}}