{"id":7150,"date":"2024-10-23T18:15:40","date_gmt":"2024-10-23T16:15:40","guid":{"rendered":"http:\/\/billigtrikots.com\/?post_type=product&#038;p=7150"},"modified":"2024-11-18T15:48:08","modified_gmt":"2024-11-18T14:48:08","slug":"ajax-amsterdam-heimtrikot-2022-23-weiss-rot-trikotsatz-kurzarm-kurze-hosen-herren","status":"publish","type":"product","link":"https:\/\/www.billigtrikotde.com\/es\/ajax-amsterdam-heimtrikot-2022-23-weiss-rot-trikotsatz-kurzarm-kurze-hosen-herren\/","title":{"rendered":"Ajax Bob Marley Jersey Comprar 2022\/23 blanco rojo Shorts + Shorts Kit Hombre"},"content":{"rendered":"<p>Los colores de una comunidad. La versi\u00f3n reinterpretada de uno de los clubes m\u00e1s legendarios del f\u00fatbol se inspira en la bandera de \u00c1msterdam. Dise\u00f1ada tanto para la calle como para el campo, esta camiseta local del Ajax de \u00c1msterdam te ofrece una comodidad excepcional gracias a su tejido suave que absorbe el sudor. Las letras \"XXX\" a\u00f1aden el toque final.<\/p>\n<p>Consejos para la impresi\u00f3n: Si el nombre y el n\u00famero que aparecen en la imagen son exactamente los que desea, no es necesario que los vuelva a introducir. En caso contrario, deber\u00e1 introducir el nombre y el n\u00famero que desee.<\/p>\n<p>Consejos de lavado: Se recomienda lavar las camisetas de f\u00fatbol a mano. Si desea utilizar la lavadora, recuerde poner las camisetas de f\u00fatbol del rev\u00e9s y luego lavarlas. Llena la lavadora con agua fr\u00eda y utiliza un ciclo delicado para proteger mejor los colores.<\/p>","protected":false},"excerpt":{"rendered":"<p>Los colores de una comunidad. La versi\u00f3n reinterpretada de uno de los clubes m\u00e1s legendarios del f\u00fatbol est\u00e1 inspirada en la bandera de \u00c1msterdam. Dise\u00f1ada para la calle y para el campo, esta camiseta de visitante de Ajax Amsterdam te ofrece un confort extraordinario gracias a su tejido suave que absorbe el sudor. El lema 'XXX' marca el punto final. Consejos de impresi\u00f3n: Cuando el nombre y la [\u2026]<\/p>","protected":false},"featured_media":7189,"comment_status":"open","ping_status":"closed","template":"","meta":[],"product_brand":[],"product_cat":[299],"product_tag":[1372,301,20,21,22,23,24],"class_list":{"0":"post-7150","1":"product","2":"type-product","3":"status-publish","4":"has-post-thumbnail","6":"product_cat-afc-ajax","7":"product_tag-ajax-amsterdam-trikot","8":"product_tag-ajax-trikots","9":"product_tag-coole-fussballtrikots","10":"product_tag-fussballtrikot-fuer-herren","11":"product_tag-fussballtrikot-guenstig-kaufen","12":"product_tag-fussballtrikot-kurzarm","13":"product_tag-guenstiges-fussballtrikot","15":"first","16":"instock","17":"shipping-taxable","18":"purchasable","19":"product-type-variable"},"_links":{"self":[{"href":"https:\/\/www.billigtrikotde.com\/es\/wp-json\/wp\/v2\/product\/7150","targetHints":{"allow":["GET"]}}],"collection":[{"href":"https:\/\/www.billigtrikotde.com\/es\/wp-json\/wp\/v2\/product"}],"about":[{"href":"https:\/\/www.billigtrikotde.com\/es\/wp-json\/wp\/v2\/types\/product"}],"replies":[{"embeddable":true,"href":"https:\/\/www.billigtrikotde.com\/es\/wp-json\/wp\/v2\/comments?post=7150"}],"wp:featuredmedia":[{"embeddable":true,"href":"https:\/\/www.billigtrikotde.com\/es\/wp-json\/wp\/v2\/media\/7189"}],"wp:attachment":[{"href":"https:\/\/www.billigtrikotde.com\/es\/wp-json\/wp\/v2\/media?parent=7150"}],"wp:term":[{"taxonomy":"product_brand","embeddable":true,"href":"https:\/\/www.billigtrikotde.com\/es\/wp-json\/wp\/v2\/product_brand?post=7150"},{"taxonomy":"product_cat","embeddable":true,"href":"https:\/\/www.billigtrikotde.com\/es\/wp-json\/wp\/v2\/product_cat?post=7150"},{"taxonomy":"product_tag","embeddable":true,"href":"https:\/\/www.billigtrikotde.com\/es\/wp-json\/wp\/v2\/product_tag?post=7150"}],"curies":[{"name":"wp","href":"https:\/\/api.w.org\/{rel}","templated":true}]}}