{"id":7148,"date":"2024-10-23T18:15:38","date_gmt":"2024-10-23T16:15:38","guid":{"rendered":"http:\/\/billigtrikots.com\/?post_type=product&#038;p=7148"},"modified":"2024-11-18T15:54:50","modified_gmt":"2024-11-18T14:54:50","slug":"herren-fussball-ajax-amsterdam-trickot-2022-23-auswaertstrikot-navy-blau-online-kaufen","status":"publish","type":"product","link":"https:\/\/www.billigtrikotde.com\/es\/herren-fussball-ajax-amsterdam-trickot-2022-23-auswaertstrikot-navy-blau-online-kaufen\/","title":{"rendered":"Mens Football Ajax Amsterdam Shirt 2022-23 Away Jersey Azul Marino Comprar en L\u00ednea"},"content":{"rendered":"<p>Los logotipos de Adidas y Ziggo en la parte delantera de la nueva camiseta visitante del Ajax 2022-2023 son amarillo dorado, mientras que las 3 bandas de los hombros son rojas. El propio emblema del Ajax se divide entre los dos colores: amarillo para el escudo y rojo para las estrellas.<\/p>\n<p>Mientras que la parte delantera de la camiseta Adidas Ajax 22-23 away es de color liso, el cuello destaca con un estampado geom\u00e9trico de punto, tambi\u00e9n en rojo y amarillo. El mismo estampado se encuentra tambi\u00e9n en los pu\u00f1os de la nueva camiseta visitante del Ajax.<\/p>\n<p>En la parte inferior derecha de la camiseta visitante del Ajax 2022-2023 hay una etiqueta especial con la bandera de \u00c1msterdam en tonos azules.<\/p>\n<p>Consejos para la impresi\u00f3n: Si el nombre y el n\u00famero que aparecen en la imagen son exactamente los que desea, no es necesario que los vuelva a introducir. En caso contrario, deber\u00e1 introducir el nombre y el n\u00famero que desee.<\/p>\n<p>Consejos de lavado: Se recomienda lavar las camisetas de f\u00fatbol a mano. Si desea utilizar la lavadora, recuerde poner las camisetas de f\u00fatbol del rev\u00e9s y luego lavarlas. Llena la lavadora con agua fr\u00eda y utiliza un ciclo delicado para proteger mejor los colores.<\/p>","protected":false},"excerpt":{"rendered":"<p>Las logos de Adidas y Ziggo en la parte frontal de la nueva equipaci\u00f3n visitante de Ajax 2022-2023 son de color dorado, mientras que las tres rayas en los hombros son rojas. El emblema de Ajax en s\u00ed est\u00e1 dividido entre los dos colores \u2013 amarillo para el emblema y rojo para las estrellas. Mientras la parte frontal de la camiseta visitante de Ajax 22-23 es de un solo color, el cuello [\u2026]<\/p>","protected":false},"featured_media":7180,"comment_status":"open","ping_status":"closed","template":"","meta":[],"product_brand":[],"product_cat":[299],"product_tag":[1372,300,301,20,21,22,23,24],"class_list":{"0":"post-7148","1":"product","2":"type-product","3":"status-publish","4":"has-post-thumbnail","6":"product_cat-afc-ajax","7":"product_tag-ajax-amsterdam-trikot","8":"product_tag-ajax-auswaertstrikot","9":"product_tag-ajax-trikots","10":"product_tag-coole-fussballtrikots","11":"product_tag-fussballtrikot-fuer-herren","12":"product_tag-fussballtrikot-guenstig-kaufen","13":"product_tag-fussballtrikot-kurzarm","14":"product_tag-guenstiges-fussballtrikot","16":"first","17":"instock","18":"shipping-taxable","19":"purchasable","20":"product-type-variable"},"_links":{"self":[{"href":"https:\/\/www.billigtrikotde.com\/es\/wp-json\/wp\/v2\/product\/7148","targetHints":{"allow":["GET"]}}],"collection":[{"href":"https:\/\/www.billigtrikotde.com\/es\/wp-json\/wp\/v2\/product"}],"about":[{"href":"https:\/\/www.billigtrikotde.com\/es\/wp-json\/wp\/v2\/types\/product"}],"replies":[{"embeddable":true,"href":"https:\/\/www.billigtrikotde.com\/es\/wp-json\/wp\/v2\/comments?post=7148"}],"wp:featuredmedia":[{"embeddable":true,"href":"https:\/\/www.billigtrikotde.com\/es\/wp-json\/wp\/v2\/media\/7180"}],"wp:attachment":[{"href":"https:\/\/www.billigtrikotde.com\/es\/wp-json\/wp\/v2\/media?parent=7148"}],"wp:term":[{"taxonomy":"product_brand","embeddable":true,"href":"https:\/\/www.billigtrikotde.com\/es\/wp-json\/wp\/v2\/product_brand?post=7148"},{"taxonomy":"product_cat","embeddable":true,"href":"https:\/\/www.billigtrikotde.com\/es\/wp-json\/wp\/v2\/product_cat?post=7148"},{"taxonomy":"product_tag","embeddable":true,"href":"https:\/\/www.billigtrikotde.com\/es\/wp-json\/wp\/v2\/product_tag?post=7148"}],"curies":[{"name":"wp","href":"https:\/\/api.w.org\/{rel}","templated":true}]}}