{"id":71,"date":"2024-10-23T12:04:06","date_gmt":"2024-10-23T10:04:06","guid":{"rendered":"http:\/\/billigtrikots.com\/?post_type=product&#038;p=71"},"modified":"2024-10-23T12:05:14","modified_gmt":"2024-10-23T10:05:14","slug":"auswaertstrikot-ac-mailand-2021-22-beige-rot-kurzarm-kurze-hosen-mit-aufdruck-ronaldinho-80","status":"publish","type":"product","link":"https:\/\/www.billigtrikotde.com\/es\/auswaertstrikot-ac-mailand-2021-22-beige-rot-kurzarm-kurze-hosen-mit-aufdruck-ronaldinho-80\/","title":{"rendered":"Equipaci\u00f3n AC Milan 2021\/22 beige-rojo manga corta + pantal\u00f3n corto con estampado Ronaldinho 80"},"content":{"rendered":"<p>Esta camiseta del AC Milan no es s\u00f3lo un homenaje a uno de los mejores equipos de Italia, no, a uno de los mejores equipos del mundo.<\/p>\n<p>Tambi\u00e9n celebra un programa llamado Sport for Change, que apoya proyectos que utilizan el deporte y los valores deportivos para ayudar a j\u00f3venes necesitados. M\u00e1s all\u00e1 de todo eso, es simplemente una gran camiseta de f\u00fatbol. Cuenta con la tecnolog\u00eda dryCELL que absorbe la humedad, interesantes colores en contraste y, por supuesto, el emblem\u00e1tico logotipo del AC Milan y el logotipo del gato Puma en el pecho.<\/p>\n<p>Consejos para la impresi\u00f3n: Si el nombre y el n\u00famero que aparecen en la imagen son exactamente los que desea, no es necesario que los vuelva a introducir. En caso contrario, deber\u00e1 introducir el nombre y el n\u00famero que desee.<\/p>\n<p>Consejos de lavado: Se recomienda lavar las camisetas de f\u00fatbol a mano. Si desea utilizar la lavadora, recuerde poner las camisetas de f\u00fatbol del rev\u00e9s y luego lavarlas. Llena la lavadora con agua fr\u00eda y utiliza un ciclo delicado para proteger mejor los colores.<\/p>","protected":false},"excerpt":{"rendered":"<p>Dieses AC Mailand Trikot ist nicht nur eine Hommage an eines der besten Teams Italiens, nein, an eines der besten Teams der Welt. Es feiert auch ein Programm namens Sport for Change, das Projekte unterst\u00fctzt, die Sport und sportliche Werte nutzen, um Jugendlichen in Not zu helfen. \u00dcber all das hinaus, ist es einfach ein [&hellip;]<\/p>","protected":false},"featured_media":103,"comment_status":"open","ping_status":"closed","template":"","meta":[],"product_brand":[],"product_cat":[15],"product_tag":[19,20,21,22,23,24],"class_list":{"0":"post-71","1":"product","2":"type-product","3":"status-publish","4":"has-post-thumbnail","6":"product_cat-unkategorisiert","7":"product_tag-ac-milan-auswaertstrikot","8":"product_tag-coole-fussballtrikots","9":"product_tag-fussballtrikot-fuer-herren","10":"product_tag-fussballtrikot-guenstig-kaufen","11":"product_tag-fussballtrikot-kurzarm","12":"product_tag-guenstiges-fussballtrikot","14":"first","15":"instock","16":"shipping-taxable","17":"purchasable","18":"product-type-variable"},"_links":{"self":[{"href":"https:\/\/www.billigtrikotde.com\/es\/wp-json\/wp\/v2\/product\/71","targetHints":{"allow":["GET"]}}],"collection":[{"href":"https:\/\/www.billigtrikotde.com\/es\/wp-json\/wp\/v2\/product"}],"about":[{"href":"https:\/\/www.billigtrikotde.com\/es\/wp-json\/wp\/v2\/types\/product"}],"replies":[{"embeddable":true,"href":"https:\/\/www.billigtrikotde.com\/es\/wp-json\/wp\/v2\/comments?post=71"}],"wp:featuredmedia":[{"embeddable":true,"href":"https:\/\/www.billigtrikotde.com\/es\/wp-json\/wp\/v2\/media\/103"}],"wp:attachment":[{"href":"https:\/\/www.billigtrikotde.com\/es\/wp-json\/wp\/v2\/media?parent=71"}],"wp:term":[{"taxonomy":"product_brand","embeddable":true,"href":"https:\/\/www.billigtrikotde.com\/es\/wp-json\/wp\/v2\/product_brand?post=71"},{"taxonomy":"product_cat","embeddable":true,"href":"https:\/\/www.billigtrikotde.com\/es\/wp-json\/wp\/v2\/product_cat?post=71"},{"taxonomy":"product_tag","embeddable":true,"href":"https:\/\/www.billigtrikotde.com\/es\/wp-json\/wp\/v2\/product_tag?post=71"}],"curies":[{"name":"wp","href":"https:\/\/api.w.org\/{rel}","templated":true}]}}