{"id":7098,"date":"2024-10-23T18:13:23","date_gmt":"2024-10-23T16:13:23","guid":{"rendered":"http:\/\/billigtrikots.com\/?post_type=product&#038;p=7098"},"modified":"2024-10-23T18:15:00","modified_gmt":"2024-10-23T16:15:00","slug":"herren-inter-mailand-22-23-auswaertstrikot-deutschland-weiss-kurzarm-kurze-hosen-young-15","status":"publish","type":"product","link":"https:\/\/www.billigtrikotde.com\/es\/herren-inter-mailand-22-23-auswaertstrikot-deutschland-weiss-kurzarm-kurze-hosen-young-15\/","title":{"rendered":"Maillot Inter Milan 22-23 Away Jersey Alemania Blanco Manga Corta + Pantalones Cortos YOUNG 15"},"content":{"rendered":"<p>La camiseta Nike Inter 22-23 combina un material base blanco con \"Light Aqua\" para un gr\u00e1fico integral y negro para los logotipos de la marca y los patrocinadores, incluido el escudo del Inter, que ha sido recoloreado en turquesa y blanco con un borde negro para que coincida con el esquema de color de toda la camiseta.<\/p>\n<p>La caracter\u00edstica m\u00e1s llamativa de la nueva equipaci\u00f3n visitante 22 del Inter es sin duda el gr\u00e1fico que, si se observa m\u00e1s de cerca, muestra un mapa del mundo con Italia y Mil\u00e1n justo debajo del escudo del club. Se trata de un gui\u00f1o a la historia del Inter como club que siempre ha acogido sin restricciones tanto a italianos como a jugadores extranjeros, y la equipaci\u00f3n visitante Inter 22-23 estar\u00e1 disponible a partir de principios de septiembre de 2022.<\/p>\n<p>La camiseta Nike Inter 22-23 Away combina una base blanca con \"Light Aqua\" para un gr\u00e1fico integral y negro para los logotipos de la marca y los patrocinadores.<\/p>\n<p>Consejos para la impresi\u00f3n: Si el nombre y el n\u00famero que aparecen en la imagen son exactamente los que desea, no es necesario que los vuelva a introducir. En caso contrario, deber\u00e1 introducir el nombre y el n\u00famero que desee.<\/p>\n<p>Consejos de lavado: Se recomienda lavar las camisetas de f\u00fatbol a mano. Si desea utilizar la lavadora, recuerde poner las camisetas de f\u00fatbol del rev\u00e9s y luego lavarlas. Llena la lavadora con agua fr\u00eda y utiliza un ciclo delicado para proteger mejor los colores.<\/p>","protected":false},"excerpt":{"rendered":"<p>La camiseta de visitante de Nike Inter 22-23 combina un material base blanco con \u00abLight Aqua\u00bb para un gr\u00e1fico en toda la prenda y negro para los logotipos de marca y patrocinadores. Tambi\u00e9n incluye el escudo de Inter, que ha sido redise\u00f1ado en turquesa y blanco con un contorno negro, en armon\u00eda con el esquema de colores de toda la camiseta. La caracter\u00edstica m\u00e1s llamativa de la nueva camiseta de visitante de Inter 22 es, sin duda, el gr\u00e1fico, que [...]<\/p>","protected":false},"featured_media":7131,"comment_status":"open","ping_status":"closed","template":"","meta":[],"product_brand":[],"product_cat":[77],"product_tag":[20,21,22,23,24,298,78],"class_list":{"0":"post-7098","1":"product","2":"type-product","3":"status-publish","4":"has-post-thumbnail","6":"product_cat-inter-milan","7":"product_tag-coole-fussballtrikots","8":"product_tag-fussballtrikot-fuer-herren","9":"product_tag-fussballtrikot-guenstig-kaufen","10":"product_tag-fussballtrikot-kurzarm","11":"product_tag-guenstiges-fussballtrikot","12":"product_tag-inter-mailand-22-23-auswaertstrikot","13":"product_tag-inter-milan-trikots","15":"first","16":"instock","17":"shipping-taxable","18":"purchasable","19":"product-type-variable"},"_links":{"self":[{"href":"https:\/\/www.billigtrikotde.com\/es\/wp-json\/wp\/v2\/product\/7098","targetHints":{"allow":["GET"]}}],"collection":[{"href":"https:\/\/www.billigtrikotde.com\/es\/wp-json\/wp\/v2\/product"}],"about":[{"href":"https:\/\/www.billigtrikotde.com\/es\/wp-json\/wp\/v2\/types\/product"}],"replies":[{"embeddable":true,"href":"https:\/\/www.billigtrikotde.com\/es\/wp-json\/wp\/v2\/comments?post=7098"}],"wp:featuredmedia":[{"embeddable":true,"href":"https:\/\/www.billigtrikotde.com\/es\/wp-json\/wp\/v2\/media\/7131"}],"wp:attachment":[{"href":"https:\/\/www.billigtrikotde.com\/es\/wp-json\/wp\/v2\/media?parent=7098"}],"wp:term":[{"taxonomy":"product_brand","embeddable":true,"href":"https:\/\/www.billigtrikotde.com\/es\/wp-json\/wp\/v2\/product_brand?post=7098"},{"taxonomy":"product_cat","embeddable":true,"href":"https:\/\/www.billigtrikotde.com\/es\/wp-json\/wp\/v2\/product_cat?post=7098"},{"taxonomy":"product_tag","embeddable":true,"href":"https:\/\/www.billigtrikotde.com\/es\/wp-json\/wp\/v2\/product_tag?post=7098"}],"curies":[{"name":"wp","href":"https:\/\/api.w.org\/{rel}","templated":true}]}}