{"id":7052,"date":"2024-10-23T18:11:11","date_gmt":"2024-10-23T16:11:11","guid":{"rendered":"http:\/\/billigtrikots.com\/?post_type=product&#038;p=7052"},"modified":"2024-10-23T18:13:16","modified_gmt":"2024-10-23T16:13:16","slug":"neuen-inter-mailand-22-23-auswaertstrikot-in-tuerkis-und-weiss-guenstige-fussball-trikotsatz","status":"publish","type":"product","link":"https:\/\/www.billigtrikotde.com\/es\/neuen-inter-mailand-22-23-auswaertstrikot-in-tuerkis-und-weiss-guenstige-fussball-trikotsatz\/","title":{"rendered":"Neuen Inter Mailand 22-23 Ausw\u00e4rtstrikot in T\u00fcrkis und Wei\u00df G\u00fcnstige Fu\u00dfball Trikotsatz"},"content":{"rendered":"<p>Das Nike Inter 22-23 Ausw\u00e4rtstrikot kombiniert ein wei\u00dfes Grundmaterial mit &#8222;Light Aqua&#8220; f\u00fcr eine All-Over-Grafik und Schwarz f\u00fcr die Marken- und Sponsorenlogos.Dazu geh\u00f6rt auch das Inter-Wappen, das in T\u00fcrkis und Wei\u00df mit schwarzer Umrandung neu eingef\u00e4rbt wurde, passend zum Farbschema des gesamten Trikots.<\/p>\n<p>La caracter\u00edstica m\u00e1s llamativa de la nueva equipaci\u00f3n visitante 22 del Inter es sin duda el gr\u00e1fico que, si se observa m\u00e1s de cerca, muestra un mapa del mundo con Italia y Mil\u00e1n justo debajo del escudo del club. Se trata de un gui\u00f1o a la historia del Inter como club que siempre ha acogido sin restricciones tanto a italianos como a jugadores extranjeros, y la equipaci\u00f3n visitante Inter 22-23 estar\u00e1 disponible a partir de principios de septiembre de 2022.<\/p>\n<p>Das Nike Inter 22-23 Ausw\u00e4rtstrikot kombiniert eine wei\u00dfe Grundlage mit &#8222;Light Aqua&#8220; f\u00fcr eine durchgehende Grafik und Schwarz f\u00fcr die Marken- und Sponsorenlogos.<\/p>\n<p>Consejos para la impresi\u00f3n: Si el nombre y el n\u00famero que aparecen en la imagen son exactamente los que desea, no es necesario que los vuelva a introducir. En caso contrario, deber\u00e1 introducir el nombre y el n\u00famero que desee.<\/p>\n<p>Consejos de lavado: Se recomienda lavar las camisetas de f\u00fatbol a mano. Si desea utilizar la lavadora, recuerde poner las camisetas de f\u00fatbol del rev\u00e9s y luego lavarlas. Llena la lavadora con agua fr\u00eda y utiliza un ciclo delicado para proteger mejor los colores.<\/p>","protected":false},"excerpt":{"rendered":"<p>La camiseta de visitante de Nike Inter 22-23 combina un material base blanco con \u00abLight Aqua\u00bb para un gr\u00e1fico en toda la prenda y negro para los logotipos de marca y patrocinadores. Tambi\u00e9n incluye el escudo de Inter, que ha sido redise\u00f1ado en turquesa y blanco con un contorno negro, en armon\u00eda con el esquema de colores de toda la camiseta. La caracter\u00edstica m\u00e1s llamativa de la nueva camiseta de visitante de Inter 22 es, sin duda, el gr\u00e1fico, que [...]<\/p>","protected":false},"featured_media":7084,"comment_status":"open","ping_status":"closed","template":"","meta":[],"product_brand":[],"product_cat":[77],"product_tag":[20,21,22,23,24,298,78],"class_list":{"0":"post-7052","1":"product","2":"type-product","3":"status-publish","4":"has-post-thumbnail","6":"product_cat-inter-milan","7":"product_tag-coole-fussballtrikots","8":"product_tag-fussballtrikot-fuer-herren","9":"product_tag-fussballtrikot-guenstig-kaufen","10":"product_tag-fussballtrikot-kurzarm","11":"product_tag-guenstiges-fussballtrikot","12":"product_tag-inter-mailand-22-23-auswaertstrikot","13":"product_tag-inter-milan-trikots","15":"first","16":"instock","17":"shipping-taxable","18":"purchasable","19":"product-type-variable"},"_links":{"self":[{"href":"https:\/\/www.billigtrikotde.com\/es\/wp-json\/wp\/v2\/product\/7052","targetHints":{"allow":["GET"]}}],"collection":[{"href":"https:\/\/www.billigtrikotde.com\/es\/wp-json\/wp\/v2\/product"}],"about":[{"href":"https:\/\/www.billigtrikotde.com\/es\/wp-json\/wp\/v2\/types\/product"}],"replies":[{"embeddable":true,"href":"https:\/\/www.billigtrikotde.com\/es\/wp-json\/wp\/v2\/comments?post=7052"}],"wp:featuredmedia":[{"embeddable":true,"href":"https:\/\/www.billigtrikotde.com\/es\/wp-json\/wp\/v2\/media\/7084"}],"wp:attachment":[{"href":"https:\/\/www.billigtrikotde.com\/es\/wp-json\/wp\/v2\/media?parent=7052"}],"wp:term":[{"taxonomy":"product_brand","embeddable":true,"href":"https:\/\/www.billigtrikotde.com\/es\/wp-json\/wp\/v2\/product_brand?post=7052"},{"taxonomy":"product_cat","embeddable":true,"href":"https:\/\/www.billigtrikotde.com\/es\/wp-json\/wp\/v2\/product_cat?post=7052"},{"taxonomy":"product_tag","embeddable":true,"href":"https:\/\/www.billigtrikotde.com\/es\/wp-json\/wp\/v2\/product_tag?post=7052"}],"curies":[{"name":"wp","href":"https:\/\/api.w.org\/{rel}","templated":true}]}}