{"id":6958,"date":"2024-10-23T18:06:42","date_gmt":"2024-10-23T16:06:42","guid":{"rendered":"http:\/\/billigtrikots.com\/?post_type=product&#038;p=6958"},"modified":"2024-10-23T18:08:50","modified_gmt":"2024-10-23T16:08:50","slug":"herren-inter-mailand-2022-2023-heimtrikot-blau-kurzarm-kurze-hosen","status":"publish","type":"product","link":"https:\/\/www.billigtrikotde.com\/es\/herren-inter-mailand-2022-2023-heimtrikot-blau-kurzarm-kurze-hosen\/","title":{"rendered":"Hombres Inter de Mil\u00e1n 2022-2023 camiseta casa azul manga corta + pantalones cortos"},"content":{"rendered":"<p>La insignia oficial del ganador de la Coppa Italia, la coccarda, est\u00e1 ins\u00f3litamente colocada en la nueva camiseta Nike del Inter de Mil\u00e1n 2022-2023.En Italia, el ganador de la copa nacional (Coppa Italia) tiene derecho a llevar la \"coccarda\" la pr\u00f3xima temporada. La coccarda (escarapela) es una insignia redonda con la famosa tricolor de Italia y se coloca en la parte superior derecha. Sin embargo, no est\u00e1 colocada sim\u00e9tricamente sobre el swoosh, sino desplazada. La raz\u00f3n de esta extra\u00f1a colocaci\u00f3n es probablemente la plantilla con el cuello alto.Hemos hecho dos correcciones en la colocaci\u00f3n de la coccarda. Una sim\u00e9tricamente encima del swoosh, la otra en el centro.<br \/>\nEl reglamento oficial de las equipaciones de la Serie A no estipula la colocaci\u00f3n de la coccarda y el scudetto (escudo del ganador de la Serie A). El Inter puede haber optado por no colocar la coccarda en el centro para evitar confusiones con el scudetto (escudo del ganador de la Serie A), que tradicionalmente se coloca en el centro.En los a\u00f1os en que la Juventus gan\u00f3 tanto la Serie A como la Coppa Italia, un escudo se colocaba sobre el logotipo de Adidas y el otro sobre el escudo.<\/p>\n<p>Consejos para la impresi\u00f3n: Si el nombre y el n\u00famero que aparecen en la imagen son exactamente los que desea, no es necesario que los vuelva a introducir. En caso contrario, deber\u00e1 introducir el nombre y el n\u00famero que desee.<\/p>\n<p>Consejos de lavado: Se recomienda lavar las camisetas de f\u00fatbol a mano. Si desea utilizar la lavadora, recuerde poner las camisetas de f\u00fatbol del rev\u00e9s y luego lavarlas. Llena la lavadora con agua fr\u00eda y utiliza un ciclo delicado para proteger mejor los colores.<\/p>","protected":false},"excerpt":{"rendered":"<p>Auf dem neuen Nike Inter Mailand Trikot 2022-2023 ist das offizielle Abzeichen des Coppa Italia-Siegers, die Coccarda, ungew\u00f6hnlich platziert.In Italien hat der Gewinner des nationalen Pokals (Coppa Italia) das Recht, in der n\u00e4chsten Saison die &#8222;Coccarda&#8220; zu tragen. Die Coccarda (Rosette) ist ein Rundabzeichen in Italiens ber\u00fchmter Trikolore.Die Coccarda ist oben rechts platziert. Allerdings ist [&hellip;]<\/p>","protected":false},"featured_media":6997,"comment_status":"open","ping_status":"closed","template":"","meta":[],"product_brand":[],"product_cat":[77],"product_tag":[20,21,22,23,24,297,78],"class_list":{"0":"post-6958","1":"product","2":"type-product","3":"status-publish","4":"has-post-thumbnail","6":"product_cat-inter-milan","7":"product_tag-coole-fussballtrikots","8":"product_tag-fussballtrikot-fuer-herren","9":"product_tag-fussballtrikot-guenstig-kaufen","10":"product_tag-fussballtrikot-kurzarm","11":"product_tag-guenstiges-fussballtrikot","12":"product_tag-inter-mailand-heimtrikot","13":"product_tag-inter-milan-trikots","15":"first","16":"instock","17":"shipping-taxable","18":"purchasable","19":"product-type-variable"},"_links":{"self":[{"href":"https:\/\/www.billigtrikotde.com\/es\/wp-json\/wp\/v2\/product\/6958","targetHints":{"allow":["GET"]}}],"collection":[{"href":"https:\/\/www.billigtrikotde.com\/es\/wp-json\/wp\/v2\/product"}],"about":[{"href":"https:\/\/www.billigtrikotde.com\/es\/wp-json\/wp\/v2\/types\/product"}],"replies":[{"embeddable":true,"href":"https:\/\/www.billigtrikotde.com\/es\/wp-json\/wp\/v2\/comments?post=6958"}],"wp:featuredmedia":[{"embeddable":true,"href":"https:\/\/www.billigtrikotde.com\/es\/wp-json\/wp\/v2\/media\/6997"}],"wp:attachment":[{"href":"https:\/\/www.billigtrikotde.com\/es\/wp-json\/wp\/v2\/media?parent=6958"}],"wp:term":[{"taxonomy":"product_brand","embeddable":true,"href":"https:\/\/www.billigtrikotde.com\/es\/wp-json\/wp\/v2\/product_brand?post=6958"},{"taxonomy":"product_cat","embeddable":true,"href":"https:\/\/www.billigtrikotde.com\/es\/wp-json\/wp\/v2\/product_cat?post=6958"},{"taxonomy":"product_tag","embeddable":true,"href":"https:\/\/www.billigtrikotde.com\/es\/wp-json\/wp\/v2\/product_tag?post=6958"}],"curies":[{"name":"wp","href":"https:\/\/api.w.org\/{rel}","templated":true}]}}