{"id":6942,"date":"2024-10-23T18:06:04","date_gmt":"2024-10-23T16:06:04","guid":{"rendered":"http:\/\/billigtrikots.com\/?post_type=product&#038;p=6942"},"modified":"2024-10-23T18:07:43","modified_gmt":"2024-10-23T16:07:43","slug":"fussballtrikot-fuer-herren-ac-milan-auswaertstrikot-2022-23-weiss-kurzarm-kurze-hosen-tonali-8","status":"publish","type":"product","link":"https:\/\/www.billigtrikotde.com\/es\/fussballtrikot-fuer-herren-ac-milan-auswaertstrikot-2022-23-weiss-kurzarm-kurze-hosen-tonali-8\/","title":{"rendered":"Camiseta de f\u00fatbol para hombres AC Milan away 2022\/23 blanca manga corta + pantalones TONALI 8"},"content":{"rendered":"<p>La segunda camiseta de f\u00fatbol Puma AC Milan 2022-2023 combina una base blanca con acentos y adornos en tono 'tangorote', devolviendo as\u00ed la variante de color alternativa m\u00e1s ic\u00f3nica del AC Milan.<\/p>\n<p>Consejos para la impresi\u00f3n: Si el nombre y el n\u00famero que aparecen en la imagen son exactamente los que desea, no es necesario que los vuelva a introducir. En caso contrario, deber\u00e1 introducir el nombre y el n\u00famero que desee.<\/p>\n<p>Consejos de lavado: Se recomienda lavar las camisetas de f\u00fatbol a mano. Si desea utilizar la lavadora, recuerde poner las camisetas de f\u00fatbol del rev\u00e9s y luego lavarlas. Llena la lavadora con agua fr\u00eda y utiliza un ciclo delicado para proteger mejor los colores.<\/p>","protected":false},"excerpt":{"rendered":"<p>La segunda camiseta de f\u00fatbol Puma AC Milan 2022-2023 combina una base blanca con acentos y adornos en \u00abtangoroten\u00bb, devolviendo as\u00ed la variante de color alternativa m\u00e1s ic\u00f3nica del AC Milan. Consejos para la impresi\u00f3n: si el nombre y el n\u00famero en la imagen coinciden exactamente con tus deseos, no es necesario que los vuelvas a ingresar. Si no, deber\u00edas [\u2026]<\/p>","protected":false},"featured_media":6975,"comment_status":"open","ping_status":"closed","template":"","meta":[],"product_brand":[],"product_cat":[15],"product_tag":[296,292,293,294,20,21,22,23],"class_list":{"0":"post-6942","1":"product","2":"type-product","3":"status-publish","4":"has-post-thumbnail","6":"product_cat-unkategorisiert","7":"product_tag-ac-milan-auswaertstrikot-2022-23-neues","8":"product_tag-ac-milan-neues-trikot-22-23","9":"product_tag-ac-milan-trikot-bestellen","10":"product_tag-alle-ac-mailand-trikots","11":"product_tag-coole-fussballtrikots","12":"product_tag-fussballtrikot-fuer-herren","13":"product_tag-fussballtrikot-guenstig-kaufen","14":"product_tag-fussballtrikot-kurzarm","16":"first","17":"instock","18":"shipping-taxable","19":"purchasable","20":"product-type-variable"},"_links":{"self":[{"href":"https:\/\/www.billigtrikotde.com\/es\/wp-json\/wp\/v2\/product\/6942","targetHints":{"allow":["GET"]}}],"collection":[{"href":"https:\/\/www.billigtrikotde.com\/es\/wp-json\/wp\/v2\/product"}],"about":[{"href":"https:\/\/www.billigtrikotde.com\/es\/wp-json\/wp\/v2\/types\/product"}],"replies":[{"embeddable":true,"href":"https:\/\/www.billigtrikotde.com\/es\/wp-json\/wp\/v2\/comments?post=6942"}],"wp:featuredmedia":[{"embeddable":true,"href":"https:\/\/www.billigtrikotde.com\/es\/wp-json\/wp\/v2\/media\/6975"}],"wp:attachment":[{"href":"https:\/\/www.billigtrikotde.com\/es\/wp-json\/wp\/v2\/media?parent=6942"}],"wp:term":[{"taxonomy":"product_brand","embeddable":true,"href":"https:\/\/www.billigtrikotde.com\/es\/wp-json\/wp\/v2\/product_brand?post=6942"},{"taxonomy":"product_cat","embeddable":true,"href":"https:\/\/www.billigtrikotde.com\/es\/wp-json\/wp\/v2\/product_cat?post=6942"},{"taxonomy":"product_tag","embeddable":true,"href":"https:\/\/www.billigtrikotde.com\/es\/wp-json\/wp\/v2\/product_tag?post=6942"}],"curies":[{"name":"wp","href":"https:\/\/api.w.org\/{rel}","templated":true}]}}