{"id":6882,"date":"2024-10-23T18:03:14","date_gmt":"2024-10-23T16:03:14","guid":{"rendered":"http:\/\/billigtrikots.com\/?post_type=product&#038;p=6882"},"modified":"2024-10-23T18:04:52","modified_gmt":"2024-10-23T16:04:52","slug":"herren-ac-milan-heimtrikot-2022-23-schwarz-rot-trikotsatz-mit-aufdruck-tonali-8","status":"publish","type":"product","link":"https:\/\/www.billigtrikotde.com\/es\/herren-ac-milan-heimtrikot-2022-23-schwarz-rot-trikotsatz-mit-aufdruck-tonali-8\/","title":{"rendered":"Camiseta de casa de hombre del AC Milan 2022\/23 Negro Rojo Kit con impresi\u00f3n TONALI 8"},"content":{"rendered":"<p>La camiseta de f\u00fatbol Puma Milan 2022-23 combina Puma Negro y Rojo Tango. Estos son los mismos colores que en la \u00faltima temporada, solo que el negro ahora es el color principal y el rojo el color secundario.<\/p>\n<p>Consejos para la impresi\u00f3n: Si el nombre y el n\u00famero que aparecen en la imagen son exactamente los que desea, no es necesario que los vuelva a introducir. En caso contrario, deber\u00e1 introducir el nombre y el n\u00famero que desee.<\/p>\n<p>Consejos de lavado: Se recomienda lavar las camisetas de f\u00fatbol a mano. Si desea utilizar la lavadora, recuerde poner las camisetas de f\u00fatbol del rev\u00e9s y luego lavarlas. Llena la lavadora con agua fr\u00eda y utiliza un ciclo delicado para proteger mejor los colores.<\/p>","protected":false},"excerpt":{"rendered":"<p>La camiseta de f\u00fatbol Puma Milan 2022-23 combina Puma negro y rojo Tango. Son los mismos colores que en la \u00faltima temporada, solo que el negro ahora es el color principal y el rojo el secundario. Consejos para la impresi\u00f3n: si el nombre y el n\u00famero en la imagen coinciden exactamente con tus deseos, no es necesario volver a ingresarlos. Si [\u2026]<\/p>","protected":false},"featured_media":6915,"comment_status":"open","ping_status":"closed","template":"","meta":[],"product_brand":[],"product_cat":[15],"product_tag":[292,293,294,20,21,22,23],"class_list":{"0":"post-6882","1":"product","2":"type-product","3":"status-publish","4":"has-post-thumbnail","6":"product_cat-unkategorisiert","7":"product_tag-ac-milan-neues-trikot-22-23","8":"product_tag-ac-milan-trikot-bestellen","9":"product_tag-alle-ac-mailand-trikots","10":"product_tag-coole-fussballtrikots","11":"product_tag-fussballtrikot-fuer-herren","12":"product_tag-fussballtrikot-guenstig-kaufen","13":"product_tag-fussballtrikot-kurzarm","15":"first","16":"instock","17":"shipping-taxable","18":"purchasable","19":"product-type-variable"},"_links":{"self":[{"href":"https:\/\/www.billigtrikotde.com\/es\/wp-json\/wp\/v2\/product\/6882","targetHints":{"allow":["GET"]}}],"collection":[{"href":"https:\/\/www.billigtrikotde.com\/es\/wp-json\/wp\/v2\/product"}],"about":[{"href":"https:\/\/www.billigtrikotde.com\/es\/wp-json\/wp\/v2\/types\/product"}],"replies":[{"embeddable":true,"href":"https:\/\/www.billigtrikotde.com\/es\/wp-json\/wp\/v2\/comments?post=6882"}],"wp:featuredmedia":[{"embeddable":true,"href":"https:\/\/www.billigtrikotde.com\/es\/wp-json\/wp\/v2\/media\/6915"}],"wp:attachment":[{"href":"https:\/\/www.billigtrikotde.com\/es\/wp-json\/wp\/v2\/media?parent=6882"}],"wp:term":[{"taxonomy":"product_brand","embeddable":true,"href":"https:\/\/www.billigtrikotde.com\/es\/wp-json\/wp\/v2\/product_brand?post=6882"},{"taxonomy":"product_cat","embeddable":true,"href":"https:\/\/www.billigtrikotde.com\/es\/wp-json\/wp\/v2\/product_cat?post=6882"},{"taxonomy":"product_tag","embeddable":true,"href":"https:\/\/www.billigtrikotde.com\/es\/wp-json\/wp\/v2\/product_tag?post=6882"}],"curies":[{"name":"wp","href":"https:\/\/api.w.org\/{rel}","templated":true}]}}