{"id":685,"date":"2024-10-23T12:59:47","date_gmt":"2024-10-23T10:59:47","guid":{"rendered":"http:\/\/billigtrikots.com\/?post_type=product&#038;p=685"},"modified":"2024-10-23T13:01:51","modified_gmt":"2024-10-23T11:01:51","slug":"paris-saint-germain-21-22-stadium-auswaertstrikot-weiss-mit-aufdruck-messi-30-kurze-hosen","status":"publish","type":"product","link":"https:\/\/www.billigtrikotde.com\/es\/paris-saint-germain-21-22-stadium-auswaertstrikot-weiss-mit-aufdruck-messi-30-kurze-hosen\/","title":{"rendered":"Paris Saint Germain 21\/22 Stadium Away Jersey Blanco con estampado MESSI 30 + Shorts"},"content":{"rendered":"<p>Muestra tu lealtad a tu equipo con este ligero modelo en color blanco. Realmente no puedes equivocarte con esta camiseta deportiva de Nike. Como aut\u00e9ntico seguidor del Par\u00eds Saint-Germain, necesitas esta camiseta deportiva. El modelo c\u00f3modo, transpirable, transpirable y ligero convence en toda la l\u00ednea. Es una camiseta que te garantiza impresionar con el escudo del club en el pecho. Con esta camiseta deportiva, estar\u00e1s perfectamente equipado para cada sesi\u00f3n.<\/p>\n<p>Consejos para la impresi\u00f3n: Si el nombre y el n\u00famero que aparecen en la imagen son exactamente los que desea, no es necesario que los vuelva a introducir. En caso contrario, deber\u00e1 introducir el nombre y el n\u00famero que desee.<\/p>\n<p>Consejos de lavado: Se recomienda lavar las camisetas de f\u00fatbol a mano. Si desea utilizar la lavadora, recuerde poner las camisetas de f\u00fatbol del rev\u00e9s y luego lavarlas. Llena la lavadora con agua fr\u00eda y utiliza un ciclo delicado para proteger mejor los colores.<\/p>","protected":false},"excerpt":{"rendered":"<p>Zeige deine Zugeh\u00f6rigkeit zu deinem Team durch das leichte Modell in Wei\u00df. Mit dem Sportshirt aus dem Hause Nike kann man wirklich nichts falsch machen. Als echter Paris Saint-Germain-Fan brauchst du dieses Sportshirt. Das bequeme, atmungsaktive, schwei\u00dfableitende und leichte Modell \u00fcberzeugt auf ganzer Linie. Dies ist ein Shirt, das durch das Vereinswappen auf der Brust [&hellip;]<\/p>","protected":false},"featured_media":715,"comment_status":"open","ping_status":"closed","template":"","meta":[],"product_brand":[],"product_cat":[39],"product_tag":[20,43,21,22,23,24,44,41],"class_list":{"0":"post-685","1":"product","2":"type-product","3":"status-publish","4":"has-post-thumbnail","6":"product_cat-paris-saint-germain","7":"product_tag-coole-fussballtrikots","8":"product_tag-fussballkleidung","9":"product_tag-fussballtrikot-fuer-herren","10":"product_tag-fussballtrikot-guenstig-kaufen","11":"product_tag-fussballtrikot-kurzarm","12":"product_tag-guenstiges-fussballtrikot","13":"product_tag-paris-saint-germain-auswaertstrikot","14":"product_tag-paris-saint-germain-trikots","16":"first","17":"instock","18":"shipping-taxable","19":"purchasable","20":"product-type-variable"},"_links":{"self":[{"href":"https:\/\/www.billigtrikotde.com\/es\/wp-json\/wp\/v2\/product\/685","targetHints":{"allow":["GET"]}}],"collection":[{"href":"https:\/\/www.billigtrikotde.com\/es\/wp-json\/wp\/v2\/product"}],"about":[{"href":"https:\/\/www.billigtrikotde.com\/es\/wp-json\/wp\/v2\/types\/product"}],"replies":[{"embeddable":true,"href":"https:\/\/www.billigtrikotde.com\/es\/wp-json\/wp\/v2\/comments?post=685"}],"wp:featuredmedia":[{"embeddable":true,"href":"https:\/\/www.billigtrikotde.com\/es\/wp-json\/wp\/v2\/media\/715"}],"wp:attachment":[{"href":"https:\/\/www.billigtrikotde.com\/es\/wp-json\/wp\/v2\/media?parent=685"}],"wp:term":[{"taxonomy":"product_brand","embeddable":true,"href":"https:\/\/www.billigtrikotde.com\/es\/wp-json\/wp\/v2\/product_brand?post=685"},{"taxonomy":"product_cat","embeddable":true,"href":"https:\/\/www.billigtrikotde.com\/es\/wp-json\/wp\/v2\/product_cat?post=685"},{"taxonomy":"product_tag","embeddable":true,"href":"https:\/\/www.billigtrikotde.com\/es\/wp-json\/wp\/v2\/product_tag?post=685"}],"curies":[{"name":"wp","href":"https:\/\/api.w.org\/{rel}","templated":true}]}}