{"id":6791,"date":"2024-10-23T17:58:39","date_gmt":"2024-10-23T15:58:39","guid":{"rendered":"http:\/\/billigtrikots.com\/?post_type=product&#038;p=6791"},"modified":"2025-10-16T16:03:49","modified_gmt":"2025-10-16T14:03:49","slug":"herren-real-madrid-2022-2023-auswaertstrikots-kurzarm-online-bestellen","status":"publish","type":"product","link":"https:\/\/www.billigtrikotde.com\/es\/herren-real-madrid-2022-2023-auswaertstrikots-kurzarm-online-bestellen\/","title":{"rendered":"Hombres Real Madrid 2022-2023 Away Camisetas de manga corta Ordenar en l\u00ednea"},"content":{"rendered":"<p>La camiseta visitante del Real Madrid CF 22-23 es de color \"Light Purple\". P\u00farpura claro es el mismo color p\u00farpura que tambi\u00e9n se utiliza para la camiseta del Real Madrid 22-23. El color en s\u00ed es un morado claro bastante p\u00e1lido. Descubre la camiseta visitante del Real Madrid 2022\/2023. Luce con orgullo los colores merengues en el campo o al aire libre.Una camiseta flexible y ligera con tecnolog\u00eda Adidas Aeroready, una prenda que evita que el sudor se filtre en tu juego o entrenamiento. Mantente seco despu\u00e9s de tus aceleraciones.<\/p>\n<p>Consejos para la impresi\u00f3n: Si el nombre y el n\u00famero que aparecen en la imagen son exactamente los que desea, no es necesario que los vuelva a introducir. En caso contrario, deber\u00e1 introducir el nombre y el n\u00famero que desee.<\/p>\n<p>Consejos de lavado: Se recomienda lavar las camisetas de f\u00fatbol a mano. Si desea utilizar la lavadora, recuerde poner las camisetas de f\u00fatbol del rev\u00e9s y luego lavarlas. Llena la lavadora con agua fr\u00eda y utiliza un ciclo delicado para proteger mejor los colores.<\/p>","protected":false},"excerpt":{"rendered":"<p>Das Real Madrid CF 22-23 Ausw\u00e4rtstrikot ist &#8222;Light Purple&#8220;. Light Purple ist das gleiche Lila, das auch f\u00fcr das Trikot von Real Madrid 22-23 verwendet wird. Die Farbe selbst ist ein eher blasses, helles Lila. Entdecke das Real Madrid 2022\/2023 Ausw\u00e4rtstrikot. Tragen Sie stolz die Merengue-Farben auf dem Rasen oder im Freien.Ein flexibles und leichtes [&hellip;]<\/p>","protected":false},"featured_media":6829,"comment_status":"open","ping_status":"closed","template":"","meta":[],"product_brand":[],"product_cat":[45],"product_tag":[20,38,21,228,24,291,271,267,47,268],"class_list":{"0":"post-6791","1":"product","2":"type-product","3":"status-publish","4":"has-post-thumbnail","6":"product_cat-real-madrid","7":"product_tag-coole-fussballtrikots","8":"product_tag-fussball-trikot-langarm","9":"product_tag-fussballtrikot-fuer-herren","10":"product_tag-guenstige-fussballtrikot","11":"product_tag-guenstiges-fussballtrikot","12":"product_tag-real-madrid-2022-2023-auswaertstrikots","13":"product_tag-real-madrid-trikot-herren-guenstig","14":"product_tag-real-madrid-trikot-langarm-herren","15":"product_tag-real-madrid-trikots","16":"product_tag-real-madrid-trikots-22-23","18":"first","19":"instock","20":"shipping-taxable","21":"purchasable","22":"product-type-variable"},"_links":{"self":[{"href":"https:\/\/www.billigtrikotde.com\/es\/wp-json\/wp\/v2\/product\/6791","targetHints":{"allow":["GET"]}}],"collection":[{"href":"https:\/\/www.billigtrikotde.com\/es\/wp-json\/wp\/v2\/product"}],"about":[{"href":"https:\/\/www.billigtrikotde.com\/es\/wp-json\/wp\/v2\/types\/product"}],"replies":[{"embeddable":true,"href":"https:\/\/www.billigtrikotde.com\/es\/wp-json\/wp\/v2\/comments?post=6791"}],"wp:featuredmedia":[{"embeddable":true,"href":"https:\/\/www.billigtrikotde.com\/es\/wp-json\/wp\/v2\/media\/6829"}],"wp:attachment":[{"href":"https:\/\/www.billigtrikotde.com\/es\/wp-json\/wp\/v2\/media?parent=6791"}],"wp:term":[{"taxonomy":"product_brand","embeddable":true,"href":"https:\/\/www.billigtrikotde.com\/es\/wp-json\/wp\/v2\/product_brand?post=6791"},{"taxonomy":"product_cat","embeddable":true,"href":"https:\/\/www.billigtrikotde.com\/es\/wp-json\/wp\/v2\/product_cat?post=6791"},{"taxonomy":"product_tag","embeddable":true,"href":"https:\/\/www.billigtrikotde.com\/es\/wp-json\/wp\/v2\/product_tag?post=6791"}],"curies":[{"name":"wp","href":"https:\/\/api.w.org\/{rel}","templated":true}]}}