{"id":6759,"date":"2024-10-23T17:56:53","date_gmt":"2024-10-23T15:56:53","guid":{"rendered":"http:\/\/billigtrikots.com\/?post_type=product&#038;p=6759"},"modified":"2024-10-23T17:59:03","modified_gmt":"2024-10-23T15:59:03","slug":"neuen-paris-saint-germain-psg-fuer-die-saison-22-23-herren-heimtrikot-mit-aufdruck-mbappe-7","status":"publish","type":"product","link":"https:\/\/www.billigtrikotde.com\/es\/neuen-paris-saint-germain-psg-fuer-die-saison-22-23-herren-heimtrikot-mit-aufdruck-mbappe-7\/","title":{"rendered":"Nueva camiseta de Paris Saint Germain PSG para la temporada 22-23 camiseta local para hombre con impresi\u00f3n MBAPP\u00c9 7"},"content":{"rendered":"<p>Despu\u00e9s de la camiseta lisa 21-22, la camiseta Nike PSG 2022-23 es azul con una franja central blanca rodeada de franjas rojas m\u00e1s finas - un Hechter inverso, si se quiere. La espalda es azul liso y los logotipos de la camiseta del Par\u00eds Saint-Germain 22-23 est\u00e1n centrados, con el Swoosh debajo del escudo del club.<\/p>\n<p>Consejos para la impresi\u00f3n: Si el nombre y el n\u00famero que aparecen en la imagen son exactamente los que desea, no es necesario que los vuelva a introducir. En caso contrario, deber\u00e1 introducir el nombre y el n\u00famero que desee.<\/p>\n<p>Consejos de lavado: Se recomienda lavar las camisetas de f\u00fatbol a mano. Si desea utilizar la lavadora, recuerde poner las camisetas de f\u00fatbol del rev\u00e9s y luego lavarlas. Llena la lavadora con agua fr\u00eda y utiliza un ciclo delicado para proteger mejor los colores.<\/p>","protected":false},"excerpt":{"rendered":"<p>Despu\u00e9s de la camiseta lisa 21-22, la camiseta Nike PSG 2022-23 es azul con una franja central blanca rodeada de franjas rojas m\u00e1s finas - un Hechter inverso, si se quiere. La espalda es azul liso y los logotipos de la camiseta del Par\u00eds Saint-Germain 22-23 est\u00e1n centrados, con el Swoosh debajo del escudo del club.<\/p>","protected":false},"featured_media":6797,"comment_status":"open","ping_status":"closed","template":"","meta":[],"product_brand":[],"product_cat":[39],"product_tag":[286,20,43,21,22,23,24,44,41,244,290],"class_list":{"0":"post-6759","1":"product","2":"type-product","3":"status-publish","4":"has-post-thumbnail","6":"product_cat-paris-saint-germain","7":"product_tag-alle-neuen-psg-trikots","8":"product_tag-coole-fussballtrikots","9":"product_tag-fussballkleidung","10":"product_tag-fussballtrikot-fuer-herren","11":"product_tag-fussballtrikot-guenstig-kaufen","12":"product_tag-fussballtrikot-kurzarm","13":"product_tag-guenstiges-fussballtrikot","14":"product_tag-paris-saint-germain-auswaertstrikot","15":"product_tag-paris-saint-germain-trikots","16":"product_tag-psg-trikot-2022-23","17":"product_tag-psg-trikot-2022-23-fussballtrikots","19":"first","20":"instock","21":"shipping-taxable","22":"purchasable","23":"product-type-variable"},"_links":{"self":[{"href":"https:\/\/www.billigtrikotde.com\/es\/wp-json\/wp\/v2\/product\/6759","targetHints":{"allow":["GET"]}}],"collection":[{"href":"https:\/\/www.billigtrikotde.com\/es\/wp-json\/wp\/v2\/product"}],"about":[{"href":"https:\/\/www.billigtrikotde.com\/es\/wp-json\/wp\/v2\/types\/product"}],"replies":[{"embeddable":true,"href":"https:\/\/www.billigtrikotde.com\/es\/wp-json\/wp\/v2\/comments?post=6759"}],"wp:featuredmedia":[{"embeddable":true,"href":"https:\/\/www.billigtrikotde.com\/es\/wp-json\/wp\/v2\/media\/6797"}],"wp:attachment":[{"href":"https:\/\/www.billigtrikotde.com\/es\/wp-json\/wp\/v2\/media?parent=6759"}],"wp:term":[{"taxonomy":"product_brand","embeddable":true,"href":"https:\/\/www.billigtrikotde.com\/es\/wp-json\/wp\/v2\/product_brand?post=6759"},{"taxonomy":"product_cat","embeddable":true,"href":"https:\/\/www.billigtrikotde.com\/es\/wp-json\/wp\/v2\/product_cat?post=6759"},{"taxonomy":"product_tag","embeddable":true,"href":"https:\/\/www.billigtrikotde.com\/es\/wp-json\/wp\/v2\/product_tag?post=6759"}],"curies":[{"name":"wp","href":"https:\/\/api.w.org\/{rel}","templated":true}]}}