{"id":6729,"date":"2024-10-23T17:55:17","date_gmt":"2024-10-23T15:55:17","guid":{"rendered":"http:\/\/billigtrikots.com\/?post_type=product&#038;p=6729"},"modified":"2024-10-23T17:57:54","modified_gmt":"2024-10-23T15:57:54","slug":"herren-usa-heimtrikot-wm-2022-weiss-schwarz-trikotsatz-kurzarm-kurze-hosen-press-23","status":"publish","type":"product","link":"https:\/\/www.billigtrikotde.com\/es\/herren-usa-heimtrikot-wm-2022-weiss-schwarz-trikotsatz-kurzarm-kurze-hosen-press-23\/","title":{"rendered":"Camiseta de casa de EE.UU. para hombre Copa Mundial 2022 Blanco Negro Kit Manga Corta + Pantalones Cortos PRESS 23"},"content":{"rendered":"<p>La camiseta Nike United States 2022 combina los colores m\u00e1s tradicionales de la selecci\u00f3n de f\u00fatbol de Estados Unidos: el blanco y el azul marino. Los colores oficiales son \"White \/ Loyal Blue\".<\/p>\n<p>La caracter\u00edstica especial de la camiseta Nike de EE UU para la Copa Mundial 2022 es la probable colocaci\u00f3n de los Swooshes. En lugar del logotipo de Nike en la parte delantera, los Swooshes probablemente se ver\u00e1n en las mangas.<\/p>\n<p>Es el mismo estilo de logotipo que conocemos de la NFL. Nunca antes se hab\u00eda utilizado en una camiseta de f\u00fatbol de Nike.<\/p>\n<p>El n\u00famero de la parte delantera estar\u00eda en el lado opuesto del escudo de US Soccer.<\/p>\n<p>Consejos para la impresi\u00f3n: Si el nombre y el n\u00famero que aparecen en la imagen son exactamente los que desea, no es necesario que los vuelva a introducir. En caso contrario, deber\u00e1 introducir el nombre y el n\u00famero que desee.<\/p>\n<p>Consejos de lavado: Se recomienda lavar las camisetas de f\u00fatbol a mano. Si desea utilizar la lavadora, recuerde poner las camisetas de f\u00fatbol del rev\u00e9s y luego lavarlas. Llena la lavadora con agua fr\u00eda y utiliza un ciclo delicado para proteger mejor los colores.<\/p>","protected":false},"excerpt":{"rendered":"<p>La camiseta de Espa\u00f1a 2022 de Nike combina los colores m\u00e1s tradicionales del equipo de f\u00fatbol de Espa\u00f1a: blanco y azul marino. Oficialmente, los colores son \u00abWhite \/ Loyal Blue\u00bb. Lo especial de la camiseta del Mundial 2022 de Nike Espa\u00f1a es la probable colocaci\u00f3n del swoosh. En lugar del logotipo de Nike en la parte frontal, los swooshes probablemente estar\u00e1n en las mangas [...]<\/p>","protected":false},"featured_media":6764,"comment_status":"open","ping_status":"closed","template":"","meta":[],"product_brand":[],"product_cat":[245],"product_tag":[20,43,21,22,23,24,246,287,247,248,249,250,288],"class_list":{"0":"post-6729","1":"product","2":"type-product","3":"status-publish","4":"has-post-thumbnail","6":"product_cat-usa-trikots","7":"product_tag-coole-fussballtrikots","8":"product_tag-fussballkleidung","9":"product_tag-fussballtrikot-fuer-herren","10":"product_tag-fussballtrikot-guenstig-kaufen","11":"product_tag-fussballtrikot-kurzarm","12":"product_tag-guenstiges-fussballtrikot","13":"product_tag-united-states-2022-trikot","14":"product_tag-united-states-heimtrikot","15":"product_tag-usa-fussball-shop","16":"product_tag-usa-fussball-trikot","17":"product_tag-usa-nationalmannschaft","18":"product_tag-usa-trikot-herren","19":"product_tag-usa-trikots","21":"first","22":"instock","23":"shipping-taxable","24":"purchasable","25":"product-type-variable"},"_links":{"self":[{"href":"https:\/\/www.billigtrikotde.com\/es\/wp-json\/wp\/v2\/product\/6729","targetHints":{"allow":["GET"]}}],"collection":[{"href":"https:\/\/www.billigtrikotde.com\/es\/wp-json\/wp\/v2\/product"}],"about":[{"href":"https:\/\/www.billigtrikotde.com\/es\/wp-json\/wp\/v2\/types\/product"}],"replies":[{"embeddable":true,"href":"https:\/\/www.billigtrikotde.com\/es\/wp-json\/wp\/v2\/comments?post=6729"}],"wp:featuredmedia":[{"embeddable":true,"href":"https:\/\/www.billigtrikotde.com\/es\/wp-json\/wp\/v2\/media\/6764"}],"wp:attachment":[{"href":"https:\/\/www.billigtrikotde.com\/es\/wp-json\/wp\/v2\/media?parent=6729"}],"wp:term":[{"taxonomy":"product_brand","embeddable":true,"href":"https:\/\/www.billigtrikotde.com\/es\/wp-json\/wp\/v2\/product_brand?post=6729"},{"taxonomy":"product_cat","embeddable":true,"href":"https:\/\/www.billigtrikotde.com\/es\/wp-json\/wp\/v2\/product_cat?post=6729"},{"taxonomy":"product_tag","embeddable":true,"href":"https:\/\/www.billigtrikotde.com\/es\/wp-json\/wp\/v2\/product_tag?post=6729"}],"curies":[{"name":"wp","href":"https:\/\/api.w.org\/{rel}","templated":true}]}}