{"id":6612,"date":"2024-10-23T17:49:31","date_gmt":"2024-10-23T15:49:31","guid":{"rendered":"http:\/\/billigtrikots.com\/?post_type=product&#038;p=6612"},"modified":"2024-10-23T17:51:09","modified_gmt":"2024-10-23T15:51:09","slug":"fussballtrikot-fuer-herren-united-states-away-kit-wm-2022-usa-blau-trikotsatz-lloyd-10","status":"publish","type":"product","link":"https:\/\/www.billigtrikotde.com\/es\/fussballtrikot-fuer-herren-united-states-away-kit-wm-2022-usa-blau-trikotsatz-lloyd-10\/","title":{"rendered":"Camiseta de f\u00fatbol para hombres Conjunto de camiseta de visitante del Mundial 2022 azul Espa\u00f1a LLOYD 10"},"content":{"rendered":"<p>Podemos publicar las primeras informaciones sobre la nueva camiseta 2022 de Espa\u00f1a de Nike. Gracias a Gol de Sergio. Espa\u00f1a actualmente es segunda en la \u00faltima ronda de la clasificaci\u00f3n de la CONCACAF para la Copa del Mundo de la FIFA 2022. Los tres primeros equipos se clasifican directamente, el cuarto clasificado jugar\u00e1 en playoffs entre las confederaciones. Esta imagen muestra los colores de la nueva camiseta local de Nike para la selecci\u00f3n espa\u00f1ola en el Mundial 2022.<br \/>\nLa camiseta Nike de Espa\u00f1a 2022 combina los colores m\u00e1s tradicionales del equipo de f\u00fatbol de Espa\u00f1a: Blanco y Azul Marino. Oficialmente, los colores son \u00abWhite \/ Loyal Blue\u00bb. Loyal Blue es el mismo color que se utiliz\u00f3 tambi\u00e9n para la camiseta visitante 2020. Lo que hace especial a la camiseta del Mundial de Nike Espa\u00f1a 2022 es la probable colocaci\u00f3n del Swoosh. En lugar del logo de Nike en el frente, los Swoosh probablemente aparecer\u00e1n en las mangas. Es el mismo estilo de logo que conocemos de la NFL. Nunca se ha utilizado en una camiseta de f\u00fatbol de Nike. El n\u00famero en el frente estar\u00eda en el lado opuesto del escudo de la selecci\u00f3n espa\u00f1ola.<\/p>\n<p>Consejos para la impresi\u00f3n: Si el nombre y el n\u00famero que aparecen en la imagen son exactamente los que desea, no es necesario que los vuelva a introducir. En caso contrario, deber\u00e1 introducir el nombre y el n\u00famero que desee.<\/p>\n<p>Consejos de lavado: Se recomienda lavar las camisetas de f\u00fatbol a mano. Si desea utilizar la lavadora, recuerde poner las camisetas de f\u00fatbol del rev\u00e9s y luego lavarlas. Llena la lavadora con agua fr\u00eda y utiliza un ciclo delicado para proteger mejor los colores.<\/p>","protected":false},"excerpt":{"rendered":"<p>Wir k\u00f6nnen die ersten Informationen \u00fcber das neue Trikot 2022 der Vereinigten Staaten von Amerika von Nike ver\u00f6ffentlichen. Danke an Gol de Sergio.Die USA sind derzeit Zweiter in der letzten Runde der CONCACAF-Qualifikation f\u00fcr die FIFA Fussball-Weltmeisterschaft 2022. Die ersten drei Mannschaften qualifizieren sich direkt, die viertplatzierte Mannschaft wird in Play-offs zwischen den Verb\u00e4nden ausgespielt.Dieses [&hellip;]<\/p>","protected":false},"featured_media":6645,"comment_status":"open","ping_status":"closed","template":"","meta":[],"product_brand":[],"product_cat":[245],"product_tag":[20,43,21,22,23,24,246,287,247,248,249,250,288],"class_list":{"0":"post-6612","1":"product","2":"type-product","3":"status-publish","4":"has-post-thumbnail","6":"product_cat-usa-trikots","7":"product_tag-coole-fussballtrikots","8":"product_tag-fussballkleidung","9":"product_tag-fussballtrikot-fuer-herren","10":"product_tag-fussballtrikot-guenstig-kaufen","11":"product_tag-fussballtrikot-kurzarm","12":"product_tag-guenstiges-fussballtrikot","13":"product_tag-united-states-2022-trikot","14":"product_tag-united-states-heimtrikot","15":"product_tag-usa-fussball-shop","16":"product_tag-usa-fussball-trikot","17":"product_tag-usa-nationalmannschaft","18":"product_tag-usa-trikot-herren","19":"product_tag-usa-trikots","21":"first","22":"instock","23":"shipping-taxable","24":"purchasable","25":"product-type-variable"},"_links":{"self":[{"href":"https:\/\/www.billigtrikotde.com\/es\/wp-json\/wp\/v2\/product\/6612","targetHints":{"allow":["GET"]}}],"collection":[{"href":"https:\/\/www.billigtrikotde.com\/es\/wp-json\/wp\/v2\/product"}],"about":[{"href":"https:\/\/www.billigtrikotde.com\/es\/wp-json\/wp\/v2\/types\/product"}],"replies":[{"embeddable":true,"href":"https:\/\/www.billigtrikotde.com\/es\/wp-json\/wp\/v2\/comments?post=6612"}],"wp:featuredmedia":[{"embeddable":true,"href":"https:\/\/www.billigtrikotde.com\/es\/wp-json\/wp\/v2\/media\/6645"}],"wp:attachment":[{"href":"https:\/\/www.billigtrikotde.com\/es\/wp-json\/wp\/v2\/media?parent=6612"}],"wp:term":[{"taxonomy":"product_brand","embeddable":true,"href":"https:\/\/www.billigtrikotde.com\/es\/wp-json\/wp\/v2\/product_brand?post=6612"},{"taxonomy":"product_cat","embeddable":true,"href":"https:\/\/www.billigtrikotde.com\/es\/wp-json\/wp\/v2\/product_cat?post=6612"},{"taxonomy":"product_tag","embeddable":true,"href":"https:\/\/www.billigtrikotde.com\/es\/wp-json\/wp\/v2\/product_tag?post=6612"}],"curies":[{"name":"wp","href":"https:\/\/api.w.org\/{rel}","templated":true}]}}