{"id":6534,"date":"2024-10-23T17:45:33","date_gmt":"2024-10-23T15:45:33","guid":{"rendered":"http:\/\/billigtrikots.com\/?post_type=product&#038;p=6534"},"modified":"2024-10-23T17:47:41","modified_gmt":"2024-10-23T15:47:41","slug":"kinder-paris-saint-germain-psg-heimtrikots-2022-2023-blau-trikotsatz-kaufen-mbappe-7","status":"publish","type":"product","link":"https:\/\/www.billigtrikotde.com\/es\/kinder-paris-saint-germain-psg-heimtrikots-2022-2023-blau-trikotsatz-kaufen-mbappe-7\/","title":{"rendered":"Ni\u00f1os Paris Saint Germain PSG Home Shirts 2022-2023 Azul Kits Comprar MBAPP\u00c9 7"},"content":{"rendered":"<p>Despu\u00e9s del uniforme de un solo color de 21-22, la camiseta de Nike PSG 2022-23 es azul con una franja central blanca, rodeada por franjas rojas m\u00e1s delgadas. La parte trasera es de color azul uniforme.<\/p>\n<p>Consejos para la impresi\u00f3n: Si el nombre y el n\u00famero que aparecen en la imagen son exactamente los que desea, no es necesario que los vuelva a introducir. En caso contrario, deber\u00e1 introducir el nombre y el n\u00famero que desee.<\/p>\n<p>Consejos de lavado: Se recomienda lavar las camisetas de f\u00fatbol a mano. Si desea utilizar la lavadora, recuerde poner las camisetas de f\u00fatbol del rev\u00e9s y luego lavarlas. Llena la lavadora con agua fr\u00eda y utiliza un ciclo delicado para proteger mejor los colores.<\/p>","protected":false},"excerpt":{"rendered":"<p>Despu\u00e9s de la camiseta lisa de 21-22, la camiseta Nike PSG 2022-23 es azul con una franja central blanca, rodeada por franjas rojas m\u00e1s delgadas; un helic\u00f3ptero invertido, por as\u00ed decir. La parte de atr\u00e1s es lisa azul. Consejos para imprimir: si el nombre y el n\u00famero en la imagen coinciden exactamente con sus deseos, debe usted [\u2026]<\/p>","protected":false},"featured_media":6572,"comment_status":"open","ping_status":"closed","template":"","meta":[],"product_brand":[],"product_cat":[160],"product_tag":[20,43,21,22,23,24,284,285,41],"class_list":{"0":"post-6534","1":"product","2":"type-product","3":"status-publish","4":"has-post-thumbnail","6":"product_cat-paris-saint-germain-kindertrikot","7":"product_tag-coole-fussballtrikots","8":"product_tag-fussballkleidung","9":"product_tag-fussballtrikot-fuer-herren","10":"product_tag-fussballtrikot-guenstig-kaufen","11":"product_tag-fussballtrikot-kurzarm","12":"product_tag-guenstiges-fussballtrikot","13":"product_tag-neuen-fussballtrikots","14":"product_tag-paris-saint-germain-heimtrikots-2022-2023","15":"product_tag-paris-saint-germain-trikots","17":"first","18":"instock","19":"shipping-taxable","20":"purchasable","21":"product-type-variable"},"_links":{"self":[{"href":"https:\/\/www.billigtrikotde.com\/es\/wp-json\/wp\/v2\/product\/6534","targetHints":{"allow":["GET"]}}],"collection":[{"href":"https:\/\/www.billigtrikotde.com\/es\/wp-json\/wp\/v2\/product"}],"about":[{"href":"https:\/\/www.billigtrikotde.com\/es\/wp-json\/wp\/v2\/types\/product"}],"replies":[{"embeddable":true,"href":"https:\/\/www.billigtrikotde.com\/es\/wp-json\/wp\/v2\/comments?post=6534"}],"wp:featuredmedia":[{"embeddable":true,"href":"https:\/\/www.billigtrikotde.com\/es\/wp-json\/wp\/v2\/media\/6572"}],"wp:attachment":[{"href":"https:\/\/www.billigtrikotde.com\/es\/wp-json\/wp\/v2\/media?parent=6534"}],"wp:term":[{"taxonomy":"product_brand","embeddable":true,"href":"https:\/\/www.billigtrikotde.com\/es\/wp-json\/wp\/v2\/product_brand?post=6534"},{"taxonomy":"product_cat","embeddable":true,"href":"https:\/\/www.billigtrikotde.com\/es\/wp-json\/wp\/v2\/product_cat?post=6534"},{"taxonomy":"product_tag","embeddable":true,"href":"https:\/\/www.billigtrikotde.com\/es\/wp-json\/wp\/v2\/product_tag?post=6534"}],"curies":[{"name":"wp","href":"https:\/\/api.w.org\/{rel}","templated":true}]}}