{"id":6492,"date":"2024-10-23T17:43:49","date_gmt":"2024-10-23T15:43:49","guid":{"rendered":"http:\/\/billigtrikots.com\/?post_type=product&#038;p=6492"},"modified":"2024-10-23T17:45:25","modified_gmt":"2024-10-23T15:45:25","slug":"ronaldinho-10-fc-barcelona-2022-23-home-kit-heimtrikot-kurzarm-fuer-herren","status":"publish","type":"product","link":"https:\/\/www.billigtrikotde.com\/es\/ronaldinho-10-fc-barcelona-2022-23-home-kit-heimtrikot-kurzarm-fuer-herren\/","title":{"rendered":"RONALDINHO 10 FC Barcelona 2022\/23 Home Kit Camiseta de casa Manga corta para hombres"},"content":{"rendered":"<p>La camiseta de local del FC Barcelona 2022-23 presenta un aspecto elegante y a\u00f1ade las tradicionales franjas azulgranas en azul oscuro. Las mangas y el cuello de la camiseta Barcelona 22-23 son de color azul oscuro uniforme, mientras que la parte frontal presenta franjas bastante anchas en azul oscuro, azul real y rojo. El nombre oficial del azul oscuro utilizado en la camiseta es \u00abObsidiana\u00bb, que tambi\u00e9n es el color de los logotipos en la camiseta visitante dorada.<br \/>\nLa camiseta de local del Barcelona 2022\/23 a\u00f1ade dos franjas verticales en azul oscuro a las ic\u00f3nicas franjas azul real y rojas del club. Los colores de la bandera catalana est\u00e1n colocados en su cuello. Por primera vez, para el excampe\u00f3n de Europa, se utiliza un bloque azul marino para la parte superior del pecho, los hombros y la manga.<\/p>\n<p>Consejos para la impresi\u00f3n: Si el nombre y el n\u00famero que aparecen en la imagen son exactamente los que desea, no es necesario que los vuelva a introducir. En caso contrario, deber\u00e1 introducir el nombre y el n\u00famero que desee.<\/p>\n<p>Consejos de lavado: Se recomienda lavar las camisetas de f\u00fatbol a mano. Si desea utilizar la lavadora, recuerde poner las camisetas de f\u00fatbol del rev\u00e9s y luego lavarlas. Llena la lavadora con agua fr\u00eda y utiliza un ciclo delicado para proteger mejor los colores.<\/p>","protected":false},"excerpt":{"rendered":"<p>La camiseta de casa del FC Barcelona 2022-23 presenta un aspecto elegante y a\u00f1ade la tradicional franja blaugrana en azul oscuro. Las mangas y el cuello de la camiseta Barcelona 22-23 son de color azul oscuro uniforme, mientras que la parte frontal presenta franjas bastante anchas en azul oscuro, azul real y rojo. El nombre oficial del azul oscuro utilizado en la camiseta es \u00abObsidiana\u00bb, que tambi\u00e9n es la [\u2026]<\/p>","protected":false},"featured_media":6525,"comment_status":"open","ping_status":"closed","template":"","meta":[],"product_brand":[],"product_cat":[31],"product_tag":[20,282,283,33,21,22,23,24],"class_list":{"0":"post-6492","1":"product","2":"type-product","3":"status-publish","4":"has-post-thumbnail","6":"product_cat-fc-barcelona","7":"product_tag-coole-fussballtrikots","8":"product_tag-fc-barcelona-2022-23-trikots","9":"product_tag-fc-barcelona-22-23-auswaertstrikot","10":"product_tag-fc-barcelona-trikots","11":"product_tag-fussballtrikot-fuer-herren","12":"product_tag-fussballtrikot-guenstig-kaufen","13":"product_tag-fussballtrikot-kurzarm","14":"product_tag-guenstiges-fussballtrikot","16":"first","17":"instock","18":"shipping-taxable","19":"purchasable","20":"product-type-variable"},"_links":{"self":[{"href":"https:\/\/www.billigtrikotde.com\/es\/wp-json\/wp\/v2\/product\/6492","targetHints":{"allow":["GET"]}}],"collection":[{"href":"https:\/\/www.billigtrikotde.com\/es\/wp-json\/wp\/v2\/product"}],"about":[{"href":"https:\/\/www.billigtrikotde.com\/es\/wp-json\/wp\/v2\/types\/product"}],"replies":[{"embeddable":true,"href":"https:\/\/www.billigtrikotde.com\/es\/wp-json\/wp\/v2\/comments?post=6492"}],"wp:featuredmedia":[{"embeddable":true,"href":"https:\/\/www.billigtrikotde.com\/es\/wp-json\/wp\/v2\/media\/6525"}],"wp:attachment":[{"href":"https:\/\/www.billigtrikotde.com\/es\/wp-json\/wp\/v2\/media?parent=6492"}],"wp:term":[{"taxonomy":"product_brand","embeddable":true,"href":"https:\/\/www.billigtrikotde.com\/es\/wp-json\/wp\/v2\/product_brand?post=6492"},{"taxonomy":"product_cat","embeddable":true,"href":"https:\/\/www.billigtrikotde.com\/es\/wp-json\/wp\/v2\/product_cat?post=6492"},{"taxonomy":"product_tag","embeddable":true,"href":"https:\/\/www.billigtrikotde.com\/es\/wp-json\/wp\/v2\/product_tag?post=6492"}],"curies":[{"name":"wp","href":"https:\/\/api.w.org\/{rel}","templated":true}]}}